{"id":5011,"date":"2026-01-28T12:19:38","date_gmt":"2026-01-28T12:19:38","guid":{"rendered":"https:\/\/shop.ahlmann.nl\/product\/desodorisants-a-suspendre\/"},"modified":"2026-01-28T12:27:33","modified_gmt":"2026-01-28T12:27:33","slug":"desodorisants-a-suspendre","status":"publish","type":"product","link":"https:\/\/shop.ahlmann.nl\/fr\/produit\/desodorisants-a-suspendre\/","title":{"rendered":"D\u00e9sodorisants \u00e0 suspendre"},"content":{"rendered":"<p>Parfum: Vanille<\/p>\n<p>Machines: Ahlmann \/ MCR \/ MWR<\/p>\n","protected":false},"excerpt":{"rendered":"<p data-path-to-node=\"1\">Rafra\u00eechissez votre cabine avec nos nouveaux d\u00e9sodorisants cartoon \u00e0 suspendre ! Ces d\u00e9sodorisants exclusifs ont un agr\u00e9able <b data-path-to-node=\"1\" data-index-in-node=\"100\">parfum de vanille<\/b> et sont imprim\u00e9s <b data-path-to-node=\"1\" data-index-in-node=\"120\">en recto verso (en miroir)<\/b>, de sorte que la machine soit toujours bien visible des deux c\u00f4t\u00e9s. <\/p>\n<p data-path-to-node=\"2\">Choisissez votre mod\u00e8le pr\u00e9f\u00e9r\u00e9 :<\/p>\n<ul data-path-to-node=\"3\">\n<li>\n<p data-path-to-node=\"3,0,0\"><b data-path-to-node=\"3,0,0\" data-index-in-node=\"0\">Ahlmann<\/b><\/p>\n<\/li>\n<li>\n<p data-path-to-node=\"3,1,0\"><b data-path-to-node=\"3,1,0\" data-index-in-node=\"0\">Mecalac MCR<\/b><\/p>\n<\/li>\n<li>\n<p data-path-to-node=\"3,2,0\"><b data-path-to-node=\"3,2,0\" data-index-in-node=\"0\">Mecalac MWR<\/b><\/p>\n<\/li>\n<\/ul>\n<p><img loading=\"lazy\" decoding=\"async\" class=\"alignnone size-medium wp-image-5009\" src=\"https:\/\/shop.ahlmann.nl\/wp-content\/uploads\/2026\/01\/IMG_0790-225x300.png\" alt=\"\" width=\"225\" height=\"300\" srcset=\"https:\/\/shop.ahlmann.nl\/wp-content\/uploads\/2026\/01\/IMG_0790-225x300.png 225w, https:\/\/shop.ahlmann.nl\/wp-content\/uploads\/2026\/01\/IMG_0790-768x1024.png 768w, https:\/\/shop.ahlmann.nl\/wp-content\/uploads\/2026\/01\/IMG_0790-1152x1536.png 1152w, https:\/\/shop.ahlmann.nl\/wp-content\/uploads\/2026\/01\/IMG_0790-1536x2048.png 1536w, https:\/\/shop.ahlmann.nl\/wp-content\/uploads\/2026\/01\/IMG_0790-510x680.png 510w, https:\/\/shop.ahlmann.nl\/wp-content\/uploads\/2026\/01\/IMG_0790-scaled.png 1920w\" sizes=\"auto, (max-width: 225px) 100vw, 225px\" \/>  <img loading=\"lazy\" decoding=\"async\" class=\"alignnone size-medium wp-image-5007\" src=\"https:\/\/shop.ahlmann.nl\/wp-content\/uploads\/2026\/01\/IMG_0788-225x300.png\" alt=\"\" width=\"225\" height=\"300\" srcset=\"https:\/\/shop.ahlmann.nl\/wp-content\/uploads\/2026\/01\/IMG_0788-225x300.png 225w, https:\/\/shop.ahlmann.nl\/wp-content\/uploads\/2026\/01\/IMG_0788-768x1024.png 768w, https:\/\/shop.ahlmann.nl\/wp-content\/uploads\/2026\/01\/IMG_0788-1152x1536.png 1152w, https:\/\/shop.ahlmann.nl\/wp-content\/uploads\/2026\/01\/IMG_0788-1536x2048.png 1536w, https:\/\/shop.ahlmann.nl\/wp-content\/uploads\/2026\/01\/IMG_0788-510x680.png 510w, https:\/\/shop.ahlmann.nl\/wp-content\/uploads\/2026\/01\/IMG_0788-scaled.png 1920w\" sizes=\"auto, (max-width: 225px) 100vw, 225px\" \/><img loading=\"lazy\" decoding=\"async\" class=\"alignnone size-medium wp-image-5008\" src=\"https:\/\/shop.ahlmann.nl\/wp-content\/uploads\/2026\/01\/IMG_0789-225x300.png\" alt=\"\" width=\"225\" height=\"300\" srcset=\"https:\/\/shop.ahlmann.nl\/wp-content\/uploads\/2026\/01\/IMG_0789-225x300.png 225w, https:\/\/shop.ahlmann.nl\/wp-content\/uploads\/2026\/01\/IMG_0789-768x1024.png 768w, https:\/\/shop.ahlmann.nl\/wp-content\/uploads\/2026\/01\/IMG_0789-1152x1536.png 1152w, https:\/\/shop.ahlmann.nl\/wp-content\/uploads\/2026\/01\/IMG_0789-1536x2048.png 1536w, https:\/\/shop.ahlmann.nl\/wp-content\/uploads\/2026\/01\/IMG_0789-510x680.png 510w, https:\/\/shop.ahlmann.nl\/wp-content\/uploads\/2026\/01\/IMG_0789-scaled.png 1920w\" sizes=\"auto, (max-width: 225px) 100vw, 225px\" \/><\/p>\n","protected":false},"featured_media":5016,"template":"","meta":{"_acf_changed":false,"_monsterinsights_skip_tracking":false,"_monsterinsights_sitenote_active":false,"_monsterinsights_sitenote_note":"","_monsterinsights_sitenote_category":0},"product_brand":[],"product_cat":[88,83],"product_tag":[],"class_list":{"0":"post-5011","1":"product","2":"type-product","3":"status-publish","4":"has-post-thumbnail","6":"product_cat-tout","7":"product_cat-autres-articles-fr","9":"first","10":"instock","11":"taxable","12":"shipping-taxable","13":"purchasable","14":"product-type-variable"},"acf":[],"_links":{"self":[{"href":"https:\/\/shop.ahlmann.nl\/fr\/wp-json\/wp\/v2\/product\/5011","targetHints":{"allow":["GET"]}}],"collection":[{"href":"https:\/\/shop.ahlmann.nl\/fr\/wp-json\/wp\/v2\/product"}],"about":[{"href":"https:\/\/shop.ahlmann.nl\/fr\/wp-json\/wp\/v2\/types\/product"}],"wp:featuredmedia":[{"embeddable":true,"href":"https:\/\/shop.ahlmann.nl\/fr\/wp-json\/wp\/v2\/media\/5016"}],"wp:attachment":[{"href":"https:\/\/shop.ahlmann.nl\/fr\/wp-json\/wp\/v2\/media?parent=5011"}],"wp:term":[{"taxonomy":"product_brand","embeddable":true,"href":"https:\/\/shop.ahlmann.nl\/fr\/wp-json\/wp\/v2\/product_brand?post=5011"},{"taxonomy":"product_cat","embeddable":true,"href":"https:\/\/shop.ahlmann.nl\/fr\/wp-json\/wp\/v2\/product_cat?post=5011"},{"taxonomy":"product_tag","embeddable":true,"href":"https:\/\/shop.ahlmann.nl\/fr\/wp-json\/wp\/v2\/product_tag?post=5011"}],"curies":[{"name":"wp","href":"https:\/\/api.w.org\/{rel}","templated":true}]}}