{"id":4888,"date":"2025-10-02T13:34:11","date_gmt":"2025-10-02T13:34:11","guid":{"rendered":"https:\/\/shop.ahlmann.nl\/product\/zonnebril-mecalac\/"},"modified":"2025-11-06T12:32:27","modified_gmt":"2025-11-06T12:32:27","slug":"zonnebril-mecalac","status":"publish","type":"product","link":"https:\/\/shop.ahlmann.nl\/fr\/produit\/zonnebril-mecalac\/","title":{"rendered":"Lunettes de soleil Mecalac"},"content":{"rendered":"<p><img loading=\"lazy\" decoding=\"async\" class=\"alignnone size-medium wp-image-4690\" src=\"https:\/\/shop.ahlmann.nl\/wp-content\/uploads\/2025\/11\/Webshop-Ahlmann-nieuw-3-e1759409711526-300x111.png\" alt=\"\" width=\"300\" height=\"111\" srcset=\"https:\/\/shop.ahlmann.nl\/wp-content\/uploads\/2025\/11\/Webshop-Ahlmann-nieuw-3-e1759409711526-300x111.png 300w, https:\/\/shop.ahlmann.nl\/wp-content\/uploads\/2025\/11\/Webshop-Ahlmann-nieuw-3-e1759409711526-1024x379.png 1024w, https:\/\/shop.ahlmann.nl\/wp-content\/uploads\/2025\/11\/Webshop-Ahlmann-nieuw-3-e1759409711526-768x284.png 768w, https:\/\/shop.ahlmann.nl\/wp-content\/uploads\/2025\/11\/Webshop-Ahlmann-nieuw-3-e1759409711526-1536x569.png 1536w, https:\/\/shop.ahlmann.nl\/wp-content\/uploads\/2025\/11\/Webshop-Ahlmann-nieuw-3-e1759409711526-510x189.png 510w, https:\/\/shop.ahlmann.nl\/wp-content\/uploads\/2025\/11\/Webshop-Ahlmann-nieuw-3-e1759409711526.png 2048w\" sizes=\"auto, (max-width: 300px) 100vw, 300px\" \/><img loading=\"lazy\" decoding=\"async\" class=\"alignnone size-medium wp-image-4694\" src=\"https:\/\/shop.ahlmann.nl\/wp-content\/uploads\/2025\/11\/Webshop-Ahlmann-nieuw-4-300x200.png\" alt=\"\" width=\"300\" height=\"200\" srcset=\"https:\/\/shop.ahlmann.nl\/wp-content\/uploads\/2025\/11\/Webshop-Ahlmann-nieuw-4-300x200.png 300w, https:\/\/shop.ahlmann.nl\/wp-content\/uploads\/2025\/11\/Webshop-Ahlmann-nieuw-4-1024x683.png 1024w, https:\/\/shop.ahlmann.nl\/wp-content\/uploads\/2025\/11\/Webshop-Ahlmann-nieuw-4-768x512.png 768w, https:\/\/shop.ahlmann.nl\/wp-content\/uploads\/2025\/11\/Webshop-Ahlmann-nieuw-4-1536x1024.png 1536w, https:\/\/shop.ahlmann.nl\/wp-content\/uploads\/2025\/11\/Webshop-Ahlmann-nieuw-4-510x340.png 510w, https:\/\/shop.ahlmann.nl\/wp-content\/uploads\/2025\/11\/Webshop-Ahlmann-nieuw-4.png 2048w\" sizes=\"auto, (max-width: 300px) 100vw, 300px\" \/><\/p>\n","protected":false},"excerpt":{"rendered":"<p>Les lunettes de soleil Mecalac sont des lunettes pratiques avec des verres teint\u00e9s qui offrent une protection contre la forte lumi\u00e8re du soleil. La monture est orn\u00e9e du logo Mecalac. Conviennent pour une utilisation lors du travail avec des machines<\/p>\n","protected":false},"featured_media":4580,"template":"","meta":{"_acf_changed":false,"_monsterinsights_skip_tracking":false,"_monsterinsights_sitenote_active":false,"_monsterinsights_sitenote_note":"","_monsterinsights_sitenote_category":0},"product_brand":[],"product_cat":[88,83],"product_tag":[],"class_list":{"0":"post-4888","1":"product","2":"type-product","3":"status-publish","4":"has-post-thumbnail","6":"product_cat-tout","7":"product_cat-autres-articles-fr","9":"first","10":"instock","11":"taxable","12":"shipping-taxable","13":"purchasable","14":"product-type-simple"},"acf":[],"_links":{"self":[{"href":"https:\/\/shop.ahlmann.nl\/fr\/wp-json\/wp\/v2\/product\/4888","targetHints":{"allow":["GET"]}}],"collection":[{"href":"https:\/\/shop.ahlmann.nl\/fr\/wp-json\/wp\/v2\/product"}],"about":[{"href":"https:\/\/shop.ahlmann.nl\/fr\/wp-json\/wp\/v2\/types\/product"}],"wp:featuredmedia":[{"embeddable":true,"href":"https:\/\/shop.ahlmann.nl\/fr\/wp-json\/wp\/v2\/media\/4580"}],"wp:attachment":[{"href":"https:\/\/shop.ahlmann.nl\/fr\/wp-json\/wp\/v2\/media?parent=4888"}],"wp:term":[{"taxonomy":"product_brand","embeddable":true,"href":"https:\/\/shop.ahlmann.nl\/fr\/wp-json\/wp\/v2\/product_brand?post=4888"},{"taxonomy":"product_cat","embeddable":true,"href":"https:\/\/shop.ahlmann.nl\/fr\/wp-json\/wp\/v2\/product_cat?post=4888"},{"taxonomy":"product_tag","embeddable":true,"href":"https:\/\/shop.ahlmann.nl\/fr\/wp-json\/wp\/v2\/product_tag?post=4888"}],"curies":[{"name":"wp","href":"https:\/\/api.w.org\/{rel}","templated":true}]}}