{"id":4885,"date":"2025-10-02T13:52:45","date_gmt":"2025-10-02T13:52:45","guid":{"rendered":"https:\/\/shop.ahlmann.nl\/product\/slabbertje\/"},"modified":"2025-11-06T12:31:54","modified_gmt":"2025-11-06T12:31:54","slug":"slabbertje","status":"publish","type":"product","link":"https:\/\/shop.ahlmann.nl\/fr\/produit\/slabbertje\/","title":{"rendered":"Bavoir"},"content":{"rendered":"<p><img loading=\"lazy\" decoding=\"async\" class=\"alignnone size-medium wp-image-4818\" src=\"https:\/\/shop.ahlmann.nl\/wp-content\/uploads\/2025\/11\/Slabertje-300x300.png\" alt=\"\" width=\"300\" height=\"300\" srcset=\"https:\/\/shop.ahlmann.nl\/wp-content\/uploads\/2025\/11\/Slabertje-300x300.png 300w, https:\/\/shop.ahlmann.nl\/wp-content\/uploads\/2025\/11\/Slabertje-1024x1024.png 1024w, https:\/\/shop.ahlmann.nl\/wp-content\/uploads\/2025\/11\/Slabertje-150x150.png 150w, https:\/\/shop.ahlmann.nl\/wp-content\/uploads\/2025\/11\/Slabertje-768x768.png 768w, https:\/\/shop.ahlmann.nl\/wp-content\/uploads\/2025\/11\/Slabertje-247x247.png 247w, https:\/\/shop.ahlmann.nl\/wp-content\/uploads\/2025\/11\/Slabertje-510x510.png 510w, https:\/\/shop.ahlmann.nl\/wp-content\/uploads\/2025\/11\/Slabertje-100x100.png 100w, https:\/\/shop.ahlmann.nl\/wp-content\/uploads\/2025\/11\/Slabertje.png 1440w\" sizes=\"auto, (max-width: 300px) 100vw, 300px\" \/><img loading=\"lazy\" decoding=\"async\" class=\"alignnone size-medium wp-image-4573\" src=\"https:\/\/shop.ahlmann.nl\/wp-content\/uploads\/2025\/10\/Webshop-Ahlmann-nieuw-8-300x200.jpg\" alt=\"\" width=\"300\" height=\"200\" srcset=\"https:\/\/shop.ahlmann.nl\/wp-content\/uploads\/2025\/10\/Webshop-Ahlmann-nieuw-8-300x200.jpg 300w, https:\/\/shop.ahlmann.nl\/wp-content\/uploads\/2025\/10\/Webshop-Ahlmann-nieuw-8-1024x683.jpg 1024w, https:\/\/shop.ahlmann.nl\/wp-content\/uploads\/2025\/10\/Webshop-Ahlmann-nieuw-8-768x512.jpg 768w, https:\/\/shop.ahlmann.nl\/wp-content\/uploads\/2025\/10\/Webshop-Ahlmann-nieuw-8-1536x1024.jpg 1536w, https:\/\/shop.ahlmann.nl\/wp-content\/uploads\/2025\/10\/Webshop-Ahlmann-nieuw-8-510x340.jpg 510w, https:\/\/shop.ahlmann.nl\/wp-content\/uploads\/2025\/10\/Webshop-Ahlmann-nieuw-8.jpg 2048w\" sizes=\"auto, (max-width: 300px) 100vw, 300px\" \/><\/p>\n","protected":false},"excerpt":{"rendered":"<p>Bavoir gris doux avec impression Mecalac et Ahlmann. Fabriqu\u00e9 en mat\u00e9riau confortable et \u00e9quip\u00e9 d&#8217;une fermeture pratique au cou. Facile \u00e0 nettoyer et adapt\u00e9 \u00e0 un usage quotidien. Un article adorable pour les jeunes amateurs d&#8217;engins de construction.<\/p>\n","protected":false},"featured_media":4575,"template":"","meta":{"_acf_changed":false,"_monsterinsights_skip_tracking":false,"_monsterinsights_sitenote_active":false,"_monsterinsights_sitenote_note":"","_monsterinsights_sitenote_category":0},"product_brand":[],"product_cat":[88,77],"product_tag":[],"class_list":{"0":"post-4885","1":"product","2":"type-product","3":"status-publish","4":"has-post-thumbnail","6":"product_cat-tout","7":"product_cat-pour-les-enfants","9":"first","10":"instock","11":"taxable","12":"shipping-taxable","13":"purchasable","14":"product-type-simple"},"acf":[],"_links":{"self":[{"href":"https:\/\/shop.ahlmann.nl\/fr\/wp-json\/wp\/v2\/product\/4885","targetHints":{"allow":["GET"]}}],"collection":[{"href":"https:\/\/shop.ahlmann.nl\/fr\/wp-json\/wp\/v2\/product"}],"about":[{"href":"https:\/\/shop.ahlmann.nl\/fr\/wp-json\/wp\/v2\/types\/product"}],"wp:featuredmedia":[{"embeddable":true,"href":"https:\/\/shop.ahlmann.nl\/fr\/wp-json\/wp\/v2\/media\/4575"}],"wp:attachment":[{"href":"https:\/\/shop.ahlmann.nl\/fr\/wp-json\/wp\/v2\/media?parent=4885"}],"wp:term":[{"taxonomy":"product_brand","embeddable":true,"href":"https:\/\/shop.ahlmann.nl\/fr\/wp-json\/wp\/v2\/product_brand?post=4885"},{"taxonomy":"product_cat","embeddable":true,"href":"https:\/\/shop.ahlmann.nl\/fr\/wp-json\/wp\/v2\/product_cat?post=4885"},{"taxonomy":"product_tag","embeddable":true,"href":"https:\/\/shop.ahlmann.nl\/fr\/wp-json\/wp\/v2\/product_tag?post=4885"}],"curies":[{"name":"wp","href":"https:\/\/api.w.org\/{rel}","templated":true}]}}