{"id":3711,"date":"2022-05-03T13:07:23","date_gmt":"2022-05-03T13:07:23","guid":{"rendered":"https:\/\/shop.ahlmann.nl\/product\/mat-az-150f-achter\/"},"modified":"2025-11-06T12:32:35","modified_gmt":"2025-11-06T12:32:35","slug":"vloermat-az-150f-as-1600-achter","status":"publish","type":"product","link":"https:\/\/shop.ahlmann.nl\/fr\/produit\/vloermat-az-150f-as-1600-achter\/","title":{"rendered":"Tapis de sol Ahlmann AZ 150f \/ AS 1600 (arri\u00e8re)"},"content":{"rendered":"<p><img loading=\"lazy\" decoding=\"async\" class=\"alignnone size-medium wp-image-4753\" src=\"https:\/\/shop.ahlmann.nl\/wp-content\/uploads\/2022\/05\/WS_Mat-0301501-AZ-150f-300x300.png\" alt=\"\" width=\"300\" height=\"300\" srcset=\"https:\/\/shop.ahlmann.nl\/wp-content\/uploads\/2022\/05\/WS_Mat-0301501-AZ-150f-300x300.png 300w, https:\/\/shop.ahlmann.nl\/wp-content\/uploads\/2022\/05\/WS_Mat-0301501-AZ-150f-150x150.png 150w, https:\/\/shop.ahlmann.nl\/wp-content\/uploads\/2022\/05\/WS_Mat-0301501-AZ-150f-247x247.png 247w, https:\/\/shop.ahlmann.nl\/wp-content\/uploads\/2022\/05\/WS_Mat-0301501-AZ-150f-510x510.png 510w, https:\/\/shop.ahlmann.nl\/wp-content\/uploads\/2022\/05\/WS_Mat-0301501-AZ-150f-100x100.png 100w, https:\/\/shop.ahlmann.nl\/wp-content\/uploads\/2022\/05\/WS_Mat-0301501-AZ-150f.png 600w\" sizes=\"auto, (max-width: 300px) 100vw, 300px\" \/><\/p>\n<p>Le tapis est fabriqu\u00e9 en feutre aiguillet\u00e9.<\/p>\n","protected":false},"excerpt":{"rendered":"<p>Le tapis parfait pour ta pelle. Ajustement parfait \u00e0 100 %, pour prot\u00e9ger ton int\u00e9rieur contre la salet\u00e9 et les dommages, ou pour donner \u00e0 ta machine un aspect propre, frais et neuf. La facilit\u00e9 de simplement secouer un tapis pour avoir un plancher de cabine propre. Le tapis s&#8217;\u00e9tend autour du si\u00e8ge.<\/p>\n","protected":false},"featured_media":3708,"template":"","meta":{"_acf_changed":false,"_monsterinsights_skip_tracking":false,"_monsterinsights_sitenote_active":false,"_monsterinsights_sitenote_note":"","_monsterinsights_sitenote_category":0},"product_brand":[],"product_cat":[88,86],"product_tag":[],"class_list":{"0":"post-3711","1":"product","2":"type-product","3":"status-publish","4":"has-post-thumbnail","6":"product_cat-tout","7":"product_cat-accessoires-fr","9":"first","10":"instock","11":"taxable","12":"shipping-taxable","13":"purchasable","14":"product-type-simple"},"acf":[],"_links":{"self":[{"href":"https:\/\/shop.ahlmann.nl\/fr\/wp-json\/wp\/v2\/product\/3711","targetHints":{"allow":["GET"]}}],"collection":[{"href":"https:\/\/shop.ahlmann.nl\/fr\/wp-json\/wp\/v2\/product"}],"about":[{"href":"https:\/\/shop.ahlmann.nl\/fr\/wp-json\/wp\/v2\/types\/product"}],"wp:featuredmedia":[{"embeddable":true,"href":"https:\/\/shop.ahlmann.nl\/fr\/wp-json\/wp\/v2\/media\/3708"}],"wp:attachment":[{"href":"https:\/\/shop.ahlmann.nl\/fr\/wp-json\/wp\/v2\/media?parent=3711"}],"wp:term":[{"taxonomy":"product_brand","embeddable":true,"href":"https:\/\/shop.ahlmann.nl\/fr\/wp-json\/wp\/v2\/product_brand?post=3711"},{"taxonomy":"product_cat","embeddable":true,"href":"https:\/\/shop.ahlmann.nl\/fr\/wp-json\/wp\/v2\/product_cat?post=3711"},{"taxonomy":"product_tag","embeddable":true,"href":"https:\/\/shop.ahlmann.nl\/fr\/wp-json\/wp\/v2\/product_tag?post=3711"}],"curies":[{"name":"wp","href":"https:\/\/api.w.org\/{rel}","templated":true}]}}