{"id":3393,"date":"2021-03-15T08:14:46","date_gmt":"2021-03-15T08:14:46","guid":{"rendered":"https:\/\/shop.ahlmann.nl\/product\/serviette-de-plage\/"},"modified":"2025-11-06T13:26:00","modified_gmt":"2025-11-06T13:26:00","slug":"strandlaken","status":"publish","type":"product","link":"https:\/\/shop.ahlmann.nl\/fr\/produit\/strandlaken\/","title":{"rendered":"Serviette de plage"},"content":{"rendered":"<p>De plus, il est merveilleusement confortable de s&#8217;allonger ou de s&#8217;asseoir dessus gr\u00e2ce \u00e0 sa taille g\u00e9n\u00e9reuse d&#8217;environ 100&#215;170 cm.<br \/>\nDot\u00e9 d&#8217;un logo Ahlmann\/Mecalac brod\u00e9.<\/p>\n","protected":false},"excerpt":{"rendered":"<p>Un bel exemplaire \u00e0 emporter en vacances. La couleur gris fonc\u00e9 conf\u00e8re \u00e0 la serviette de plage un aspect chic et \u00e9l\u00e9gant.<br \/>\nCette magnifique serviette de plage est fabriqu\u00e9e \u00e0 100 % en coton. <\/p>\n<p><img loading=\"lazy\" decoding=\"async\" class=\"alignnone size-medium wp-image-4843\" src=\"https:\/\/shop.ahlmann.nl\/wp-content\/uploads\/2025\/11\/Handdoek-300x300.jpg\" alt=\"\" width=\"300\" height=\"300\" srcset=\"https:\/\/shop.ahlmann.nl\/wp-content\/uploads\/2025\/11\/Handdoek-300x300.jpg 300w, https:\/\/shop.ahlmann.nl\/wp-content\/uploads\/2025\/11\/Handdoek-1024x1024.jpg 1024w, https:\/\/shop.ahlmann.nl\/wp-content\/uploads\/2025\/11\/Handdoek-150x150.jpg 150w, https:\/\/shop.ahlmann.nl\/wp-content\/uploads\/2025\/11\/Handdoek-768x768.jpg 768w, https:\/\/shop.ahlmann.nl\/wp-content\/uploads\/2025\/11\/Handdoek-247x247.jpg 247w, https:\/\/shop.ahlmann.nl\/wp-content\/uploads\/2025\/11\/Handdoek-510x510.jpg 510w, https:\/\/shop.ahlmann.nl\/wp-content\/uploads\/2025\/11\/Handdoek-100x100.jpg 100w, https:\/\/shop.ahlmann.nl\/wp-content\/uploads\/2025\/11\/Handdoek.jpg 1440w\" sizes=\"auto, (max-width: 300px) 100vw, 300px\" \/><\/p>\n","protected":false},"featured_media":3389,"template":"","meta":{"_acf_changed":false,"_monsterinsights_skip_tracking":false,"_monsterinsights_sitenote_active":false,"_monsterinsights_sitenote_note":"","_monsterinsights_sitenote_category":0},"product_brand":[],"product_cat":[88,83],"product_tag":[],"class_list":{"0":"post-3393","1":"product","2":"type-product","3":"status-publish","4":"has-post-thumbnail","6":"product_cat-tout","7":"product_cat-autres-articles-fr","9":"first","10":"instock","11":"taxable","12":"shipping-taxable","13":"purchasable","14":"product-type-simple"},"acf":[],"_links":{"self":[{"href":"https:\/\/shop.ahlmann.nl\/fr\/wp-json\/wp\/v2\/product\/3393","targetHints":{"allow":["GET"]}}],"collection":[{"href":"https:\/\/shop.ahlmann.nl\/fr\/wp-json\/wp\/v2\/product"}],"about":[{"href":"https:\/\/shop.ahlmann.nl\/fr\/wp-json\/wp\/v2\/types\/product"}],"wp:featuredmedia":[{"embeddable":true,"href":"https:\/\/shop.ahlmann.nl\/fr\/wp-json\/wp\/v2\/media\/3389"}],"wp:attachment":[{"href":"https:\/\/shop.ahlmann.nl\/fr\/wp-json\/wp\/v2\/media?parent=3393"}],"wp:term":[{"taxonomy":"product_brand","embeddable":true,"href":"https:\/\/shop.ahlmann.nl\/fr\/wp-json\/wp\/v2\/product_brand?post=3393"},{"taxonomy":"product_cat","embeddable":true,"href":"https:\/\/shop.ahlmann.nl\/fr\/wp-json\/wp\/v2\/product_cat?post=3393"},{"taxonomy":"product_tag","embeddable":true,"href":"https:\/\/shop.ahlmann.nl\/fr\/wp-json\/wp\/v2\/product_tag?post=3393"}],"curies":[{"name":"wp","href":"https:\/\/api.w.org\/{rel}","templated":true}]}}