{"id":3258,"date":"2021-03-01T10:46:58","date_gmt":"2021-03-01T10:46:58","guid":{"rendered":"https:\/\/shop.ahlmann.nl\/product\/cahier-dactivites\/"},"modified":"2025-11-06T13:25:55","modified_gmt":"2025-11-06T13:25:55","slug":"doeboek","status":"publish","type":"product","link":"https:\/\/shop.ahlmann.nl\/fr\/produit\/doeboek\/","title":{"rendered":"Cahier d&#8217;activit\u00e9s"},"content":{"rendered":"<p>Un livre amusant et \u00e9ducatif pour les enfants.<\/p>\n","protected":false},"excerpt":{"rendered":"<p><img loading=\"lazy\" decoding=\"async\" class=\"alignnone size-medium wp-image-3074\" src=\"https:\/\/shop.ahlmann.nl\/wp-content\/uploads\/2021\/03\/WS_KIDS-STUFF-Doeboek-1-300x300.jpg\" alt=\"\" width=\"300\" height=\"300\" srcset=\"https:\/\/shop.ahlmann.nl\/wp-content\/uploads\/2021\/03\/WS_KIDS-STUFF-Doeboek-1-300x300.jpg 300w, https:\/\/shop.ahlmann.nl\/wp-content\/uploads\/2021\/03\/WS_KIDS-STUFF-Doeboek-1-247x247.jpg 247w, https:\/\/shop.ahlmann.nl\/wp-content\/uploads\/2021\/03\/WS_KIDS-STUFF-Doeboek-1-100x100.jpg 100w, https:\/\/shop.ahlmann.nl\/wp-content\/uploads\/2021\/03\/WS_KIDS-STUFF-Doeboek-1-510x510.jpg 510w, https:\/\/shop.ahlmann.nl\/wp-content\/uploads\/2021\/03\/WS_KIDS-STUFF-Doeboek-1-1024x1024.jpg 1024w, https:\/\/shop.ahlmann.nl\/wp-content\/uploads\/2021\/03\/WS_KIDS-STUFF-Doeboek-1-150x150.jpg 150w, https:\/\/shop.ahlmann.nl\/wp-content\/uploads\/2021\/03\/WS_KIDS-STUFF-Doeboek-1-768x768.jpg 768w, https:\/\/shop.ahlmann.nl\/wp-content\/uploads\/2021\/03\/WS_KIDS-STUFF-Doeboek-1.jpg 1440w\" sizes=\"auto, (max-width: 300px) 100vw, 300px\" \/> <img loading=\"lazy\" decoding=\"async\" class=\"alignnone size-medium wp-image-3078\" src=\"https:\/\/shop.ahlmann.nl\/wp-content\/uploads\/2021\/03\/WS_KIDS-STUFF-Doeboek-2-300x300.jpg\" alt=\"\" width=\"300\" height=\"300\" srcset=\"https:\/\/shop.ahlmann.nl\/wp-content\/uploads\/2021\/03\/WS_KIDS-STUFF-Doeboek-2-300x300.jpg 300w, https:\/\/shop.ahlmann.nl\/wp-content\/uploads\/2021\/03\/WS_KIDS-STUFF-Doeboek-2-247x247.jpg 247w, https:\/\/shop.ahlmann.nl\/wp-content\/uploads\/2021\/03\/WS_KIDS-STUFF-Doeboek-2-100x100.jpg 100w, https:\/\/shop.ahlmann.nl\/wp-content\/uploads\/2021\/03\/WS_KIDS-STUFF-Doeboek-2-510x510.jpg 510w, https:\/\/shop.ahlmann.nl\/wp-content\/uploads\/2021\/03\/WS_KIDS-STUFF-Doeboek-2-1024x1024.jpg 1024w, https:\/\/shop.ahlmann.nl\/wp-content\/uploads\/2021\/03\/WS_KIDS-STUFF-Doeboek-2-150x150.jpg 150w, https:\/\/shop.ahlmann.nl\/wp-content\/uploads\/2021\/03\/WS_KIDS-STUFF-Doeboek-2-768x768.jpg 768w, https:\/\/shop.ahlmann.nl\/wp-content\/uploads\/2021\/03\/WS_KIDS-STUFF-Doeboek-2.jpg 1440w\" sizes=\"auto, (max-width: 300px) 100vw, 300px\" \/> <img loading=\"lazy\" decoding=\"async\" class=\"alignnone size-medium wp-image-3082\" src=\"https:\/\/shop.ahlmann.nl\/wp-content\/uploads\/2021\/03\/WS_KIDS-STUFF-Doeboek-3-300x300.jpg\" alt=\"\" width=\"300\" height=\"300\" srcset=\"https:\/\/shop.ahlmann.nl\/wp-content\/uploads\/2021\/03\/WS_KIDS-STUFF-Doeboek-3-300x300.jpg 300w, https:\/\/shop.ahlmann.nl\/wp-content\/uploads\/2021\/03\/WS_KIDS-STUFF-Doeboek-3-247x247.jpg 247w, https:\/\/shop.ahlmann.nl\/wp-content\/uploads\/2021\/03\/WS_KIDS-STUFF-Doeboek-3-100x100.jpg 100w, https:\/\/shop.ahlmann.nl\/wp-content\/uploads\/2021\/03\/WS_KIDS-STUFF-Doeboek-3-510x510.jpg 510w, https:\/\/shop.ahlmann.nl\/wp-content\/uploads\/2021\/03\/WS_KIDS-STUFF-Doeboek-3-1024x1024.jpg 1024w, https:\/\/shop.ahlmann.nl\/wp-content\/uploads\/2021\/03\/WS_KIDS-STUFF-Doeboek-3-150x150.jpg 150w, https:\/\/shop.ahlmann.nl\/wp-content\/uploads\/2021\/03\/WS_KIDS-STUFF-Doeboek-3-768x768.jpg 768w, https:\/\/shop.ahlmann.nl\/wp-content\/uploads\/2021\/03\/WS_KIDS-STUFF-Doeboek-3.jpg 1440w\" sizes=\"auto, (max-width: 300px) 100vw, 300px\" \/><\/p>\n<p><strong>Ce cahier d&#8217;activit\u00e9s parle d&#8217;Ahlmann.<\/strong><\/p>\n<p>On t&#8217;emm\u00e8ne dans une aventure ludique \u00e0 travers notre entreprise ! Gr\u00e2ce aux coloriages et aux puzzles amusants, tu vas tout apprendre sur la technologie de nos machines et notre histoire. Tu viens avec nous pour cette aventure ?  <\/p>\n","protected":false},"featured_media":4588,"template":"","meta":{"_acf_changed":false,"_monsterinsights_skip_tracking":false,"_monsterinsights_sitenote_active":false,"_monsterinsights_sitenote_note":"","_monsterinsights_sitenote_category":0},"product_brand":[],"product_cat":[88,77],"product_tag":[],"class_list":{"0":"post-3258","1":"product","2":"type-product","3":"status-publish","4":"has-post-thumbnail","6":"product_cat-tout","7":"product_cat-pour-les-enfants","9":"first","10":"instock","11":"taxable","12":"shipping-taxable","13":"purchasable","14":"product-type-simple"},"acf":[],"_links":{"self":[{"href":"https:\/\/shop.ahlmann.nl\/fr\/wp-json\/wp\/v2\/product\/3258","targetHints":{"allow":["GET"]}}],"collection":[{"href":"https:\/\/shop.ahlmann.nl\/fr\/wp-json\/wp\/v2\/product"}],"about":[{"href":"https:\/\/shop.ahlmann.nl\/fr\/wp-json\/wp\/v2\/types\/product"}],"wp:featuredmedia":[{"embeddable":true,"href":"https:\/\/shop.ahlmann.nl\/fr\/wp-json\/wp\/v2\/media\/4588"}],"wp:attachment":[{"href":"https:\/\/shop.ahlmann.nl\/fr\/wp-json\/wp\/v2\/media?parent=3258"}],"wp:term":[{"taxonomy":"product_brand","embeddable":true,"href":"https:\/\/shop.ahlmann.nl\/fr\/wp-json\/wp\/v2\/product_brand?post=3258"},{"taxonomy":"product_cat","embeddable":true,"href":"https:\/\/shop.ahlmann.nl\/fr\/wp-json\/wp\/v2\/product_cat?post=3258"},{"taxonomy":"product_tag","embeddable":true,"href":"https:\/\/shop.ahlmann.nl\/fr\/wp-json\/wp\/v2\/product_tag?post=3258"}],"curies":[{"name":"wp","href":"https:\/\/api.w.org\/{rel}","templated":true}]}}