{"id":2603,"date":"2020-06-05T14:11:17","date_gmt":"2020-06-05T14:11:17","guid":{"rendered":"https:\/\/shop.ahlmann.nl\/product\/barre-lumineuse-led-rvs\/"},"modified":"2025-11-06T13:25:55","modified_gmt":"2025-11-06T13:25:55","slug":"led-lichtbalk-rvs","status":"publish","type":"product","link":"https:\/\/shop.ahlmann.nl\/fr\/produit\/led-lichtbalk-rvs\/","title":{"rendered":"Barre lumineuse LED en acier inoxydable"},"content":{"rendered":"<p><img loading=\"lazy\" decoding=\"async\" class=\"alignnone size-medium wp-image-2593\" src=\"https:\/\/shop.ahlmann.nl\/wp-content\/uploads\/2020\/06\/WS_LED-Lichtbalk-1-300x300.jpg\" alt=\"\" width=\"300\" height=\"300\" srcset=\"https:\/\/shop.ahlmann.nl\/wp-content\/uploads\/2020\/06\/WS_LED-Lichtbalk-1-300x300.jpg 300w, https:\/\/shop.ahlmann.nl\/wp-content\/uploads\/2020\/06\/WS_LED-Lichtbalk-1-247x247.jpg 247w, https:\/\/shop.ahlmann.nl\/wp-content\/uploads\/2020\/06\/WS_LED-Lichtbalk-1-100x100.jpg 100w, https:\/\/shop.ahlmann.nl\/wp-content\/uploads\/2020\/06\/WS_LED-Lichtbalk-1-510x510.jpg 510w, https:\/\/shop.ahlmann.nl\/wp-content\/uploads\/2020\/06\/WS_LED-Lichtbalk-1-150x150.jpg 150w, https:\/\/shop.ahlmann.nl\/wp-content\/uploads\/2020\/06\/WS_LED-Lichtbalk-1.jpg 600w\" sizes=\"auto, (max-width: 300px) 100vw, 300px\" \/> <img loading=\"lazy\" decoding=\"async\" class=\"alignnone size-medium wp-image-2597\" src=\"https:\/\/shop.ahlmann.nl\/wp-content\/uploads\/2020\/06\/WS_LED-Lichtbalk-2-300x300.jpg\" alt=\"\" width=\"300\" height=\"300\" srcset=\"https:\/\/shop.ahlmann.nl\/wp-content\/uploads\/2020\/06\/WS_LED-Lichtbalk-2-300x300.jpg 300w, https:\/\/shop.ahlmann.nl\/wp-content\/uploads\/2020\/06\/WS_LED-Lichtbalk-2-247x247.jpg 247w, https:\/\/shop.ahlmann.nl\/wp-content\/uploads\/2020\/06\/WS_LED-Lichtbalk-2-100x100.jpg 100w, https:\/\/shop.ahlmann.nl\/wp-content\/uploads\/2020\/06\/WS_LED-Lichtbalk-2-510x510.jpg 510w, https:\/\/shop.ahlmann.nl\/wp-content\/uploads\/2020\/06\/WS_LED-Lichtbalk-2-150x150.jpg 150w, https:\/\/shop.ahlmann.nl\/wp-content\/uploads\/2020\/06\/WS_LED-Lichtbalk-2.jpg 600w\" sizes=\"auto, (max-width: 300px) 100vw, 300px\" \/><br \/>\nLe kit est livr\u00e9 complet avec cinq lampes LED, le c\u00e2blage et le mat\u00e9riel de montage.<\/p>\n","protected":false},"excerpt":{"rendered":"<p>Une barre lumineuse con\u00e7ue par notre m\u00e9canicien Niels pour le montage sur le toit des s\u00e9ries Mecalac MCR et MWR. Le support est fabriqu\u00e9 en acier inoxydable. <\/p>\n","protected":false},"featured_media":2591,"template":"","meta":{"_acf_changed":false,"_monsterinsights_skip_tracking":false,"_monsterinsights_sitenote_active":false,"_monsterinsights_sitenote_note":"","_monsterinsights_sitenote_category":0},"product_brand":[],"product_cat":[88,86],"product_tag":[],"class_list":{"0":"post-2603","1":"product","2":"type-product","3":"status-publish","4":"has-post-thumbnail","6":"product_cat-tout","7":"product_cat-accessoires-fr","9":"first","10":"instock","11":"taxable","12":"shipping-taxable","13":"purchasable","14":"product-type-simple"},"acf":[],"_links":{"self":[{"href":"https:\/\/shop.ahlmann.nl\/fr\/wp-json\/wp\/v2\/product\/2603","targetHints":{"allow":["GET"]}}],"collection":[{"href":"https:\/\/shop.ahlmann.nl\/fr\/wp-json\/wp\/v2\/product"}],"about":[{"href":"https:\/\/shop.ahlmann.nl\/fr\/wp-json\/wp\/v2\/types\/product"}],"wp:featuredmedia":[{"embeddable":true,"href":"https:\/\/shop.ahlmann.nl\/fr\/wp-json\/wp\/v2\/media\/2591"}],"wp:attachment":[{"href":"https:\/\/shop.ahlmann.nl\/fr\/wp-json\/wp\/v2\/media?parent=2603"}],"wp:term":[{"taxonomy":"product_brand","embeddable":true,"href":"https:\/\/shop.ahlmann.nl\/fr\/wp-json\/wp\/v2\/product_brand?post=2603"},{"taxonomy":"product_cat","embeddable":true,"href":"https:\/\/shop.ahlmann.nl\/fr\/wp-json\/wp\/v2\/product_cat?post=2603"},{"taxonomy":"product_tag","embeddable":true,"href":"https:\/\/shop.ahlmann.nl\/fr\/wp-json\/wp\/v2\/product_tag?post=2603"}],"curies":[{"name":"wp","href":"https:\/\/api.w.org\/{rel}","templated":true}]}}