{"id":2378,"date":"2020-02-05T08:16:38","date_gmt":"2020-02-05T08:16:38","guid":{"rendered":"https:\/\/shop.ahlmann.nl\/product\/ahlmann-chargeuse-swing-as-900-2448-02\/"},"modified":"2020-02-05T08:16:38","modified_gmt":"2020-02-05T08:16:38","slug":"ahlmann-chargeuse-swing-as-900-2448-02","status":"publish","type":"product","link":"https:\/\/shop.ahlmann.nl\/fr\/produit\/ahlmann-chargeuse-swing-as-900-2448-02\/","title":{"rendered":"Ahlmann Chargeuse Swing AS 900 (2448\/02)"},"content":{"rendered":"<p><strong><img loading=\"lazy\" decoding=\"async\" class=\"alignnone size-medium wp-image-1524\" src=\"https:\/\/shop.ahlmann.nl\/wp-content\/uploads\/2020\/02\/WS_SCHAALMODELLEN-Ahlmann-AS-900-1G-300x300.jpg\" alt=\"\" width=\"300\" height=\"300\" srcset=\"https:\/\/shop.ahlmann.nl\/wp-content\/uploads\/2020\/02\/WS_SCHAALMODELLEN-Ahlmann-AS-900-1G-300x300.jpg 300w, https:\/\/shop.ahlmann.nl\/wp-content\/uploads\/2020\/02\/WS_SCHAALMODELLEN-Ahlmann-AS-900-1G-247x247.jpg 247w, https:\/\/shop.ahlmann.nl\/wp-content\/uploads\/2020\/02\/WS_SCHAALMODELLEN-Ahlmann-AS-900-1G-100x100.jpg 100w, https:\/\/shop.ahlmann.nl\/wp-content\/uploads\/2020\/02\/WS_SCHAALMODELLEN-Ahlmann-AS-900-1G-510x510.jpg 510w, https:\/\/shop.ahlmann.nl\/wp-content\/uploads\/2020\/02\/WS_SCHAALMODELLEN-Ahlmann-AS-900-1G-150x150.jpg 150w, https:\/\/shop.ahlmann.nl\/wp-content\/uploads\/2020\/02\/WS_SCHAALMODELLEN-Ahlmann-AS-900-1G.jpg 600w\" sizes=\"auto, (max-width: 300px) 100vw, 300px\" \/> <img loading=\"lazy\" decoding=\"async\" class=\"alignnone size-medium wp-image-1528\" src=\"https:\/\/shop.ahlmann.nl\/wp-content\/uploads\/2020\/02\/WS_SCHAALMODELLEN-Ahlmann-AS-900-2G-300x300.jpg\" alt=\"\" width=\"300\" height=\"300\" srcset=\"https:\/\/shop.ahlmann.nl\/wp-content\/uploads\/2020\/02\/WS_SCHAALMODELLEN-Ahlmann-AS-900-2G-300x300.jpg 300w, https:\/\/shop.ahlmann.nl\/wp-content\/uploads\/2020\/02\/WS_SCHAALMODELLEN-Ahlmann-AS-900-2G-247x247.jpg 247w, https:\/\/shop.ahlmann.nl\/wp-content\/uploads\/2020\/02\/WS_SCHAALMODELLEN-Ahlmann-AS-900-2G-100x100.jpg 100w, https:\/\/shop.ahlmann.nl\/wp-content\/uploads\/2020\/02\/WS_SCHAALMODELLEN-Ahlmann-AS-900-2G-510x510.jpg 510w, https:\/\/shop.ahlmann.nl\/wp-content\/uploads\/2020\/02\/WS_SCHAALMODELLEN-Ahlmann-AS-900-2G-150x150.jpg 150w, https:\/\/shop.ahlmann.nl\/wp-content\/uploads\/2020\/02\/WS_SCHAALMODELLEN-Ahlmann-AS-900-2G.jpg 600w\" sizes=\"auto, (max-width: 300px) 100vw, 300px\" \/> <img loading=\"lazy\" decoding=\"async\" class=\"alignnone size-medium wp-image-1532\" src=\"https:\/\/shop.ahlmann.nl\/wp-content\/uploads\/2020\/02\/WS_SCHAALMODELLEN-Ahlmann-AS-900-3G-300x300.jpg\" alt=\"\" width=\"300\" height=\"300\" srcset=\"https:\/\/shop.ahlmann.nl\/wp-content\/uploads\/2020\/02\/WS_SCHAALMODELLEN-Ahlmann-AS-900-3G-300x300.jpg 300w, https:\/\/shop.ahlmann.nl\/wp-content\/uploads\/2020\/02\/WS_SCHAALMODELLEN-Ahlmann-AS-900-3G-247x247.jpg 247w, https:\/\/shop.ahlmann.nl\/wp-content\/uploads\/2020\/02\/WS_SCHAALMODELLEN-Ahlmann-AS-900-3G-100x100.jpg 100w, https:\/\/shop.ahlmann.nl\/wp-content\/uploads\/2020\/02\/WS_SCHAALMODELLEN-Ahlmann-AS-900-3G-510x510.jpg 510w, https:\/\/shop.ahlmann.nl\/wp-content\/uploads\/2020\/02\/WS_SCHAALMODELLEN-Ahlmann-AS-900-3G-1024x1024.jpg 1024w, https:\/\/shop.ahlmann.nl\/wp-content\/uploads\/2020\/02\/WS_SCHAALMODELLEN-Ahlmann-AS-900-3G-150x150.jpg 150w, https:\/\/shop.ahlmann.nl\/wp-content\/uploads\/2020\/02\/WS_SCHAALMODELLEN-Ahlmann-AS-900-3G-768x768.jpg 768w, https:\/\/shop.ahlmann.nl\/wp-content\/uploads\/2020\/02\/WS_SCHAALMODELLEN-Ahlmann-AS-900-3G-1536x1536.jpg 1536w, https:\/\/shop.ahlmann.nl\/wp-content\/uploads\/2020\/02\/WS_SCHAALMODELLEN-Ahlmann-AS-900-3G-2048x2048.jpg 2048w\" sizes=\"auto, (max-width: 300px) 100vw, 300px\" \/><br \/>\n<\/strong><\/p>\n<p><strong>\u00c9DITION LIMIT\u00c9E<\/strong><br \/>\n\u00c9chelle 1:50 | Fabriqu\u00e9 par Conrad | 2448\/02<br \/>\nNe convient pas aux enfants de moins de 14 ans.<\/p>\n","protected":false},"excerpt":{"rendered":"<p>Mod\u00e8le parfaitement recr\u00e9\u00e9 \u00e0 l&#8217;\u00e9chelle du chargeuse swing Ahlmann AS 900, \u00e9quip\u00e9 d&#8217;un syst\u00e8me de changement rapide et d&#8217;un godet 4 en 1, de fourche \u00e0 palettes, d&#8217;un potence et d&#8217;un benne preneuse.<\/p>\n","protected":false},"featured_media":0,"template":"","meta":{"_acf_changed":false,"_monsterinsights_skip_tracking":false,"_monsterinsights_sitenote_active":false,"_monsterinsights_sitenote_note":"","_monsterinsights_sitenote_category":0},"product_brand":[],"product_cat":[16],"product_tag":[],"class_list":{"0":"post-2378","1":"product","2":"type-product","3":"status-publish","5":"product_cat-alles","7":"first","8":"instock","9":"taxable","10":"shipping-taxable","11":"product-type-simple"},"acf":[],"_links":{"self":[{"href":"https:\/\/shop.ahlmann.nl\/fr\/wp-json\/wp\/v2\/product\/2378","targetHints":{"allow":["GET"]}}],"collection":[{"href":"https:\/\/shop.ahlmann.nl\/fr\/wp-json\/wp\/v2\/product"}],"about":[{"href":"https:\/\/shop.ahlmann.nl\/fr\/wp-json\/wp\/v2\/types\/product"}],"wp:attachment":[{"href":"https:\/\/shop.ahlmann.nl\/fr\/wp-json\/wp\/v2\/media?parent=2378"}],"wp:term":[{"taxonomy":"product_brand","embeddable":true,"href":"https:\/\/shop.ahlmann.nl\/fr\/wp-json\/wp\/v2\/product_brand?post=2378"},{"taxonomy":"product_cat","embeddable":true,"href":"https:\/\/shop.ahlmann.nl\/fr\/wp-json\/wp\/v2\/product_cat?post=2378"},{"taxonomy":"product_tag","embeddable":true,"href":"https:\/\/shop.ahlmann.nl\/fr\/wp-json\/wp\/v2\/product_tag?post=2378"}],"curies":[{"name":"wp","href":"https:\/\/api.w.org\/{rel}","templated":true}]}}