{"id":2219,"date":"2020-02-05T08:12:47","date_gmt":"2020-02-05T08:12:47","guid":{"rendered":"https:\/\/shop.ahlmann.nl\/product\/sculpture-de-verre-mecalac-greenjob-12mtx\/"},"modified":"2025-11-06T13:26:44","modified_gmt":"2025-11-06T13:26:44","slug":"glassculptuur-mecalac-greenjob-12mtx","status":"publish","type":"product","link":"https:\/\/shop.ahlmann.nl\/fr\/produit\/glassculptuur-mecalac-greenjob-12mtx\/","title":{"rendered":"Sculpture en verre Mecalac GreenJob 12MTX"},"content":{"rendered":"<p>Format 6x6x6 cm.<br \/>\nEmball\u00e9 dans un coffret cadeau.<\/p>\n","protected":false},"excerpt":{"rendered":"<p>Sculpture en verre du Mecalac GreenJob 12MTX. La machine est grav\u00e9e en hologramme gr\u00e2ce \u00e0 la technologie laser 3D. <\/p>\n<p><img loading=\"lazy\" decoding=\"async\" class=\"size-medium wp-image-1429\" src=\"https:\/\/shop.ahlmann.nl\/wp-content\/uploads\/2020\/02\/WS_LUXE_Glassculptuur-Mecalac-GreenJob-12MTX-04793-300x300.jpg\" alt=\"\" width=\"300\" height=\"300\" srcset=\"https:\/\/shop.ahlmann.nl\/wp-content\/uploads\/2020\/02\/WS_LUXE_Glassculptuur-Mecalac-GreenJob-12MTX-04793-300x300.jpg 300w, https:\/\/shop.ahlmann.nl\/wp-content\/uploads\/2020\/02\/WS_LUXE_Glassculptuur-Mecalac-GreenJob-12MTX-04793-247x247.jpg 247w, https:\/\/shop.ahlmann.nl\/wp-content\/uploads\/2020\/02\/WS_LUXE_Glassculptuur-Mecalac-GreenJob-12MTX-04793-100x100.jpg 100w, https:\/\/shop.ahlmann.nl\/wp-content\/uploads\/2020\/02\/WS_LUXE_Glassculptuur-Mecalac-GreenJob-12MTX-04793-510x510.jpg 510w, https:\/\/shop.ahlmann.nl\/wp-content\/uploads\/2020\/02\/WS_LUXE_Glassculptuur-Mecalac-GreenJob-12MTX-04793-150x150.jpg 150w, https:\/\/shop.ahlmann.nl\/wp-content\/uploads\/2020\/02\/WS_LUXE_Glassculptuur-Mecalac-GreenJob-12MTX-04793.jpg 600w\" sizes=\"auto, (max-width: 300px) 100vw, 300px\" \/><\/p>\n","protected":false},"featured_media":1423,"template":"","meta":{"_acf_changed":false,"_monsterinsights_skip_tracking":false,"_monsterinsights_sitenote_active":false,"_monsterinsights_sitenote_note":"","_monsterinsights_sitenote_category":0},"product_brand":[],"product_cat":[88,75],"product_tag":[],"class_list":{"0":"post-2219","1":"product","2":"type-product","3":"status-publish","4":"has-post-thumbnail","6":"product_cat-tout","7":"product_cat-modeles-reduits","9":"first","10":"instock","11":"taxable","12":"shipping-taxable","13":"purchasable","14":"product-type-simple"},"acf":[],"_links":{"self":[{"href":"https:\/\/shop.ahlmann.nl\/fr\/wp-json\/wp\/v2\/product\/2219","targetHints":{"allow":["GET"]}}],"collection":[{"href":"https:\/\/shop.ahlmann.nl\/fr\/wp-json\/wp\/v2\/product"}],"about":[{"href":"https:\/\/shop.ahlmann.nl\/fr\/wp-json\/wp\/v2\/types\/product"}],"wp:featuredmedia":[{"embeddable":true,"href":"https:\/\/shop.ahlmann.nl\/fr\/wp-json\/wp\/v2\/media\/1423"}],"wp:attachment":[{"href":"https:\/\/shop.ahlmann.nl\/fr\/wp-json\/wp\/v2\/media?parent=2219"}],"wp:term":[{"taxonomy":"product_brand","embeddable":true,"href":"https:\/\/shop.ahlmann.nl\/fr\/wp-json\/wp\/v2\/product_brand?post=2219"},{"taxonomy":"product_cat","embeddable":true,"href":"https:\/\/shop.ahlmann.nl\/fr\/wp-json\/wp\/v2\/product_cat?post=2219"},{"taxonomy":"product_tag","embeddable":true,"href":"https:\/\/shop.ahlmann.nl\/fr\/wp-json\/wp\/v2\/product_tag?post=2219"}],"curies":[{"name":"wp","href":"https:\/\/api.w.org\/{rel}","templated":true}]}}