{"id":2205,"date":"2020-02-05T08:14:28","date_gmt":"2020-02-05T08:14:28","guid":{"rendered":"https:\/\/shop.ahlmann.nl\/product\/porte-clefs-mecalac\/"},"modified":"2025-11-06T13:26:45","modified_gmt":"2025-11-06T13:26:45","slug":"sleutelhanger-mecalac","status":"publish","type":"product","link":"https:\/\/shop.ahlmann.nl\/fr\/produit\/sleutelhanger-mecalac\/","title":{"rendered":"Porte-cl\u00e9s Mecalac"},"content":{"rendered":"<p>Dimensions env. 11&#215;2,5 cm<\/p>\n","protected":false},"excerpt":{"rendered":"<p><img loading=\"lazy\" decoding=\"async\" class=\"alignnone size-medium wp-image-1550\" src=\"https:\/\/shop.ahlmann.nl\/wp-content\/uploads\/2020\/02\/WS_LUXE_SLEUTELHANGER_Mecalac_1-300x300.jpg\" alt=\"\" width=\"300\" height=\"300\" srcset=\"https:\/\/shop.ahlmann.nl\/wp-content\/uploads\/2020\/02\/WS_LUXE_SLEUTELHANGER_Mecalac_1-300x300.jpg 300w, https:\/\/shop.ahlmann.nl\/wp-content\/uploads\/2020\/02\/WS_LUXE_SLEUTELHANGER_Mecalac_1-247x247.jpg 247w, https:\/\/shop.ahlmann.nl\/wp-content\/uploads\/2020\/02\/WS_LUXE_SLEUTELHANGER_Mecalac_1-100x100.jpg 100w, https:\/\/shop.ahlmann.nl\/wp-content\/uploads\/2020\/02\/WS_LUXE_SLEUTELHANGER_Mecalac_1-510x510.jpg 510w, https:\/\/shop.ahlmann.nl\/wp-content\/uploads\/2020\/02\/WS_LUXE_SLEUTELHANGER_Mecalac_1-150x150.jpg 150w, https:\/\/shop.ahlmann.nl\/wp-content\/uploads\/2020\/02\/WS_LUXE_SLEUTELHANGER_Mecalac_1.jpg 600w\" sizes=\"auto, (max-width: 300px) 100vw, 300px\" \/><br \/>\nPorte-cl\u00e9s en m\u00e9tal. Dot\u00e9 d&#8217;un sticker doming sur les deux faces. La bande (boucle) en PU marron comporte \u00e9galement une impression en relief.  <\/p>\n","protected":false},"featured_media":1544,"template":"","meta":{"_acf_changed":false,"_monsterinsights_skip_tracking":false,"_monsterinsights_sitenote_active":false,"_monsterinsights_sitenote_note":"","_monsterinsights_sitenote_category":0},"product_brand":[],"product_cat":[88,83],"product_tag":[],"class_list":{"0":"post-2205","1":"product","2":"type-product","3":"status-publish","4":"has-post-thumbnail","6":"product_cat-tout","7":"product_cat-autres-articles-fr","9":"first","10":"instock","11":"taxable","12":"shipping-taxable","13":"purchasable","14":"product-type-simple"},"acf":[],"_links":{"self":[{"href":"https:\/\/shop.ahlmann.nl\/fr\/wp-json\/wp\/v2\/product\/2205","targetHints":{"allow":["GET"]}}],"collection":[{"href":"https:\/\/shop.ahlmann.nl\/fr\/wp-json\/wp\/v2\/product"}],"about":[{"href":"https:\/\/shop.ahlmann.nl\/fr\/wp-json\/wp\/v2\/types\/product"}],"wp:featuredmedia":[{"embeddable":true,"href":"https:\/\/shop.ahlmann.nl\/fr\/wp-json\/wp\/v2\/media\/1544"}],"wp:attachment":[{"href":"https:\/\/shop.ahlmann.nl\/fr\/wp-json\/wp\/v2\/media?parent=2205"}],"wp:term":[{"taxonomy":"product_brand","embeddable":true,"href":"https:\/\/shop.ahlmann.nl\/fr\/wp-json\/wp\/v2\/product_brand?post=2205"},{"taxonomy":"product_cat","embeddable":true,"href":"https:\/\/shop.ahlmann.nl\/fr\/wp-json\/wp\/v2\/product_cat?post=2205"},{"taxonomy":"product_tag","embeddable":true,"href":"https:\/\/shop.ahlmann.nl\/fr\/wp-json\/wp\/v2\/product_tag?post=2205"}],"curies":[{"name":"wp","href":"https:\/\/api.w.org\/{rel}","templated":true}]}}