{"id":2201,"date":"2020-02-05T08:07:40","date_gmt":"2020-02-05T08:07:40","guid":{"rendered":"https:\/\/shop.ahlmann.nl\/product\/porte-documents\/"},"modified":"2025-11-06T13:27:14","modified_gmt":"2025-11-06T13:27:14","slug":"documententas","status":"publish","type":"product","link":"https:\/\/shop.ahlmann.nl\/fr\/produit\/documententas\/","title":{"rendered":"Sacoche porte-documents"},"content":{"rendered":"<p><img loading=\"lazy\" decoding=\"async\" class=\"alignnone size-medium wp-image-4742\" src=\"https:\/\/shop.ahlmann.nl\/wp-content\/uploads\/2025\/11\/WS_LUXE_Documententas-3-300x300.png\" alt=\"\" width=\"300\" height=\"300\" srcset=\"https:\/\/shop.ahlmann.nl\/wp-content\/uploads\/2025\/11\/WS_LUXE_Documententas-3-300x300.png 300w, https:\/\/shop.ahlmann.nl\/wp-content\/uploads\/2025\/11\/WS_LUXE_Documententas-3-150x150.png 150w, https:\/\/shop.ahlmann.nl\/wp-content\/uploads\/2025\/11\/WS_LUXE_Documententas-3-247x247.png 247w, https:\/\/shop.ahlmann.nl\/wp-content\/uploads\/2025\/11\/WS_LUXE_Documententas-3-510x510.png 510w, https:\/\/shop.ahlmann.nl\/wp-content\/uploads\/2025\/11\/WS_LUXE_Documententas-3-100x100.png 100w, https:\/\/shop.ahlmann.nl\/wp-content\/uploads\/2025\/11\/WS_LUXE_Documententas-3.png 600w\" sizes=\"auto, (max-width: 300px) 100vw, 300px\" \/><\/p>\n<p>Couleur&nbsp;: bleu.<br \/>\n Dimensions&nbsp;: 40&nbsp;x&nbsp;30&nbsp;x&nbsp;8&nbsp;cm.<br \/>\n Impression sur 2&nbsp;faces.<\/p>\n","protected":false},"excerpt":{"rendered":"<p><img loading=\"lazy\" decoding=\"async\" class=\"alignnone size-medium wp-image-4738\" src=\"https:\/\/shop.ahlmann.nl\/wp-content\/uploads\/2025\/11\/WS_LUXE_Documententas-2-300x300.png\" alt=\"\" width=\"300\" height=\"300\" srcset=\"https:\/\/shop.ahlmann.nl\/wp-content\/uploads\/2025\/11\/WS_LUXE_Documententas-2-300x300.png 300w, https:\/\/shop.ahlmann.nl\/wp-content\/uploads\/2025\/11\/WS_LUXE_Documententas-2-150x150.png 150w, https:\/\/shop.ahlmann.nl\/wp-content\/uploads\/2025\/11\/WS_LUXE_Documententas-2-247x247.png 247w, https:\/\/shop.ahlmann.nl\/wp-content\/uploads\/2025\/11\/WS_LUXE_Documententas-2-510x510.png 510w, https:\/\/shop.ahlmann.nl\/wp-content\/uploads\/2025\/11\/WS_LUXE_Documententas-2-100x100.png 100w, https:\/\/shop.ahlmann.nl\/wp-content\/uploads\/2025\/11\/WS_LUXE_Documententas-2.png 600w\" sizes=\"auto, (max-width: 300px) 100vw, 300px\" \/><br \/>\nSacoche porte-documents\/\u00e9paule en polyester 600D avec grand compartiment principal, 2&nbsp;compartiments pour stylos et bandouli\u00e8re r\u00e9glable.<\/p>\n","protected":false},"featured_media":4736,"template":"","meta":{"_acf_changed":false,"_monsterinsights_skip_tracking":false,"_monsterinsights_sitenote_active":false,"_monsterinsights_sitenote_note":"","_monsterinsights_sitenote_category":0},"product_brand":[],"product_cat":[88,83],"product_tag":[],"class_list":{"0":"post-2201","1":"product","2":"type-product","3":"status-publish","4":"has-post-thumbnail","6":"product_cat-tout","7":"product_cat-autres-articles-fr","9":"first","10":"instock","11":"taxable","12":"shipping-taxable","13":"purchasable","14":"product-type-simple"},"acf":[],"_links":{"self":[{"href":"https:\/\/shop.ahlmann.nl\/fr\/wp-json\/wp\/v2\/product\/2201","targetHints":{"allow":["GET"]}}],"collection":[{"href":"https:\/\/shop.ahlmann.nl\/fr\/wp-json\/wp\/v2\/product"}],"about":[{"href":"https:\/\/shop.ahlmann.nl\/fr\/wp-json\/wp\/v2\/types\/product"}],"wp:featuredmedia":[{"embeddable":true,"href":"https:\/\/shop.ahlmann.nl\/fr\/wp-json\/wp\/v2\/media\/4736"}],"wp:attachment":[{"href":"https:\/\/shop.ahlmann.nl\/fr\/wp-json\/wp\/v2\/media?parent=2201"}],"wp:term":[{"taxonomy":"product_brand","embeddable":true,"href":"https:\/\/shop.ahlmann.nl\/fr\/wp-json\/wp\/v2\/product_brand?post=2201"},{"taxonomy":"product_cat","embeddable":true,"href":"https:\/\/shop.ahlmann.nl\/fr\/wp-json\/wp\/v2\/product_cat?post=2201"},{"taxonomy":"product_tag","embeddable":true,"href":"https:\/\/shop.ahlmann.nl\/fr\/wp-json\/wp\/v2\/product_tag?post=2201"}],"curies":[{"name":"wp","href":"https:\/\/api.w.org\/{rel}","templated":true}]}}