{"id":2190,"date":"2020-02-06T07:54:07","date_gmt":"2020-02-06T07:54:07","guid":{"rendered":"https:\/\/shop.ahlmann.nl\/product\/vloermat-ahlmann-az-150f\/"},"modified":"2025-11-06T13:28:08","modified_gmt":"2025-11-06T13:28:08","slug":"vloermat-ahlmann-az-150f-as-1600","status":"publish","type":"product","link":"https:\/\/shop.ahlmann.nl\/fr\/produit\/vloermat-ahlmann-az-150f-as-1600\/","title":{"rendered":"Tapis de sol Ahlmann AZ 150f \/ AS 1600"},"content":{"rendered":"<p><img loading=\"lazy\" decoding=\"async\" class=\"alignnone size-medium wp-image-4806\" src=\"https:\/\/shop.ahlmann.nl\/wp-content\/uploads\/2020\/02\/WS_Mat-030150-AZ-150f-1-300x300.png\" alt=\"\" width=\"300\" height=\"300\" srcset=\"https:\/\/shop.ahlmann.nl\/wp-content\/uploads\/2020\/02\/WS_Mat-030150-AZ-150f-1-300x300.png 300w, https:\/\/shop.ahlmann.nl\/wp-content\/uploads\/2020\/02\/WS_Mat-030150-AZ-150f-1-150x150.png 150w, https:\/\/shop.ahlmann.nl\/wp-content\/uploads\/2020\/02\/WS_Mat-030150-AZ-150f-1-247x247.png 247w, https:\/\/shop.ahlmann.nl\/wp-content\/uploads\/2020\/02\/WS_Mat-030150-AZ-150f-1-510x510.png 510w, https:\/\/shop.ahlmann.nl\/wp-content\/uploads\/2020\/02\/WS_Mat-030150-AZ-150f-1-100x100.png 100w, https:\/\/shop.ahlmann.nl\/wp-content\/uploads\/2020\/02\/WS_Mat-030150-AZ-150f-1.png 600w\" sizes=\"auto, (max-width: 300px) 100vw, 300px\" \/> <img loading=\"lazy\" decoding=\"async\" class=\"alignnone size-medium wp-image-4810\" src=\"https:\/\/shop.ahlmann.nl\/wp-content\/uploads\/2020\/02\/WS_Mat-030150-AZ-150f-detail-300x300.png\" alt=\"\" width=\"300\" height=\"300\" srcset=\"https:\/\/shop.ahlmann.nl\/wp-content\/uploads\/2020\/02\/WS_Mat-030150-AZ-150f-detail-300x300.png 300w, https:\/\/shop.ahlmann.nl\/wp-content\/uploads\/2020\/02\/WS_Mat-030150-AZ-150f-detail-150x150.png 150w, https:\/\/shop.ahlmann.nl\/wp-content\/uploads\/2020\/02\/WS_Mat-030150-AZ-150f-detail-247x247.png 247w, https:\/\/shop.ahlmann.nl\/wp-content\/uploads\/2020\/02\/WS_Mat-030150-AZ-150f-detail-510x510.png 510w, https:\/\/shop.ahlmann.nl\/wp-content\/uploads\/2020\/02\/WS_Mat-030150-AZ-150f-detail-100x100.png 100w, https:\/\/shop.ahlmann.nl\/wp-content\/uploads\/2020\/02\/WS_Mat-030150-AZ-150f-detail.png 600w\" sizes=\"auto, (max-width: 300px) 100vw, 300px\" \/><br \/>\n<span style=\"font-size: 14.4px;\">Le tapis est fabriqu\u00e9 en aiguillet\u00e9 et porte notre logo.<\/span><\/p>\n","protected":false},"excerpt":{"rendered":"<p>Le tapis de sol parfait pour ta chargeuse. Ajustement \u00e0 100 %, pour prot\u00e9ger ton int\u00e9rieur contre la salet\u00e9 et les dommages, ou pour donner \u00e0 ta machine un aspect propre, frais et neuf. La facilit\u00e9 de simplement secouer un tapis pour un plancher de cabine propre.  <\/p>\n","protected":false},"featured_media":1779,"template":"","meta":{"_acf_changed":false,"_monsterinsights_skip_tracking":false,"_monsterinsights_sitenote_active":false,"_monsterinsights_sitenote_note":"","_monsterinsights_sitenote_category":0},"product_brand":[],"product_cat":[88,86],"product_tag":[],"class_list":{"0":"post-2190","1":"product","2":"type-product","3":"status-publish","4":"has-post-thumbnail","6":"product_cat-tout","7":"product_cat-accessoires-fr","9":"first","10":"instock","11":"taxable","12":"shipping-taxable","13":"purchasable","14":"product-type-simple"},"acf":[],"_links":{"self":[{"href":"https:\/\/shop.ahlmann.nl\/fr\/wp-json\/wp\/v2\/product\/2190","targetHints":{"allow":["GET"]}}],"collection":[{"href":"https:\/\/shop.ahlmann.nl\/fr\/wp-json\/wp\/v2\/product"}],"about":[{"href":"https:\/\/shop.ahlmann.nl\/fr\/wp-json\/wp\/v2\/types\/product"}],"wp:featuredmedia":[{"embeddable":true,"href":"https:\/\/shop.ahlmann.nl\/fr\/wp-json\/wp\/v2\/media\/1779"}],"wp:attachment":[{"href":"https:\/\/shop.ahlmann.nl\/fr\/wp-json\/wp\/v2\/media?parent=2190"}],"wp:term":[{"taxonomy":"product_brand","embeddable":true,"href":"https:\/\/shop.ahlmann.nl\/fr\/wp-json\/wp\/v2\/product_brand?post=2190"},{"taxonomy":"product_cat","embeddable":true,"href":"https:\/\/shop.ahlmann.nl\/fr\/wp-json\/wp\/v2\/product_cat?post=2190"},{"taxonomy":"product_tag","embeddable":true,"href":"https:\/\/shop.ahlmann.nl\/fr\/wp-json\/wp\/v2\/product_tag?post=2190"}],"curies":[{"name":"wp","href":"https:\/\/api.w.org\/{rel}","templated":true}]}}