{"id":2164,"date":"2020-02-06T07:55:41","date_gmt":"2020-02-06T07:55:41","guid":{"rendered":"https:\/\/shop.ahlmann.nl\/product\/tapis-de-sol-mecalac-7-9-11mwr\/"},"modified":"2025-11-06T13:28:14","modified_gmt":"2025-11-06T13:28:14","slug":"vloermat-mecalac-7-9-11mwr","status":"publish","type":"product","link":"https:\/\/shop.ahlmann.nl\/fr\/produit\/vloermat-mecalac-7-9-11mwr\/","title":{"rendered":"Tapis de sol Mecalac 7\/9\/11MWR"},"content":{"rendered":"<p><img loading=\"lazy\" decoding=\"async\" class=\"alignnone size-medium wp-image-4770\" src=\"https:\/\/shop.ahlmann.nl\/wp-content\/uploads\/2020\/02\/WS_Mat-030900-7-9-11MWR-NL-300x300.png\" alt=\"\" width=\"300\" height=\"300\" srcset=\"https:\/\/shop.ahlmann.nl\/wp-content\/uploads\/2020\/02\/WS_Mat-030900-7-9-11MWR-NL-300x300.png 300w, https:\/\/shop.ahlmann.nl\/wp-content\/uploads\/2020\/02\/WS_Mat-030900-7-9-11MWR-NL-1024x1024.png 1024w, https:\/\/shop.ahlmann.nl\/wp-content\/uploads\/2020\/02\/WS_Mat-030900-7-9-11MWR-NL-150x150.png 150w, https:\/\/shop.ahlmann.nl\/wp-content\/uploads\/2020\/02\/WS_Mat-030900-7-9-11MWR-NL-768x768.png 768w, https:\/\/shop.ahlmann.nl\/wp-content\/uploads\/2020\/02\/WS_Mat-030900-7-9-11MWR-NL-1536x1536.png 1536w\" sizes=\"auto, (max-width: 300px) 100vw, 300px\" \/><img loading=\"lazy\" decoding=\"async\" class=\"alignnone size-medium wp-image-4766\" src=\"https:\/\/shop.ahlmann.nl\/wp-content\/uploads\/2020\/02\/WS_Mat-030900-7-9-11MWR-NL-detail-300x300.png\" alt=\"\" width=\"300\" height=\"300\" srcset=\"https:\/\/shop.ahlmann.nl\/wp-content\/uploads\/2020\/02\/WS_Mat-030900-7-9-11MWR-NL-detail-300x300.png 300w, https:\/\/shop.ahlmann.nl\/wp-content\/uploads\/2020\/02\/WS_Mat-030900-7-9-11MWR-NL-detail-150x150.png 150w, https:\/\/shop.ahlmann.nl\/wp-content\/uploads\/2020\/02\/WS_Mat-030900-7-9-11MWR-NL-detail-247x247.png 247w, https:\/\/shop.ahlmann.nl\/wp-content\/uploads\/2020\/02\/WS_Mat-030900-7-9-11MWR-NL-detail-510x510.png 510w, https:\/\/shop.ahlmann.nl\/wp-content\/uploads\/2020\/02\/WS_Mat-030900-7-9-11MWR-NL-detail-100x100.png 100w, https:\/\/shop.ahlmann.nl\/wp-content\/uploads\/2020\/02\/WS_Mat-030900-7-9-11MWR-NL-detail.png 600w\" sizes=\"auto, (max-width: 300px) 100vw, 300px\" \/><br \/>\nLe tapis est fabriqu\u00e9 en feutre aiguillet\u00e9 et orn\u00e9 de notre logo.<\/p>\n","protected":false},"excerpt":{"rendered":"<p>Le tapis de sol parfait pour ta pelleteuse. Ajustement parfait \u00e0 100 %, pour prot\u00e9ger ton int\u00e9rieur contre la salet\u00e9 et les dommages, ou donner \u00e0 ta machine un aspect propre, frais et neuf. La facilit\u00e9 de simplement secouer un tapis pour avoir un sol de cabine propre.  <\/p>\n","protected":false},"featured_media":2619,"template":"","meta":{"_acf_changed":false,"_monsterinsights_skip_tracking":false,"_monsterinsights_sitenote_active":false,"_monsterinsights_sitenote_note":"","_monsterinsights_sitenote_category":0},"product_brand":[],"product_cat":[88,86],"product_tag":[],"class_list":{"0":"post-2164","1":"product","2":"type-product","3":"status-publish","4":"has-post-thumbnail","6":"product_cat-tout","7":"product_cat-accessoires-fr","9":"first","10":"instock","11":"taxable","12":"shipping-taxable","13":"purchasable","14":"product-type-simple"},"acf":[],"_links":{"self":[{"href":"https:\/\/shop.ahlmann.nl\/fr\/wp-json\/wp\/v2\/product\/2164","targetHints":{"allow":["GET"]}}],"collection":[{"href":"https:\/\/shop.ahlmann.nl\/fr\/wp-json\/wp\/v2\/product"}],"about":[{"href":"https:\/\/shop.ahlmann.nl\/fr\/wp-json\/wp\/v2\/types\/product"}],"wp:featuredmedia":[{"embeddable":true,"href":"https:\/\/shop.ahlmann.nl\/fr\/wp-json\/wp\/v2\/media\/2619"}],"wp:attachment":[{"href":"https:\/\/shop.ahlmann.nl\/fr\/wp-json\/wp\/v2\/media?parent=2164"}],"wp:term":[{"taxonomy":"product_brand","embeddable":true,"href":"https:\/\/shop.ahlmann.nl\/fr\/wp-json\/wp\/v2\/product_brand?post=2164"},{"taxonomy":"product_cat","embeddable":true,"href":"https:\/\/shop.ahlmann.nl\/fr\/wp-json\/wp\/v2\/product_cat?post=2164"},{"taxonomy":"product_tag","embeddable":true,"href":"https:\/\/shop.ahlmann.nl\/fr\/wp-json\/wp\/v2\/product_tag?post=2164"}],"curies":[{"name":"wp","href":"https:\/\/api.w.org\/{rel}","templated":true}]}}