{"id":2161,"date":"2020-02-06T07:55:11","date_gmt":"2020-02-06T07:55:11","guid":{"rendered":"https:\/\/shop.ahlmann.nl\/product\/tapis-de-sol-mecalac-8mcr-ng\/"},"modified":"2025-11-06T13:28:09","modified_gmt":"2025-11-06T13:28:09","slug":"vloermat-mecalac-6-8-10mcr-ng","status":"publish","type":"product","link":"https:\/\/shop.ahlmann.nl\/fr\/produit\/vloermat-mecalac-6-8-10mcr-ng\/","title":{"rendered":"Tapis de sol Mecalac 6\/8\/10MCR-NG"},"content":{"rendered":"<p><img loading=\"lazy\" decoding=\"async\" class=\"alignnone size-medium wp-image-4782\" src=\"https:\/\/shop.ahlmann.nl\/wp-content\/uploads\/2020\/02\/WS_Mat-030801-8MCR-NG-300x300.png\" alt=\"\" width=\"300\" height=\"300\" srcset=\"https:\/\/shop.ahlmann.nl\/wp-content\/uploads\/2020\/02\/WS_Mat-030801-8MCR-NG-300x300.png 300w, https:\/\/shop.ahlmann.nl\/wp-content\/uploads\/2020\/02\/WS_Mat-030801-8MCR-NG-150x150.png 150w, https:\/\/shop.ahlmann.nl\/wp-content\/uploads\/2020\/02\/WS_Mat-030801-8MCR-NG-247x247.png 247w, https:\/\/shop.ahlmann.nl\/wp-content\/uploads\/2020\/02\/WS_Mat-030801-8MCR-NG-510x510.png 510w, https:\/\/shop.ahlmann.nl\/wp-content\/uploads\/2020\/02\/WS_Mat-030801-8MCR-NG-100x100.png 100w, https:\/\/shop.ahlmann.nl\/wp-content\/uploads\/2020\/02\/WS_Mat-030801-8MCR-NG.png 600w\" sizes=\"auto, (max-width: 300px) 100vw, 300px\" \/><img loading=\"lazy\" decoding=\"async\" class=\"alignnone size-medium wp-image-4778\" src=\"https:\/\/shop.ahlmann.nl\/wp-content\/uploads\/2020\/02\/WS_Mat-030801-8MCR-NG-detail-300x300.png\" alt=\"\" width=\"300\" height=\"300\" srcset=\"https:\/\/shop.ahlmann.nl\/wp-content\/uploads\/2020\/02\/WS_Mat-030801-8MCR-NG-detail-300x300.png 300w, https:\/\/shop.ahlmann.nl\/wp-content\/uploads\/2020\/02\/WS_Mat-030801-8MCR-NG-detail-150x150.png 150w, https:\/\/shop.ahlmann.nl\/wp-content\/uploads\/2020\/02\/WS_Mat-030801-8MCR-NG-detail-247x247.png 247w, https:\/\/shop.ahlmann.nl\/wp-content\/uploads\/2020\/02\/WS_Mat-030801-8MCR-NG-detail-510x510.png 510w, https:\/\/shop.ahlmann.nl\/wp-content\/uploads\/2020\/02\/WS_Mat-030801-8MCR-NG-detail-100x100.png 100w, https:\/\/shop.ahlmann.nl\/wp-content\/uploads\/2020\/02\/WS_Mat-030801-8MCR-NG-detail.png 600w\" sizes=\"auto, (max-width: 300px) 100vw, 300px\" \/><br \/>\nLe tapis est fabriqu\u00e9 en feutre aiguillet\u00e9 et porte notre logo.<br \/>\n\u00c0 partir du VIN (num\u00e9ro de ch\u00e2ssis) 162000.<\/p>\n","protected":false},"excerpt":{"rendered":"<p>Le tapis de sol parfait pour votre excavatrice. Ajustement parfait \u00e0 100 %, pour prot\u00e9ger votre int\u00e9rieur contre la salet\u00e9 et les dommages, ou pour donner \u00e0 votre machine un aspect propre, frais et neuf. La facilit\u00e9 de simplement secouer un tapis pour un plancher de cabine propre.  <\/p>\n","protected":false},"featured_media":2619,"template":"","meta":{"_acf_changed":false,"_monsterinsights_skip_tracking":false,"_monsterinsights_sitenote_active":false,"_monsterinsights_sitenote_note":"","_monsterinsights_sitenote_category":0},"product_brand":[],"product_cat":[88,86],"product_tag":[],"class_list":{"0":"post-2161","1":"product","2":"type-product","3":"status-publish","4":"has-post-thumbnail","6":"product_cat-tout","7":"product_cat-accessoires-fr","9":"first","10":"instock","11":"taxable","12":"shipping-taxable","13":"purchasable","14":"product-type-simple"},"acf":[],"_links":{"self":[{"href":"https:\/\/shop.ahlmann.nl\/fr\/wp-json\/wp\/v2\/product\/2161","targetHints":{"allow":["GET"]}}],"collection":[{"href":"https:\/\/shop.ahlmann.nl\/fr\/wp-json\/wp\/v2\/product"}],"about":[{"href":"https:\/\/shop.ahlmann.nl\/fr\/wp-json\/wp\/v2\/types\/product"}],"wp:featuredmedia":[{"embeddable":true,"href":"https:\/\/shop.ahlmann.nl\/fr\/wp-json\/wp\/v2\/media\/2619"}],"wp:attachment":[{"href":"https:\/\/shop.ahlmann.nl\/fr\/wp-json\/wp\/v2\/media?parent=2161"}],"wp:term":[{"taxonomy":"product_brand","embeddable":true,"href":"https:\/\/shop.ahlmann.nl\/fr\/wp-json\/wp\/v2\/product_brand?post=2161"},{"taxonomy":"product_cat","embeddable":true,"href":"https:\/\/shop.ahlmann.nl\/fr\/wp-json\/wp\/v2\/product_cat?post=2161"},{"taxonomy":"product_tag","embeddable":true,"href":"https:\/\/shop.ahlmann.nl\/fr\/wp-json\/wp\/v2\/product_tag?post=2161"}],"curies":[{"name":"wp","href":"https:\/\/api.w.org\/{rel}","templated":true}]}}