{"id":2154,"date":"2020-02-06T07:53:40","date_gmt":"2020-02-06T07:53:40","guid":{"rendered":"https:\/\/shop.ahlmann.nl\/product\/tapis-de-sol-ahlmann-az-95e\/"},"modified":"2025-11-06T13:23:26","modified_gmt":"2025-11-06T13:23:26","slug":"vloermat-ahlmann-az-95e-as-900tele-as-1000","status":"publish","type":"product","link":"https:\/\/shop.ahlmann.nl\/fr\/produit\/vloermat-ahlmann-az-95e-as-900tele-as-1000\/","title":{"rendered":"Tapis de sol Ahlmann AZ 95(e\/f) \/ AS 900tele \/ AS 1000"},"content":{"rendered":"<p><img loading=\"lazy\" decoding=\"async\" class=\"alignnone size-medium wp-image-4802\" src=\"https:\/\/shop.ahlmann.nl\/wp-content\/uploads\/2020\/02\/WS_Mat-030095-AZ-95e-300x300.png\" alt=\"\" width=\"300\" height=\"300\" srcset=\"https:\/\/shop.ahlmann.nl\/wp-content\/uploads\/2020\/02\/WS_Mat-030095-AZ-95e-300x300.png 300w, https:\/\/shop.ahlmann.nl\/wp-content\/uploads\/2020\/02\/WS_Mat-030095-AZ-95e-150x150.png 150w, https:\/\/shop.ahlmann.nl\/wp-content\/uploads\/2020\/02\/WS_Mat-030095-AZ-95e-247x247.png 247w, https:\/\/shop.ahlmann.nl\/wp-content\/uploads\/2020\/02\/WS_Mat-030095-AZ-95e-510x510.png 510w, https:\/\/shop.ahlmann.nl\/wp-content\/uploads\/2020\/02\/WS_Mat-030095-AZ-95e-100x100.png 100w, https:\/\/shop.ahlmann.nl\/wp-content\/uploads\/2020\/02\/WS_Mat-030095-AZ-95e.png 600w\" sizes=\"auto, (max-width: 300px) 100vw, 300px\" \/><img loading=\"lazy\" decoding=\"async\" class=\"alignnone size-medium wp-image-4794\" src=\"https:\/\/shop.ahlmann.nl\/wp-content\/uploads\/2020\/02\/WS_Mat-030095-AZ-95e-detail-2-300x300.png\" alt=\"\" width=\"300\" height=\"300\" srcset=\"https:\/\/shop.ahlmann.nl\/wp-content\/uploads\/2020\/02\/WS_Mat-030095-AZ-95e-detail-2-300x300.png 300w, https:\/\/shop.ahlmann.nl\/wp-content\/uploads\/2020\/02\/WS_Mat-030095-AZ-95e-detail-2-150x150.png 150w, https:\/\/shop.ahlmann.nl\/wp-content\/uploads\/2020\/02\/WS_Mat-030095-AZ-95e-detail-2-247x247.png 247w, https:\/\/shop.ahlmann.nl\/wp-content\/uploads\/2020\/02\/WS_Mat-030095-AZ-95e-detail-2-510x510.png 510w, https:\/\/shop.ahlmann.nl\/wp-content\/uploads\/2020\/02\/WS_Mat-030095-AZ-95e-detail-2-100x100.png 100w, https:\/\/shop.ahlmann.nl\/wp-content\/uploads\/2020\/02\/WS_Mat-030095-AZ-95e-detail-2.png 600w\" sizes=\"auto, (max-width: 300px) 100vw, 300px\" \/> <img loading=\"lazy\" decoding=\"async\" class=\"alignnone size-medium wp-image-4798\" src=\"https:\/\/shop.ahlmann.nl\/wp-content\/uploads\/2020\/02\/WS_Mat-030095-AZ-95e-detail-3-300x300.png\" alt=\"\" width=\"300\" height=\"300\" srcset=\"https:\/\/shop.ahlmann.nl\/wp-content\/uploads\/2020\/02\/WS_Mat-030095-AZ-95e-detail-3-300x300.png 300w, https:\/\/shop.ahlmann.nl\/wp-content\/uploads\/2020\/02\/WS_Mat-030095-AZ-95e-detail-3-150x150.png 150w, https:\/\/shop.ahlmann.nl\/wp-content\/uploads\/2020\/02\/WS_Mat-030095-AZ-95e-detail-3-247x247.png 247w, https:\/\/shop.ahlmann.nl\/wp-content\/uploads\/2020\/02\/WS_Mat-030095-AZ-95e-detail-3-510x510.png 510w, https:\/\/shop.ahlmann.nl\/wp-content\/uploads\/2020\/02\/WS_Mat-030095-AZ-95e-detail-3-100x100.png 100w, https:\/\/shop.ahlmann.nl\/wp-content\/uploads\/2020\/02\/WS_Mat-030095-AZ-95e-detail-3.png 600w\" sizes=\"auto, (max-width: 300px) 100vw, 300px\" \/><br \/>\nLe tapis est fabriqu\u00e9 en feutre aiguillet\u00e9 et porte notre logo.<\/p>\n","protected":false},"excerpt":{"rendered":"<p>Le tapis de sol parfait pour ta chargeuse. Ajustement parfait \u00e0 100 %, pour prot\u00e9ger ton int\u00e9rieur contre la salet\u00e9 et les dommages, ou pour donner \u00e0 ta machine un aspect propre, frais et neuf. La facilit\u00e9 de simplement secouer un tapis pour avoir un plancher de cabine propre.  <\/p>\n","protected":false},"featured_media":1779,"template":"","meta":{"_acf_changed":false,"_monsterinsights_skip_tracking":false,"_monsterinsights_sitenote_active":false,"_monsterinsights_sitenote_note":"","_monsterinsights_sitenote_category":0},"product_brand":[],"product_cat":[88,86],"product_tag":[],"class_list":{"0":"post-2154","1":"product","2":"type-product","3":"status-publish","4":"has-post-thumbnail","6":"product_cat-tout","7":"product_cat-accessoires-fr","9":"first","10":"instock","11":"taxable","12":"shipping-taxable","13":"purchasable","14":"product-type-simple"},"acf":[],"_links":{"self":[{"href":"https:\/\/shop.ahlmann.nl\/fr\/wp-json\/wp\/v2\/product\/2154","targetHints":{"allow":["GET"]}}],"collection":[{"href":"https:\/\/shop.ahlmann.nl\/fr\/wp-json\/wp\/v2\/product"}],"about":[{"href":"https:\/\/shop.ahlmann.nl\/fr\/wp-json\/wp\/v2\/types\/product"}],"wp:featuredmedia":[{"embeddable":true,"href":"https:\/\/shop.ahlmann.nl\/fr\/wp-json\/wp\/v2\/media\/1779"}],"wp:attachment":[{"href":"https:\/\/shop.ahlmann.nl\/fr\/wp-json\/wp\/v2\/media?parent=2154"}],"wp:term":[{"taxonomy":"product_brand","embeddable":true,"href":"https:\/\/shop.ahlmann.nl\/fr\/wp-json\/wp\/v2\/product_brand?post=2154"},{"taxonomy":"product_cat","embeddable":true,"href":"https:\/\/shop.ahlmann.nl\/fr\/wp-json\/wp\/v2\/product_cat?post=2154"},{"taxonomy":"product_tag","embeddable":true,"href":"https:\/\/shop.ahlmann.nl\/fr\/wp-json\/wp\/v2\/product_tag?post=2154"}],"curies":[{"name":"wp","href":"https:\/\/api.w.org\/{rel}","templated":true}]}}