{"id":2099,"date":"2020-04-30T12:03:35","date_gmt":"2020-04-30T12:03:35","guid":{"rendered":"https:\/\/shop.ahlmann.nl\/product\/veste-a-capuche\/"},"modified":"2025-11-06T13:28:14","modified_gmt":"2025-11-06T13:28:14","slug":"vest-met-capuchon","status":"publish","type":"product","link":"https:\/\/shop.ahlmann.nl\/fr\/produit\/vest-met-capuchon\/","title":{"rendered":"Veste \u00e0 capuche"},"content":{"rendered":"<p><img loading=\"lazy\" decoding=\"async\" class=\"alignnone size-medium wp-image-3170\" src=\"https:\/\/shop.ahlmann.nl\/wp-content\/uploads\/2020\/04\/CAT-KLEDING-Hooded-Vest-1voor-300x300.jpg\" alt=\"\" width=\"300\" height=\"300\" srcset=\"https:\/\/shop.ahlmann.nl\/wp-content\/uploads\/2020\/04\/CAT-KLEDING-Hooded-Vest-1voor-300x300.jpg 300w, https:\/\/shop.ahlmann.nl\/wp-content\/uploads\/2020\/04\/CAT-KLEDING-Hooded-Vest-1voor-247x247.jpg 247w, https:\/\/shop.ahlmann.nl\/wp-content\/uploads\/2020\/04\/CAT-KLEDING-Hooded-Vest-1voor-100x100.jpg 100w, https:\/\/shop.ahlmann.nl\/wp-content\/uploads\/2020\/04\/CAT-KLEDING-Hooded-Vest-1voor-510x510.jpg 510w, https:\/\/shop.ahlmann.nl\/wp-content\/uploads\/2020\/04\/CAT-KLEDING-Hooded-Vest-1voor-1024x1024.jpg 1024w, https:\/\/shop.ahlmann.nl\/wp-content\/uploads\/2020\/04\/CAT-KLEDING-Hooded-Vest-1voor-150x150.jpg 150w, https:\/\/shop.ahlmann.nl\/wp-content\/uploads\/2020\/04\/CAT-KLEDING-Hooded-Vest-1voor-768x768.jpg 768w, https:\/\/shop.ahlmann.nl\/wp-content\/uploads\/2020\/04\/CAT-KLEDING-Hooded-Vest-1voor.jpg 1440w\" sizes=\"auto, (max-width: 300px) 100vw, 300px\" \/> <img loading=\"lazy\" decoding=\"async\" class=\"alignnone size-medium wp-image-3174\" src=\"https:\/\/shop.ahlmann.nl\/wp-content\/uploads\/2020\/04\/CAT-KLEDING-Hooded-Vest-2voor-300x300.jpg\" alt=\"\" width=\"300\" height=\"300\" srcset=\"https:\/\/shop.ahlmann.nl\/wp-content\/uploads\/2020\/04\/CAT-KLEDING-Hooded-Vest-2voor-300x300.jpg 300w, https:\/\/shop.ahlmann.nl\/wp-content\/uploads\/2020\/04\/CAT-KLEDING-Hooded-Vest-2voor-247x247.jpg 247w, https:\/\/shop.ahlmann.nl\/wp-content\/uploads\/2020\/04\/CAT-KLEDING-Hooded-Vest-2voor-100x100.jpg 100w, https:\/\/shop.ahlmann.nl\/wp-content\/uploads\/2020\/04\/CAT-KLEDING-Hooded-Vest-2voor-510x510.jpg 510w, https:\/\/shop.ahlmann.nl\/wp-content\/uploads\/2020\/04\/CAT-KLEDING-Hooded-Vest-2voor-1024x1024.jpg 1024w, https:\/\/shop.ahlmann.nl\/wp-content\/uploads\/2020\/04\/CAT-KLEDING-Hooded-Vest-2voor-150x150.jpg 150w, https:\/\/shop.ahlmann.nl\/wp-content\/uploads\/2020\/04\/CAT-KLEDING-Hooded-Vest-2voor-768x768.jpg 768w, https:\/\/shop.ahlmann.nl\/wp-content\/uploads\/2020\/04\/CAT-KLEDING-Hooded-Vest-2voor.jpg 1440w\" sizes=\"auto, (max-width: 300px) 100vw, 300px\" \/> <img loading=\"lazy\" decoding=\"async\" class=\"alignnone size-medium wp-image-3178\" src=\"https:\/\/shop.ahlmann.nl\/wp-content\/uploads\/2020\/04\/CAT-KLEDING-Hooded-Vest-3achter-300x300.jpg\" alt=\"\" width=\"300\" height=\"300\" srcset=\"https:\/\/shop.ahlmann.nl\/wp-content\/uploads\/2020\/04\/CAT-KLEDING-Hooded-Vest-3achter-300x300.jpg 300w, https:\/\/shop.ahlmann.nl\/wp-content\/uploads\/2020\/04\/CAT-KLEDING-Hooded-Vest-3achter-247x247.jpg 247w, https:\/\/shop.ahlmann.nl\/wp-content\/uploads\/2020\/04\/CAT-KLEDING-Hooded-Vest-3achter-100x100.jpg 100w, https:\/\/shop.ahlmann.nl\/wp-content\/uploads\/2020\/04\/CAT-KLEDING-Hooded-Vest-3achter-510x510.jpg 510w, https:\/\/shop.ahlmann.nl\/wp-content\/uploads\/2020\/04\/CAT-KLEDING-Hooded-Vest-3achter-1024x1024.jpg 1024w, https:\/\/shop.ahlmann.nl\/wp-content\/uploads\/2020\/04\/CAT-KLEDING-Hooded-Vest-3achter-150x150.jpg 150w, https:\/\/shop.ahlmann.nl\/wp-content\/uploads\/2020\/04\/CAT-KLEDING-Hooded-Vest-3achter-768x768.jpg 768w, https:\/\/shop.ahlmann.nl\/wp-content\/uploads\/2020\/04\/CAT-KLEDING-Hooded-Vest-3achter.jpg 1440w\" sizes=\"auto, (max-width: 300px) 100vw, 300px\" \/> <img loading=\"lazy\" decoding=\"async\" class=\"alignnone size-medium wp-image-3182\" src=\"https:\/\/shop.ahlmann.nl\/wp-content\/uploads\/2020\/04\/CAT-KLEDING-Hooded-Vest-4detail-300x300.jpg\" alt=\"\" width=\"300\" height=\"300\" srcset=\"https:\/\/shop.ahlmann.nl\/wp-content\/uploads\/2020\/04\/CAT-KLEDING-Hooded-Vest-4detail-300x300.jpg 300w, https:\/\/shop.ahlmann.nl\/wp-content\/uploads\/2020\/04\/CAT-KLEDING-Hooded-Vest-4detail-247x247.jpg 247w, https:\/\/shop.ahlmann.nl\/wp-content\/uploads\/2020\/04\/CAT-KLEDING-Hooded-Vest-4detail-100x100.jpg 100w, https:\/\/shop.ahlmann.nl\/wp-content\/uploads\/2020\/04\/CAT-KLEDING-Hooded-Vest-4detail-510x510.jpg 510w, https:\/\/shop.ahlmann.nl\/wp-content\/uploads\/2020\/04\/CAT-KLEDING-Hooded-Vest-4detail-1024x1024.jpg 1024w, https:\/\/shop.ahlmann.nl\/wp-content\/uploads\/2020\/04\/CAT-KLEDING-Hooded-Vest-4detail-150x150.jpg 150w, https:\/\/shop.ahlmann.nl\/wp-content\/uploads\/2020\/04\/CAT-KLEDING-Hooded-Vest-4detail-768x768.jpg 768w, https:\/\/shop.ahlmann.nl\/wp-content\/uploads\/2020\/04\/CAT-KLEDING-Hooded-Vest-4detail.jpg 1440w\" sizes=\"auto, (max-width: 300px) 100vw, 300px\" \/><\/p>\n<p>\u00c9quip\u00e9 d&#8217;un badge et d&#8217;une \u00e9tiquette tiss\u00e9s. Enti\u00e8rement zipp\u00e9 avec une fermeture \u00e9clair bicolore. Tous les zips ont un tirette Ahlmann. D\u00e9cor\u00e9 avec, entre autres, de la broderie et de la s\u00e9rigraphie.<br \/>\nCouleur : Gris chin\u00e9 \/ bleu marine \/ jaune.<br \/>\nLa veste est fabriqu\u00e9e au Portugal ou en Turquie.   <\/p>\n<p>Quelle est ma taille ?<br \/>\nTrouve la meilleure <a href=\"https:\/\/shop.ahlmann.nl\/wp-content\/uploads\/2020\/04\/Productblad-NL-vest-met-capuchon.pdf\" target=\"_blank\" rel=\"noopener noreferrer\"><strong>taille<\/strong><\/a> pour toi.<\/p>\n","protected":false},"excerpt":{"rendered":"<p>Gilet avec capuche double \u00e9paisseur avec cordon de serrage et manches avec poignets c\u00f4tel\u00e9s, int\u00e9rieur bross\u00e9. Deux poches lat\u00e9rales avec fermeture \u00e9clair. Poche \u00e0 stylos sur la manche gauche. Fabriqu\u00e9 en 50 % coton \/ 50 % polyester, 320 gr\/m\u00b2.   <\/p>\n","protected":false},"featured_media":3188,"template":"","meta":{"_acf_changed":false,"_monsterinsights_skip_tracking":false,"_monsterinsights_sitenote_active":false,"_monsterinsights_sitenote_note":"","_monsterinsights_sitenote_category":0},"product_brand":[],"product_cat":[88,79],"product_tag":[],"class_list":{"0":"post-2099","1":"product","2":"type-product","3":"status-publish","4":"has-post-thumbnail","6":"product_cat-tout","7":"product_cat-vetements","9":"first","10":"instock","11":"taxable","12":"shipping-taxable","13":"purchasable","14":"product-type-variable"},"acf":[],"_links":{"self":[{"href":"https:\/\/shop.ahlmann.nl\/fr\/wp-json\/wp\/v2\/product\/2099","targetHints":{"allow":["GET"]}}],"collection":[{"href":"https:\/\/shop.ahlmann.nl\/fr\/wp-json\/wp\/v2\/product"}],"about":[{"href":"https:\/\/shop.ahlmann.nl\/fr\/wp-json\/wp\/v2\/types\/product"}],"wp:featuredmedia":[{"embeddable":true,"href":"https:\/\/shop.ahlmann.nl\/fr\/wp-json\/wp\/v2\/media\/3188"}],"wp:attachment":[{"href":"https:\/\/shop.ahlmann.nl\/fr\/wp-json\/wp\/v2\/media?parent=2099"}],"wp:term":[{"taxonomy":"product_brand","embeddable":true,"href":"https:\/\/shop.ahlmann.nl\/fr\/wp-json\/wp\/v2\/product_brand?post=2099"},{"taxonomy":"product_cat","embeddable":true,"href":"https:\/\/shop.ahlmann.nl\/fr\/wp-json\/wp\/v2\/product_cat?post=2099"},{"taxonomy":"product_tag","embeddable":true,"href":"https:\/\/shop.ahlmann.nl\/fr\/wp-json\/wp\/v2\/product_tag?post=2099"}],"curies":[{"name":"wp","href":"https:\/\/api.w.org\/{rel}","templated":true}]}}