{"id":2050,"date":"2020-05-01T08:10:39","date_gmt":"2020-05-01T08:10:39","guid":{"rendered":"https:\/\/shop.ahlmann.nl\/product\/pull-col-polo\/"},"modified":"2025-11-06T13:25:43","modified_gmt":"2025-11-06T13:25:43","slug":"sweater","status":"publish","type":"product","link":"https:\/\/shop.ahlmann.nl\/fr\/produit\/sweater\/","title":{"rendered":"Sweat-shirt"},"content":{"rendered":"<p><img loading=\"lazy\" decoding=\"async\" class=\"alignnone size-medium wp-image-3122\" src=\"https:\/\/shop.ahlmann.nl\/wp-content\/uploads\/2020\/05\/CAT-KLEDING-Polo-sweater-1-300x300.jpg\" alt=\"\" width=\"300\" height=\"300\" srcset=\"https:\/\/shop.ahlmann.nl\/wp-content\/uploads\/2020\/05\/CAT-KLEDING-Polo-sweater-1-300x300.jpg 300w, https:\/\/shop.ahlmann.nl\/wp-content\/uploads\/2020\/05\/CAT-KLEDING-Polo-sweater-1-247x247.jpg 247w, https:\/\/shop.ahlmann.nl\/wp-content\/uploads\/2020\/05\/CAT-KLEDING-Polo-sweater-1-100x100.jpg 100w, https:\/\/shop.ahlmann.nl\/wp-content\/uploads\/2020\/05\/CAT-KLEDING-Polo-sweater-1-510x510.jpg 510w, https:\/\/shop.ahlmann.nl\/wp-content\/uploads\/2020\/05\/CAT-KLEDING-Polo-sweater-1-1024x1024.jpg 1024w, https:\/\/shop.ahlmann.nl\/wp-content\/uploads\/2020\/05\/CAT-KLEDING-Polo-sweater-1-150x150.jpg 150w, https:\/\/shop.ahlmann.nl\/wp-content\/uploads\/2020\/05\/CAT-KLEDING-Polo-sweater-1-768x768.jpg 768w, https:\/\/shop.ahlmann.nl\/wp-content\/uploads\/2020\/05\/CAT-KLEDING-Polo-sweater-1.jpg 1440w\" sizes=\"auto, (max-width: 300px) 100vw, 300px\" \/> <img loading=\"lazy\" decoding=\"async\" class=\"alignnone size-medium wp-image-3126\" src=\"https:\/\/shop.ahlmann.nl\/wp-content\/uploads\/2020\/05\/CAT-KLEDING-Polo-sweater-2-300x300.jpg\" alt=\"\" width=\"300\" height=\"300\" srcset=\"https:\/\/shop.ahlmann.nl\/wp-content\/uploads\/2020\/05\/CAT-KLEDING-Polo-sweater-2-300x300.jpg 300w, https:\/\/shop.ahlmann.nl\/wp-content\/uploads\/2020\/05\/CAT-KLEDING-Polo-sweater-2-247x247.jpg 247w, https:\/\/shop.ahlmann.nl\/wp-content\/uploads\/2020\/05\/CAT-KLEDING-Polo-sweater-2-100x100.jpg 100w, https:\/\/shop.ahlmann.nl\/wp-content\/uploads\/2020\/05\/CAT-KLEDING-Polo-sweater-2-510x510.jpg 510w, https:\/\/shop.ahlmann.nl\/wp-content\/uploads\/2020\/05\/CAT-KLEDING-Polo-sweater-2-1024x1024.jpg 1024w, https:\/\/shop.ahlmann.nl\/wp-content\/uploads\/2020\/05\/CAT-KLEDING-Polo-sweater-2-150x150.jpg 150w, https:\/\/shop.ahlmann.nl\/wp-content\/uploads\/2020\/05\/CAT-KLEDING-Polo-sweater-2-768x768.jpg 768w, https:\/\/shop.ahlmann.nl\/wp-content\/uploads\/2020\/05\/CAT-KLEDING-Polo-sweater-2.jpg 1440w\" sizes=\"auto, (max-width: 300px) 100vw, 300px\" \/> <img loading=\"lazy\" decoding=\"async\" class=\"alignnone size-medium wp-image-3130\" src=\"https:\/\/shop.ahlmann.nl\/wp-content\/uploads\/2020\/05\/CAT-KLEDING-Polo-sweater-3-300x300.jpg\" alt=\"\" width=\"300\" height=\"300\" srcset=\"https:\/\/shop.ahlmann.nl\/wp-content\/uploads\/2020\/05\/CAT-KLEDING-Polo-sweater-3-300x300.jpg 300w, https:\/\/shop.ahlmann.nl\/wp-content\/uploads\/2020\/05\/CAT-KLEDING-Polo-sweater-3-247x247.jpg 247w, https:\/\/shop.ahlmann.nl\/wp-content\/uploads\/2020\/05\/CAT-KLEDING-Polo-sweater-3-100x100.jpg 100w, https:\/\/shop.ahlmann.nl\/wp-content\/uploads\/2020\/05\/CAT-KLEDING-Polo-sweater-3-510x510.jpg 510w, https:\/\/shop.ahlmann.nl\/wp-content\/uploads\/2020\/05\/CAT-KLEDING-Polo-sweater-3-1024x1024.jpg 1024w, https:\/\/shop.ahlmann.nl\/wp-content\/uploads\/2020\/05\/CAT-KLEDING-Polo-sweater-3-150x150.jpg 150w, https:\/\/shop.ahlmann.nl\/wp-content\/uploads\/2020\/05\/CAT-KLEDING-Polo-sweater-3-768x768.jpg 768w, https:\/\/shop.ahlmann.nl\/wp-content\/uploads\/2020\/05\/CAT-KLEDING-Polo-sweater-3.jpg 1440w\" sizes=\"auto, (max-width: 300px) 100vw, 300px\" \/> <img loading=\"lazy\" decoding=\"async\" class=\"alignnone size-medium wp-image-3134\" src=\"https:\/\/shop.ahlmann.nl\/wp-content\/uploads\/2020\/05\/CAT-KLEDING-Polo-sweater-4-300x300.jpg\" alt=\"\" width=\"300\" height=\"300\" srcset=\"https:\/\/shop.ahlmann.nl\/wp-content\/uploads\/2020\/05\/CAT-KLEDING-Polo-sweater-4-300x300.jpg 300w, https:\/\/shop.ahlmann.nl\/wp-content\/uploads\/2020\/05\/CAT-KLEDING-Polo-sweater-4-247x247.jpg 247w, https:\/\/shop.ahlmann.nl\/wp-content\/uploads\/2020\/05\/CAT-KLEDING-Polo-sweater-4-100x100.jpg 100w, https:\/\/shop.ahlmann.nl\/wp-content\/uploads\/2020\/05\/CAT-KLEDING-Polo-sweater-4-510x510.jpg 510w, https:\/\/shop.ahlmann.nl\/wp-content\/uploads\/2020\/05\/CAT-KLEDING-Polo-sweater-4-1024x1024.jpg 1024w, https:\/\/shop.ahlmann.nl\/wp-content\/uploads\/2020\/05\/CAT-KLEDING-Polo-sweater-4-150x150.jpg 150w, https:\/\/shop.ahlmann.nl\/wp-content\/uploads\/2020\/05\/CAT-KLEDING-Polo-sweater-4-768x768.jpg 768w, https:\/\/shop.ahlmann.nl\/wp-content\/uploads\/2020\/05\/CAT-KLEDING-Polo-sweater-4.jpg 1440w\" sizes=\"auto, (max-width: 300px) 100vw, 300px\" \/> <img loading=\"lazy\" decoding=\"async\" class=\"alignnone size-medium wp-image-3138\" src=\"https:\/\/shop.ahlmann.nl\/wp-content\/uploads\/2020\/05\/CAT-KLEDING-Polo-sweater-5-300x300.jpg\" alt=\"\" width=\"300\" height=\"300\" srcset=\"https:\/\/shop.ahlmann.nl\/wp-content\/uploads\/2020\/05\/CAT-KLEDING-Polo-sweater-5-300x300.jpg 300w, https:\/\/shop.ahlmann.nl\/wp-content\/uploads\/2020\/05\/CAT-KLEDING-Polo-sweater-5-247x247.jpg 247w, https:\/\/shop.ahlmann.nl\/wp-content\/uploads\/2020\/05\/CAT-KLEDING-Polo-sweater-5-100x100.jpg 100w, https:\/\/shop.ahlmann.nl\/wp-content\/uploads\/2020\/05\/CAT-KLEDING-Polo-sweater-5-510x510.jpg 510w, https:\/\/shop.ahlmann.nl\/wp-content\/uploads\/2020\/05\/CAT-KLEDING-Polo-sweater-5-1024x1024.jpg 1024w, https:\/\/shop.ahlmann.nl\/wp-content\/uploads\/2020\/05\/CAT-KLEDING-Polo-sweater-5-150x150.jpg 150w, https:\/\/shop.ahlmann.nl\/wp-content\/uploads\/2020\/05\/CAT-KLEDING-Polo-sweater-5-768x768.jpg 768w, https:\/\/shop.ahlmann.nl\/wp-content\/uploads\/2020\/05\/CAT-KLEDING-Polo-sweater-5.jpg 1440w\" sizes=\"auto, (max-width: 300px) 100vw, 300px\" \/><\/p>\n<p>Dot\u00e9 d&#8217;un badge tiss\u00e9, d&#8217;une \u00e9tiquette, d&#8217;un tirette Ahlmann et de boutons bicolores. D\u00e9cor\u00e9 avec de la broderie et de la s\u00e9rigraphie.<br \/>\nCouleur : Gris chin\u00e9 \/ marine \/ jaune.<br \/>\nLe polo sweat est fabriqu\u00e9 au Portugal ou en Turquie. <\/p>\n<p>Quelle est ma taille ?<br \/>\nTrouve la meilleure <a href=\"https:\/\/shop.ahlmann.nl\/wp-content\/uploads\/2020\/05\/Productblad-NL-sweater.pdf\" target=\"_blank\" rel=\"noopener noreferrer\"><strong>taille<\/strong><\/a> pour toi.<\/p>\n","protected":false},"excerpt":{"rendered":"<p>Sweat avec col et manches c\u00f4tel\u00e9s, poignets en bord-c\u00f4te, int\u00e9rieur bross\u00e9. Avec bande de taille. Poche stylo sur la manche gauche. Fabriqu\u00e9 en 50 % coton \/ 50 % polyester, 280 g\/m\u00b2.   <\/p>\n","protected":false},"featured_media":3144,"template":"","meta":{"_acf_changed":false,"_monsterinsights_skip_tracking":false,"_monsterinsights_sitenote_active":false,"_monsterinsights_sitenote_note":"","_monsterinsights_sitenote_category":0},"product_brand":[],"product_cat":[88,79],"product_tag":[],"class_list":{"0":"post-2050","1":"product","2":"type-product","3":"status-publish","4":"has-post-thumbnail","6":"product_cat-tout","7":"product_cat-vetements","9":"first","10":"instock","11":"taxable","12":"shipping-taxable","13":"purchasable","14":"product-type-variable"},"acf":[],"_links":{"self":[{"href":"https:\/\/shop.ahlmann.nl\/fr\/wp-json\/wp\/v2\/product\/2050","targetHints":{"allow":["GET"]}}],"collection":[{"href":"https:\/\/shop.ahlmann.nl\/fr\/wp-json\/wp\/v2\/product"}],"about":[{"href":"https:\/\/shop.ahlmann.nl\/fr\/wp-json\/wp\/v2\/types\/product"}],"wp:featuredmedia":[{"embeddable":true,"href":"https:\/\/shop.ahlmann.nl\/fr\/wp-json\/wp\/v2\/media\/3144"}],"wp:attachment":[{"href":"https:\/\/shop.ahlmann.nl\/fr\/wp-json\/wp\/v2\/media?parent=2050"}],"wp:term":[{"taxonomy":"product_brand","embeddable":true,"href":"https:\/\/shop.ahlmann.nl\/fr\/wp-json\/wp\/v2\/product_brand?post=2050"},{"taxonomy":"product_cat","embeddable":true,"href":"https:\/\/shop.ahlmann.nl\/fr\/wp-json\/wp\/v2\/product_cat?post=2050"},{"taxonomy":"product_tag","embeddable":true,"href":"https:\/\/shop.ahlmann.nl\/fr\/wp-json\/wp\/v2\/product_tag?post=2050"}],"curies":[{"name":"wp","href":"https:\/\/api.w.org\/{rel}","templated":true}]}}