{"id":2026,"date":"2020-05-01T08:16:44","date_gmt":"2020-05-01T08:16:44","guid":{"rendered":"https:\/\/shop.ahlmann.nl\/product\/polo\/"},"modified":"2025-11-06T13:25:45","modified_gmt":"2025-11-06T13:25:45","slug":"poloshirt","status":"publish","type":"product","link":"https:\/\/shop.ahlmann.nl\/fr\/produit\/poloshirt\/","title":{"rendered":"Polo"},"content":{"rendered":"<p><img loading=\"lazy\" decoding=\"async\" class=\"alignnone size-medium wp-image-3087\" src=\"https:\/\/shop.ahlmann.nl\/wp-content\/uploads\/2020\/05\/CAT-KLEDING-Polo-1KM-300x300.jpg\" alt=\"\" width=\"300\" height=\"300\" srcset=\"https:\/\/shop.ahlmann.nl\/wp-content\/uploads\/2020\/05\/CAT-KLEDING-Polo-1KM-300x300.jpg 300w, https:\/\/shop.ahlmann.nl\/wp-content\/uploads\/2020\/05\/CAT-KLEDING-Polo-1KM-247x247.jpg 247w, https:\/\/shop.ahlmann.nl\/wp-content\/uploads\/2020\/05\/CAT-KLEDING-Polo-1KM-100x100.jpg 100w, https:\/\/shop.ahlmann.nl\/wp-content\/uploads\/2020\/05\/CAT-KLEDING-Polo-1KM-510x510.jpg 510w, https:\/\/shop.ahlmann.nl\/wp-content\/uploads\/2020\/05\/CAT-KLEDING-Polo-1KM-1024x1024.jpg 1024w, https:\/\/shop.ahlmann.nl\/wp-content\/uploads\/2020\/05\/CAT-KLEDING-Polo-1KM-150x150.jpg 150w, https:\/\/shop.ahlmann.nl\/wp-content\/uploads\/2020\/05\/CAT-KLEDING-Polo-1KM-768x768.jpg 768w, https:\/\/shop.ahlmann.nl\/wp-content\/uploads\/2020\/05\/CAT-KLEDING-Polo-1KM.jpg 1440w\" sizes=\"auto, (max-width: 300px) 100vw, 300px\" \/> <img loading=\"lazy\" decoding=\"async\" class=\"alignnone size-medium wp-image-3091\" src=\"https:\/\/shop.ahlmann.nl\/wp-content\/uploads\/2020\/05\/CAT-KLEDING-Polo-2KM-300x300.jpg\" alt=\"\" width=\"300\" height=\"300\" srcset=\"https:\/\/shop.ahlmann.nl\/wp-content\/uploads\/2020\/05\/CAT-KLEDING-Polo-2KM-300x300.jpg 300w, https:\/\/shop.ahlmann.nl\/wp-content\/uploads\/2020\/05\/CAT-KLEDING-Polo-2KM-247x247.jpg 247w, https:\/\/shop.ahlmann.nl\/wp-content\/uploads\/2020\/05\/CAT-KLEDING-Polo-2KM-100x100.jpg 100w, https:\/\/shop.ahlmann.nl\/wp-content\/uploads\/2020\/05\/CAT-KLEDING-Polo-2KM-510x510.jpg 510w, https:\/\/shop.ahlmann.nl\/wp-content\/uploads\/2020\/05\/CAT-KLEDING-Polo-2KM-1024x1024.jpg 1024w, https:\/\/shop.ahlmann.nl\/wp-content\/uploads\/2020\/05\/CAT-KLEDING-Polo-2KM-150x150.jpg 150w, https:\/\/shop.ahlmann.nl\/wp-content\/uploads\/2020\/05\/CAT-KLEDING-Polo-2KM-768x768.jpg 768w, https:\/\/shop.ahlmann.nl\/wp-content\/uploads\/2020\/05\/CAT-KLEDING-Polo-2KM.jpg 1440w\" sizes=\"auto, (max-width: 300px) 100vw, 300px\" \/> <img loading=\"lazy\" decoding=\"async\" class=\"alignnone size-medium wp-image-3095\" src=\"https:\/\/shop.ahlmann.nl\/wp-content\/uploads\/2020\/05\/CAT-KLEDING-Polo-3KM-300x300.jpg\" alt=\"\" width=\"300\" height=\"300\" srcset=\"https:\/\/shop.ahlmann.nl\/wp-content\/uploads\/2020\/05\/CAT-KLEDING-Polo-3KM-300x300.jpg 300w, https:\/\/shop.ahlmann.nl\/wp-content\/uploads\/2020\/05\/CAT-KLEDING-Polo-3KM-247x247.jpg 247w, https:\/\/shop.ahlmann.nl\/wp-content\/uploads\/2020\/05\/CAT-KLEDING-Polo-3KM-100x100.jpg 100w, https:\/\/shop.ahlmann.nl\/wp-content\/uploads\/2020\/05\/CAT-KLEDING-Polo-3KM-510x510.jpg 510w, https:\/\/shop.ahlmann.nl\/wp-content\/uploads\/2020\/05\/CAT-KLEDING-Polo-3KM-1024x1024.jpg 1024w, https:\/\/shop.ahlmann.nl\/wp-content\/uploads\/2020\/05\/CAT-KLEDING-Polo-3KM-150x150.jpg 150w, https:\/\/shop.ahlmann.nl\/wp-content\/uploads\/2020\/05\/CAT-KLEDING-Polo-3KM-768x768.jpg 768w, https:\/\/shop.ahlmann.nl\/wp-content\/uploads\/2020\/05\/CAT-KLEDING-Polo-3KM.jpg 1440w\" sizes=\"auto, (max-width: 300px) 100vw, 300px\" \/> <img loading=\"lazy\" decoding=\"async\" class=\"alignnone size-medium wp-image-3099\" src=\"https:\/\/shop.ahlmann.nl\/wp-content\/uploads\/2020\/05\/CAT-KLEDING-Polo-4KM-300x300.jpg\" alt=\"\" width=\"300\" height=\"300\" srcset=\"https:\/\/shop.ahlmann.nl\/wp-content\/uploads\/2020\/05\/CAT-KLEDING-Polo-4KM-300x300.jpg 300w, https:\/\/shop.ahlmann.nl\/wp-content\/uploads\/2020\/05\/CAT-KLEDING-Polo-4KM-247x247.jpg 247w, https:\/\/shop.ahlmann.nl\/wp-content\/uploads\/2020\/05\/CAT-KLEDING-Polo-4KM-100x100.jpg 100w, https:\/\/shop.ahlmann.nl\/wp-content\/uploads\/2020\/05\/CAT-KLEDING-Polo-4KM-510x510.jpg 510w, https:\/\/shop.ahlmann.nl\/wp-content\/uploads\/2020\/05\/CAT-KLEDING-Polo-4KM-1024x1024.jpg 1024w, https:\/\/shop.ahlmann.nl\/wp-content\/uploads\/2020\/05\/CAT-KLEDING-Polo-4KM-150x150.jpg 150w, https:\/\/shop.ahlmann.nl\/wp-content\/uploads\/2020\/05\/CAT-KLEDING-Polo-4KM-768x768.jpg 768w, https:\/\/shop.ahlmann.nl\/wp-content\/uploads\/2020\/05\/CAT-KLEDING-Polo-4KM.jpg 1440w\" sizes=\"auto, (max-width: 300px) 100vw, 300px\" \/> <img loading=\"lazy\" decoding=\"async\" class=\"alignnone size-medium wp-image-3103\" src=\"https:\/\/shop.ahlmann.nl\/wp-content\/uploads\/2020\/05\/CAT-KLEDING-Polo-5KM-300x300.jpg\" alt=\"\" width=\"300\" height=\"300\" srcset=\"https:\/\/shop.ahlmann.nl\/wp-content\/uploads\/2020\/05\/CAT-KLEDING-Polo-5KM-300x300.jpg 300w, https:\/\/shop.ahlmann.nl\/wp-content\/uploads\/2020\/05\/CAT-KLEDING-Polo-5KM-247x247.jpg 247w, https:\/\/shop.ahlmann.nl\/wp-content\/uploads\/2020\/05\/CAT-KLEDING-Polo-5KM-100x100.jpg 100w, https:\/\/shop.ahlmann.nl\/wp-content\/uploads\/2020\/05\/CAT-KLEDING-Polo-5KM-510x510.jpg 510w, https:\/\/shop.ahlmann.nl\/wp-content\/uploads\/2020\/05\/CAT-KLEDING-Polo-5KM-1024x1024.jpg 1024w, https:\/\/shop.ahlmann.nl\/wp-content\/uploads\/2020\/05\/CAT-KLEDING-Polo-5KM-150x150.jpg 150w, https:\/\/shop.ahlmann.nl\/wp-content\/uploads\/2020\/05\/CAT-KLEDING-Polo-5KM-768x768.jpg 768w, https:\/\/shop.ahlmann.nl\/wp-content\/uploads\/2020\/05\/CAT-KLEDING-Polo-5KM.jpg 1440w\" sizes=\"auto, (max-width: 300px) 100vw, 300px\" \/><\/p>\n<p>Dot\u00e9 d&#8217;un badge tiss\u00e9, d&#8217;une \u00e9tiquette et de boutons Ahlmann en 2 couleurs. Trait\u00e9 notamment par s\u00e9rigraphie.<br \/>\nCouleur : Gris chin\u00e9 \/ marine \/ jaune.<br \/>\nLe polo est fabriqu\u00e9 au Portugal ou en Turquie. <\/p>\n<p>Quelle est ma taille ?<br \/>\nTrouve la meilleure <a href=\"https:\/\/shop.ahlmann.nl\/wp-content\/uploads\/2020\/05\/Productblad-NL-poloshirt-km.pdf\" target=\"_blank\" rel=\"noopener noreferrer\"><strong>taille<\/strong><\/a> pour toi.<\/p>\n","protected":false},"excerpt":{"rendered":"<p>Polo \u00e0 manches courtes avec finitions c\u00f4tel\u00e9es et col polo c\u00f4tel\u00e9 \u00e9pais. Fabriqu\u00e9 en 50 % coton \/ 50 % polyester, piqu\u00e9 210 g\/m\u00b2 pour plus de confort et de maintien de la forme. <\/p>\n","protected":false},"featured_media":3109,"template":"","meta":{"_acf_changed":false,"_monsterinsights_skip_tracking":false,"_monsterinsights_sitenote_active":false,"_monsterinsights_sitenote_note":"","_monsterinsights_sitenote_category":0},"product_brand":[],"product_cat":[88,79],"product_tag":[],"class_list":{"0":"post-2026","1":"product","2":"type-product","3":"status-publish","4":"has-post-thumbnail","6":"product_cat-tout","7":"product_cat-vetements","9":"first","10":"instock","11":"taxable","12":"shipping-taxable","13":"purchasable","14":"product-type-variable"},"acf":[],"_links":{"self":[{"href":"https:\/\/shop.ahlmann.nl\/fr\/wp-json\/wp\/v2\/product\/2026","targetHints":{"allow":["GET"]}}],"collection":[{"href":"https:\/\/shop.ahlmann.nl\/fr\/wp-json\/wp\/v2\/product"}],"about":[{"href":"https:\/\/shop.ahlmann.nl\/fr\/wp-json\/wp\/v2\/types\/product"}],"wp:featuredmedia":[{"embeddable":true,"href":"https:\/\/shop.ahlmann.nl\/fr\/wp-json\/wp\/v2\/media\/3109"}],"wp:attachment":[{"href":"https:\/\/shop.ahlmann.nl\/fr\/wp-json\/wp\/v2\/media?parent=2026"}],"wp:term":[{"taxonomy":"product_brand","embeddable":true,"href":"https:\/\/shop.ahlmann.nl\/fr\/wp-json\/wp\/v2\/product_brand?post=2026"},{"taxonomy":"product_cat","embeddable":true,"href":"https:\/\/shop.ahlmann.nl\/fr\/wp-json\/wp\/v2\/product_cat?post=2026"},{"taxonomy":"product_tag","embeddable":true,"href":"https:\/\/shop.ahlmann.nl\/fr\/wp-json\/wp\/v2\/product_tag?post=2026"}],"curies":[{"name":"wp","href":"https:\/\/api.w.org\/{rel}","templated":true}]}}