{"id":1971,"date":"2020-05-01T08:21:33","date_gmt":"2020-05-01T08:21:33","guid":{"rendered":"https:\/\/shop.ahlmann.nl\/product\/veste-softshell\/"},"modified":"2026-01-28T12:27:50","modified_gmt":"2026-01-28T12:27:50","slug":"softshell-jas","status":"publish","type":"product","link":"https:\/\/shop.ahlmann.nl\/fr\/produit\/softshell-jas\/","title":{"rendered":"Veste Softshell"},"content":{"rendered":"<p><img loading=\"lazy\" decoding=\"async\" class=\"alignnone size-medium wp-image-3190\" src=\"https:\/\/shop.ahlmann.nl\/wp-content\/uploads\/2020\/05\/CAT-KLEDING-Softshell-1-300x300.jpg\" alt=\"\" width=\"300\" height=\"300\" srcset=\"https:\/\/shop.ahlmann.nl\/wp-content\/uploads\/2020\/05\/CAT-KLEDING-Softshell-1-300x300.jpg 300w, https:\/\/shop.ahlmann.nl\/wp-content\/uploads\/2020\/05\/CAT-KLEDING-Softshell-1-247x247.jpg 247w, https:\/\/shop.ahlmann.nl\/wp-content\/uploads\/2020\/05\/CAT-KLEDING-Softshell-1-100x100.jpg 100w, https:\/\/shop.ahlmann.nl\/wp-content\/uploads\/2020\/05\/CAT-KLEDING-Softshell-1-510x510.jpg 510w, https:\/\/shop.ahlmann.nl\/wp-content\/uploads\/2020\/05\/CAT-KLEDING-Softshell-1-1024x1024.jpg 1024w, https:\/\/shop.ahlmann.nl\/wp-content\/uploads\/2020\/05\/CAT-KLEDING-Softshell-1-150x150.jpg 150w, https:\/\/shop.ahlmann.nl\/wp-content\/uploads\/2020\/05\/CAT-KLEDING-Softshell-1-768x768.jpg 768w, https:\/\/shop.ahlmann.nl\/wp-content\/uploads\/2020\/05\/CAT-KLEDING-Softshell-1.jpg 1440w\" sizes=\"auto, (max-width: 300px) 100vw, 300px\" \/> <img loading=\"lazy\" decoding=\"async\" class=\"alignnone size-medium wp-image-3194\" src=\"https:\/\/shop.ahlmann.nl\/wp-content\/uploads\/2020\/05\/CAT-KLEDING-Softshell-2-300x300.jpg\" alt=\"\" width=\"300\" height=\"300\" srcset=\"https:\/\/shop.ahlmann.nl\/wp-content\/uploads\/2020\/05\/CAT-KLEDING-Softshell-2-300x300.jpg 300w, https:\/\/shop.ahlmann.nl\/wp-content\/uploads\/2020\/05\/CAT-KLEDING-Softshell-2-247x247.jpg 247w, https:\/\/shop.ahlmann.nl\/wp-content\/uploads\/2020\/05\/CAT-KLEDING-Softshell-2-100x100.jpg 100w, https:\/\/shop.ahlmann.nl\/wp-content\/uploads\/2020\/05\/CAT-KLEDING-Softshell-2-510x510.jpg 510w, https:\/\/shop.ahlmann.nl\/wp-content\/uploads\/2020\/05\/CAT-KLEDING-Softshell-2-1024x1024.jpg 1024w, https:\/\/shop.ahlmann.nl\/wp-content\/uploads\/2020\/05\/CAT-KLEDING-Softshell-2-150x150.jpg 150w, https:\/\/shop.ahlmann.nl\/wp-content\/uploads\/2020\/05\/CAT-KLEDING-Softshell-2-768x768.jpg 768w, https:\/\/shop.ahlmann.nl\/wp-content\/uploads\/2020\/05\/CAT-KLEDING-Softshell-2.jpg 1440w\" sizes=\"auto, (max-width: 300px) 100vw, 300px\" \/> <img loading=\"lazy\" decoding=\"async\" class=\"alignnone size-medium wp-image-3198\" src=\"https:\/\/shop.ahlmann.nl\/wp-content\/uploads\/2020\/05\/CAT-KLEDING-Softshell-3-300x300.jpg\" alt=\"\" width=\"300\" height=\"300\" srcset=\"https:\/\/shop.ahlmann.nl\/wp-content\/uploads\/2020\/05\/CAT-KLEDING-Softshell-3-300x300.jpg 300w, https:\/\/shop.ahlmann.nl\/wp-content\/uploads\/2020\/05\/CAT-KLEDING-Softshell-3-247x247.jpg 247w, https:\/\/shop.ahlmann.nl\/wp-content\/uploads\/2020\/05\/CAT-KLEDING-Softshell-3-100x100.jpg 100w, https:\/\/shop.ahlmann.nl\/wp-content\/uploads\/2020\/05\/CAT-KLEDING-Softshell-3-510x510.jpg 510w, https:\/\/shop.ahlmann.nl\/wp-content\/uploads\/2020\/05\/CAT-KLEDING-Softshell-3-1024x1024.jpg 1024w, https:\/\/shop.ahlmann.nl\/wp-content\/uploads\/2020\/05\/CAT-KLEDING-Softshell-3-150x150.jpg 150w, https:\/\/shop.ahlmann.nl\/wp-content\/uploads\/2020\/05\/CAT-KLEDING-Softshell-3-768x768.jpg 768w, https:\/\/shop.ahlmann.nl\/wp-content\/uploads\/2020\/05\/CAT-KLEDING-Softshell-3.jpg 1440w\" sizes=\"auto, (max-width: 300px) 100vw, 300px\" \/><\/p>\n<p>\u00c9quip\u00e9 d&#8217;un badge et d&#8217;une \u00e9tiquette tiss\u00e9s. La fermeture \u00e9clair est bicolore. Toutes les fermetures \u00e9clair ont un tirette Ahlmann. D\u00e9cor\u00e9 avec de la broderie et de la s\u00e9rigraphie.<br \/>\nCouleur : Gris chin\u00e9 \/ marine \/ jaune.<br \/>\nLa veste est fabriqu\u00e9e en Extr\u00eame-Orient.   <\/p>\n<p>Quelle est ma taille ?<br \/>\nTrouve la meilleure <a href=\"https:\/\/shop.ahlmann.nl\/wp-content\/uploads\/2020\/05\/Productblad-NL-softshell-jack.pdf\" target=\"_blank\" rel=\"noopener noreferrer\"><strong>taille<\/strong><\/a> pour toi.<\/p>\n","protected":false},"excerpt":{"rendered":"<p><strong>Taille petit. Conseil : prenez une taille au-dessus <\/strong><\/p>\n<p>Veste softshell, 94 % polyester \/ 6 % \u00e9lasthanne, 310 g\/m\u00b2, softshell 3 couches, coupe moderne avec col montant, manches avec poignets ajustables par velcro, poche stylo sur la manche gauche. Deux poches lat\u00e9rales et poche poitrine zipp\u00e9e, coupe-vent, respirant, d\u00e9perlant et ajustable en bas par cordon\/stoppeur. <\/p>\n","protected":false},"featured_media":3204,"template":"","meta":{"_acf_changed":false,"_monsterinsights_skip_tracking":false,"_monsterinsights_sitenote_active":false,"_monsterinsights_sitenote_note":"","_monsterinsights_sitenote_category":0},"product_brand":[],"product_cat":[88,79],"product_tag":[],"class_list":{"0":"post-1971","1":"product","2":"type-product","3":"status-publish","4":"has-post-thumbnail","6":"product_cat-tout","7":"product_cat-vetements","9":"first","10":"instock","11":"taxable","12":"shipping-taxable","13":"purchasable","14":"product-type-variable"},"acf":[],"_links":{"self":[{"href":"https:\/\/shop.ahlmann.nl\/fr\/wp-json\/wp\/v2\/product\/1971","targetHints":{"allow":["GET"]}}],"collection":[{"href":"https:\/\/shop.ahlmann.nl\/fr\/wp-json\/wp\/v2\/product"}],"about":[{"href":"https:\/\/shop.ahlmann.nl\/fr\/wp-json\/wp\/v2\/types\/product"}],"wp:featuredmedia":[{"embeddable":true,"href":"https:\/\/shop.ahlmann.nl\/fr\/wp-json\/wp\/v2\/media\/3204"}],"wp:attachment":[{"href":"https:\/\/shop.ahlmann.nl\/fr\/wp-json\/wp\/v2\/media?parent=1971"}],"wp:term":[{"taxonomy":"product_brand","embeddable":true,"href":"https:\/\/shop.ahlmann.nl\/fr\/wp-json\/wp\/v2\/product_brand?post=1971"},{"taxonomy":"product_cat","embeddable":true,"href":"https:\/\/shop.ahlmann.nl\/fr\/wp-json\/wp\/v2\/product_cat?post=1971"},{"taxonomy":"product_tag","embeddable":true,"href":"https:\/\/shop.ahlmann.nl\/fr\/wp-json\/wp\/v2\/product_tag?post=1971"}],"curies":[{"name":"wp","href":"https:\/\/api.w.org\/{rel}","templated":true}]}}