{"id":4303,"date":"2024-09-05T09:16:58","date_gmt":"2024-09-05T09:16:58","guid":{"rendered":"https:\/\/shop.ahlmann.nl\/politique-de-cookies\/"},"modified":"2025-11-06T13:28:54","modified_gmt":"2025-11-06T13:28:54","slug":"politique-de-cookies","status":"publish","type":"page","link":"https:\/\/shop.ahlmann.nl\/fr\/politique-de-cookies\/","title":{"rendered":"Politique de cookies"},"content":{"rendered":"\n<h2>Introduction<\/h2>\n    <p>\n Bienvenue sur le site web d&#8217;Ahlmann Nederland. Pour rendre votre visite sur notre site web aussi agr\u00e9able que possible, nous utilisons des cookies. Dans cette politique de cookies, nous expliquons ce que sont les cookies, quels cookies nous utilisons et pourquoi nous les utilisons.  \n    <\/p>\n\n    <h2>Que sont les cookies ?<\/h2>\n    <p>\n Les cookies sont de petits fichiers texte qui sont stock\u00e9s sur votre appareil lorsque vous visitez un site web. Ces cookies nous aident \u00e0 am\u00e9liorer votre exp\u00e9rience utilisateur, \u00e0 garantir la fonctionnalit\u00e9 du site web et \u00e0 collecter des informations sur l&#8217;utilisation de notre site web. \n    <\/p>\n\n    <h2>Quels cookies utilisons-nous<\/h2>\n    <p>\n        <strong>1. Cookies fonctionnels : <\/strong>Ces cookies sont essentiels au bon fonctionnement de notre site web. Ils vous permettent de naviguer sur le site et d&#8217;utiliser ses fonctionnalit\u00e9s, comme l&#8217;acc\u00e8s aux zones s\u00e9curis\u00e9es du site. Les cookies fonctionnels que nous utilisons sont  \n    <\/p>\n\n    <div class=\"cookie-beleid-table\">\n    <table>\n        <tr class=\"table-head\">\n            <td>Nom du cookie<\/td>\n            <td>Description<\/td>\n            <td>Dur\u00e9e de conservation<\/td>\n        <\/tr>\n        <tr>\n            <td>wpml_browser redirect_test<\/td>\n            <td>Ce cookie est d\u00e9fini par le plugin WordPress WPML et est utilis\u00e9 pour tester si les cookies sont activ\u00e9s dans ton navigateur.<\/td>\n            <td>Pendant la session<\/td>\n        <\/tr>\n        <tr>\n            <td>_icl_visitor_lang_js<\/td>\n            <td>WPML d\u00e9finit ce cookie pour te rediriger vers la bonne traduction.<\/td>\n            <td>1 jour<\/td>\n        <\/tr>\n    <\/table>\n    <\/div>\n\n    <p>\n        <strong>2. Cookies analytiques : <\/strong>Avec ces cookies, nous collectons des informations sur la fa\u00e7on dont les visiteurs utilisent notre site web. Ces donn\u00e9es nous aident \u00e0 am\u00e9liorer le site web et \u00e0 optimiser l&#8217;exp\u00e9rience utilisateur. Les informations que nous collectons sont anonymes et ne contiennent pas de donn\u00e9es personnelles.  \n    <\/p>\n\n    <p>\n        <strong>3. Cookies de m\u00e9dias sociaux : <\/strong>Sur notre site web, des boutons peuvent \u00eatre inclus pour promouvoir ou partager des pages via des r\u00e9seaux sociaux comme Facebook et Twitter. Ces boutons fonctionnent gr\u00e2ce \u00e0 un code provenant de ces r\u00e9seaux sociaux. Ce code place des cookies.  \n    <\/p>\n\n    <p>\n        <strong>4. Cookies n\u00e9cessaires : <\/strong>Les cookies n\u00e9cessaires sont cruciaux pour les fonctions de base du site web et sans eux, le site web ne fonctionne pas comme pr\u00e9vu. Ces cookies ne stockent pas de donn\u00e9es personnelles identifiables. Les cookies n\u00e9cessaires que nous utilisons sont \n    <\/p>\n    \n    <div class=\"cookie-beleid-table\">\n    <table>\n        <tr class=\"table-head\">\n            <td>Nom du cookie<\/td>\n            <td>Description<\/td>\n            <td>Dur\u00e9e de conservation<\/td>\n        <\/tr>\n        <tr>\n            <td>cookielawinfo checkbox necessary<\/td>\n            <td>D\u00e9fini par le plugin GDPR Cookie Consent, ce cookie enregistre le consentement des utilisateurs pour les cookies dans la section &#8220;Cookies n\u00e9cessaires&#8221;.<\/td>\n            <td>1 an<\/td>\n        <\/tr>\n        <tr>\n            <td>cookielawinfo checkbox functional<\/td>\n            <td>D\u00e9fini par le plugin GDPR Cookie Consent, ce cookie enregistre le consentement des utilisateurs pour les cookies dans la section &#8220;Cookies fonctionnels&#8221;.<\/td>\n            <td>1 an<\/td>\n        <\/tr>\n        <tr>\n            <td>cookielawinfo-checkbox performance<\/td>\n            <td>D\u00e9fini par le plugin GDPR Cookie Consent, ce cookie enregistre le consentement des utilisateurs pour les cookies dans la section &#8220;Cookies de performance&#8221;.<\/td>\n            <td>1 an<\/td>\n        <\/tr>\n        <tr>\n            <td>cookielawinfo-checkbox analytics<\/td>\n            <td>D\u00e9fini par le plugin GDPR Cookie Consent, ce cookie enregistre le consentement des utilisateurs pour les cookies dans la section &#8220;Cookies analytiques&#8221;.<\/td>\n            <td>1 an<\/td>\n        <\/tr>\n        <tr>\n            <td>cookielawinfo-checkbox advertisement<\/td>\n            <td>D\u00e9fini par le plugin GDPR Cookie Consent, ce cookie enregistre le consentement des utilisateurs pour les cookies dans la section &#8220;Cookies de m\u00e9dias sociaux&#8221;.<\/td>\n            <td>1 an<\/td>\n        <\/tr>\n        <tr>\n            <td>cookielawinfo checkbox-others<\/td>\n            <td>D\u00e9fini par le plugin GDPR Cookie Consent, ce cookie enregistre le consentement des utilisateurs pour les cookies dans la section &#8220;Autres&#8221;.<\/td>\n            <td>1 an<\/td>\n        <\/tr>\n    <\/table>\n    <\/div>\n\n    <p>\n        <strong>5. Autres cookies :  <\/strong>\n    <\/p>\n    <div class=\"cookie-beleid-table\">\n    <table>\n        <tr class=\"table-head\">\n            <td>Nom du cookie<\/td>\n            <td>Description<\/td>\n            <td>Dur\u00e9e de conservation<\/td>\n        <\/tr>\n        <tr>\n            <td>wc_cart hash_9f388692e 0c447befe436 269f8533853-en<\/td>\n            <td>x<\/td>\n            <td>Ne stocke pas<\/td>\n        <\/tr>\n        <tr>\n            <td>wc_cart hash_9f388692e 0c447befe436 269f8533853-nl<\/td>\n            <td>x<\/td>\n            <td>Ne stocke pas<\/td>\n        <\/tr>\n        <tr>\n            <td>wc_fragments 9f388692e 0c447befe436 269f8533853<\/td>\n            <td>x<\/td>\n            <td>Pendant la session<\/td>\n        <\/tr>\n    <\/table>\n    <\/div>\n    \n    <h2>Comment g\u00e9rer ou supprimer les cookies<\/h2>\n    <p>\n Tu peux toujours g\u00e9rer ou supprimer les cookies via les param\u00e8tres de ton navigateur web. Garde \u00e0 l&#8217;esprit que la d\u00e9sactivation des cookies peut signifier que certaines fonctions de notre site web ne fonctionneront pas correctement \n    <\/p>\n\n    <h2>Modifications de notre politique de cookies<\/h2>\n    <p>\n Nous nous r\u00e9servons le droit de modifier cette politique de cookies \u00e0 tout moment. Toute modification sera publi\u00e9e sur cette page. Nous te recommandons de consulter r\u00e9guli\u00e8rement cette page pour obtenir les informations les plus r\u00e9centes sur notre politique de cookies.  \n    <\/p>\n\n    <h2>Contact<\/h2>\n    <p>\n Tu as des questions sur notre politique de cookies ? Alors contacte-nous via <a href=\"mailto:info@ahlmann.nl\">info@ahlmann.nl<\/a> \n    <\/p>\n","protected":false},"excerpt":{"rendered":"<p>Introduction Bienvenue sur le site web d&#8217;Ahlmann Nederland. Pour rendre votre visite sur notre site web aussi agr\u00e9able que possible, nous utilisons des cookies. Dans cette politique de cookies, nous expliquons ce que sont les cookies, quels cookies nous utilisons et pourquoi nous les utilisons. Que sont les cookies ? Les cookies sont de petits [&#8230;]\n","protected":false},"author":1,"featured_media":758,"parent":0,"menu_order":0,"comment_status":"closed","ping_status":"closed","template":"","meta":{"_acf_changed":false,"_monsterinsights_skip_tracking":false,"_monsterinsights_sitenote_active":false,"_monsterinsights_sitenote_note":"","_monsterinsights_sitenote_category":0,"footnotes":""},"class_list":["post-4303","page","type-page","status-publish","has-post-thumbnail","hentry"],"acf":[],"_links":{"self":[{"href":"https:\/\/shop.ahlmann.nl\/fr\/wp-json\/wp\/v2\/pages\/4303","targetHints":{"allow":["GET"]}}],"collection":[{"href":"https:\/\/shop.ahlmann.nl\/fr\/wp-json\/wp\/v2\/pages"}],"about":[{"href":"https:\/\/shop.ahlmann.nl\/fr\/wp-json\/wp\/v2\/types\/page"}],"author":[{"embeddable":true,"href":"https:\/\/shop.ahlmann.nl\/fr\/wp-json\/wp\/v2\/users\/1"}],"replies":[{"embeddable":true,"href":"https:\/\/shop.ahlmann.nl\/fr\/wp-json\/wp\/v2\/comments?post=4303"}],"version-history":[{"count":2,"href":"https:\/\/shop.ahlmann.nl\/fr\/wp-json\/wp\/v2\/pages\/4303\/revisions"}],"predecessor-version":[{"id":4945,"href":"https:\/\/shop.ahlmann.nl\/fr\/wp-json\/wp\/v2\/pages\/4303\/revisions\/4945"}],"wp:featuredmedia":[{"embeddable":true,"href":"https:\/\/shop.ahlmann.nl\/fr\/wp-json\/wp\/v2\/media\/758"}],"wp:attachment":[{"href":"https:\/\/shop.ahlmann.nl\/fr\/wp-json\/wp\/v2\/media?parent=4303"}],"curies":[{"name":"wp","href":"https:\/\/api.w.org\/{rel}","templated":true}]}}