{"id":2518,"date":"2020-03-31T12:42:23","date_gmt":"2020-03-31T12:42:23","guid":{"rendered":"https:\/\/shop.ahlmann.nl\/politique-de-confidentialite\/"},"modified":"2025-11-06T13:28:43","modified_gmt":"2025-11-06T13:28:43","slug":"privacybeleid","status":"publish","type":"page","link":"https:\/\/shop.ahlmann.nl\/fr\/privacybeleid\/","title":{"rendered":"Politique de confidentialit\u00e9"},"content":{"rendered":"\n<h2 class=\"wp-block-heading\">Politique de confidentialit\u00e9<\/h2>\n\n<p>Ahlmann, situ\u00e9 \u00e0 Onderwaard 11 5324 JV AMMERZODEN, est responsable du traitement des donn\u00e9es personnelles comme d\u00e9crit dans cette d\u00e9claration de confidentialit\u00e9.<\/p>\n\n<p>Coordonn\u00e9es :<\/p>\n\n<p>Onderwaard 11 5324 JV AMMERZODEN<\/p>\n\n<p>+31 73 599 77 55<\/p>\n\n<p>Le D\u00e9l\u00e9gu\u00e9 \u00e0 la Protection des Donn\u00e9es d&#8217;Ahlmann peut \u00eatre contact\u00e9 via support@coersonline.nl<\/p>\n\n<h2 class=\"wp-block-heading\">Donn\u00e9es personnelles que nous traitons<\/h2>\n\n<p>Ahlmann traite tes donn\u00e9es personnelles car tu utilises nos services et\/ou parce que tu nous les fournis. Voici un aper\u00e7u des donn\u00e9es personnelles que nous traitons : &#8211; Nom et pr\u00e9nom &#8211; Adresse &#8211; Num\u00e9ro de t\u00e9l\u00e9phone &#8211; Adresse e-mail &#8211; Adresse IP &#8211; Autres donn\u00e9es personnelles que tu fournis activement, par exemple en cr\u00e9ant un profil sur ce site, par correspondance et par t\u00e9l\u00e9phone &#8211; Donn\u00e9es sur ton comportement de navigation sur diff\u00e9rents sites web (par exemple parce que cette entreprise fait partie d&#8217;un r\u00e9seau publicitaire) &#8211; Navigateur Internet et type d&#8217;appareil &#8211; Num\u00e9ro de compte bancaire <\/p>\n\n<h2 class=\"wp-block-heading\">Donn\u00e9es personnelles particuli\u00e8res et\/ou sensibles que nous traitons<\/h2>\n\n<p>Notre site web et\/ou service n&#8217;a pas l&#8217;intention de collecter des donn\u00e9es sur les visiteurs du site \u00e2g\u00e9s de moins de 16 ans, sauf s&#8217;ils ont l&#8217;autorisation de leurs parents ou tuteurs. Cependant, nous ne pouvons pas v\u00e9rifier si un visiteur a plus de 16 ans. Nous encourageons donc les parents \u00e0 s&#8217;impliquer dans les activit\u00e9s en ligne de leurs enfants, afin d&#8217;\u00e9viter que des donn\u00e9es sur les enfants ne soient collect\u00e9es sans l&#8217;autorisation parentale. Si tu es convaincu que nous avons collect\u00e9 des informations personnelles sur un mineur sans cette autorisation, contacte-nous via support@coersonline.nl, et nous supprimerons ces informations.    <\/p>\n\n<h2 class=\"wp-block-heading\">Dans quel but et sur quelle base l\u00e9gale nous traitons les donn\u00e9es personnelles<\/h2>\n\n<p>Ahlmann traite tes donn\u00e9es personnelles pour les objectifs suivants : &#8211; Traiter ton paiement &#8211; Envoyer notre newsletter et\/ou d\u00e9pliant publicitaire &#8211; Pouvoir t&#8217;appeler ou t&#8217;envoyer un e-mail si n\u00e9cessaire pour ex\u00e9cuter nos services &#8211; Te permettre de cr\u00e9er un compte &#8211; Livrer des biens et services chez toi &#8211; Ahlmann analyse ton comportement sur le site web pour am\u00e9liorer le site et adapter l&#8217;offre de produits et services \u00e0 tes pr\u00e9f\u00e9rences &#8211; Ahlmann suit ton comportement de navigation sur diff\u00e9rents sites web pour adapter nos produits et services \u00e0 tes besoins &#8211; Ahlmann traite \u00e9galement les donn\u00e9es personnelles lorsque nous y sommes l\u00e9galement tenus, comme les donn\u00e9es n\u00e9cessaires pour notre d\u00e9claration fiscale.<\/p>\n\n<h2 class=\"wp-block-heading\">Prise de d\u00e9cision automatis\u00e9e<\/h2>\n\n<p>Ahlmann prend #responsibility des d\u00e9cisions bas\u00e9es sur des traitements automatis\u00e9s concernant des questions qui peuvent avoir des cons\u00e9quences (importantes) pour les personnes. Il s&#8217;agit de d\u00e9cisions prises par des programmes ou syst\u00e8mes informatiques, sans qu&#8217;une personne (par exemple, un employ\u00e9 d&#8217;Ahlmann) n&#8217;intervienne. Ahlmann utilise les programmes ou syst\u00e8mes informatiques suivants : #use_explanation  <\/p>\n\n<h2 class=\"wp-block-heading\">Dur\u00e9e de conservation des donn\u00e9es personnelles<\/h2>\n\n<p>Ahlmann ne conserve pas tes donn\u00e9es personnelles plus longtemps que strictement n\u00e9cessaire pour r\u00e9aliser les objectifs pour lesquels tes donn\u00e9es sont collect\u00e9es. Nous appliquons les p\u00e9riodes de conservation suivantes pour les (cat\u00e9gories de) donn\u00e9es personnelles : #retention_period Ahlmann ne vend pas tes donn\u00e9es \u00e0 des tiers et ne les fournit que si cela est n\u00e9cessaire pour l&#8217;ex\u00e9cution de notre accord avec toi ou pour satisfaire \u00e0 une obligation l\u00e9gale. Avec les entreprises qui traitent tes donn\u00e9es pour notre compte, nous concluons un accord de traitement pour assurer le m\u00eame niveau de s\u00e9curit\u00e9 et de confidentialit\u00e9 de tes donn\u00e9es. Ahlmann reste responsable de ces traitements.   <\/p>\n\n<h2 class=\"wp-block-heading\">Partage des donn\u00e9es personnelles avec des tiers<\/h2>\n\n<p>Ahlmann partage tes donn\u00e9es personnelles avec diff\u00e9rents tiers si cela est n\u00e9cessaire pour l&#8217;ex\u00e9cution du contrat et pour se conformer \u00e0 une obligation l\u00e9gale. Avec les entreprises qui traitent tes donn\u00e9es pour notre compte, nous concluons un accord de traitement pour assurer le m\u00eame niveau de s\u00e9curit\u00e9 et de confidentialit\u00e9 de tes donn\u00e9es. Ahlmann reste responsable de ces traitements. De plus, Ahlmann fournit tes donn\u00e9es personnelles \u00e0 d&#8217;autres tiers. Nous ne le faisons qu&#8217;avec ton consentement explicite.    <\/p>\n\n<h2 class=\"wp-block-heading\">Cookies ou techniques similaires que nous utilisons<\/h2>\n\n<p>Ahlmann utilise des cookies fonctionnels, analytiques et de suivi. Un cookie est un petit fichier texte qui est stock\u00e9 dans le navigateur de ton ordinateur, tablette ou smartphone lors de ta premi\u00e8re visite sur ce site web. Ahlmann utilise des cookies ayant une fonctionnalit\u00e9 purement technique. Ils assurent le bon fonctionnement du site web et permettent par exemple de m\u00e9moriser tes pr\u00e9f\u00e9rences. Ces cookies sont \u00e9galement utilis\u00e9s pour faire fonctionner correctement le site web et l&#8217;optimiser. De plus, nous pla\u00e7ons des cookies qui suivent ton comportement de navigation afin de pouvoir offrir du contenu et des publicit\u00e9s personnalis\u00e9s. Lors de ta premi\u00e8re visite sur notre site web, nous t&#8217;avons d\u00e9j\u00e0 inform\u00e9 de ces cookies et demand\u00e9 ton autorisation pour les placer. Tu peux te d\u00e9sabonner des cookies en configurant ton navigateur Internet pour qu&#8217;il ne stocke plus de cookies. De plus, tu peux \u00e9galement supprimer toutes les informations pr\u00e9c\u00e9demment enregistr\u00e9es via les param\u00e8tres de ton navigateur. Pour plus d&#8217;explications, consulte : https:\/\/veiliginternetten.nl\/themes\/situatie\/cookies-wat-zijn-het-en-wat-doe-ik-ermee\/ Des cookies sont \u00e9galement plac\u00e9s sur ce site web par des tiers. Il peut s&#8217;agir par exemple d&#8217;annonceurs et\/ou d&#8217;entreprises de m\u00e9dias sociaux.           <\/p>\n\n<figure class=\"wp-block-table\"><table><tbody><tr><td>Nom<\/td><td>Date d&#8217;expiration (bas\u00e9e sur la session du 25-7-2022)<\/td><\/tr><tr><td>vchideactivationmsg_vc11<\/td><td>2022-08-20T07:21:40.000Z<\/td><\/tr><tr><td>wordpress_sec_a96082ac9f8cbe8d6f4030e318be889a<\/td><td>Session<\/td><\/tr><tr><td>wpml_browser_redirect_test<\/td><td>Session<\/td><\/tr><tr><td>_ga_736LGP1LSR<\/td><td>2024-07-24T09:51:12.000Z<\/td><\/tr><tr><td>woocommerce_items_in_cart<\/td><td> Session <\/td><\/tr><tr><td>wordpress_logged_in_a96082ac9f8cbe8d6f4030e318be889a<\/td><td> Session <\/td><\/tr><tr><td>_gid<\/td><td>2022-07-26T09:44:02.000Z<\/td><\/tr><tr><td>woocommerce_cart_hash<\/td><td> Session <\/td><\/tr><tr><td>wp-wpml_current_admin_language_d41d8cd98f00b204e9800998ecf8427e<\/td><td>2022-07-26T09:44:42.102Z<\/td><\/tr><tr><td>wp_woocommerce_session_a96082ac9f8cbe8d6f4030e318be889a<\/td><td>2022-07-27T09:44:47.573Z<\/td><\/tr><tr><td>_icl_visitor_lang_js<\/td><td>2022-07-26T09:43:14.000Z<\/td><\/tr><tr><td>_ga<\/td><td>2024-07-24T09:51:12.000Z<\/td><\/tr><tr><td>cookie_notice_accepted<\/td><td>2022-08-20T07:21:23.000Z<\/td><\/tr><tr><td>tk_ai<\/td><td> Session <\/td><\/tr><tr><td>wp-settings-time-1<\/td><td>2023-06-23T13:27:52.120Z<\/td><\/tr><tr><td>wordpress_sec_a96082ac9f8cbe8d6f4030e318be889a<\/td><td> Session <\/td><\/tr><tr><td>wp-settings-1<\/td><td>2023-06-23T13:27:52.120Z<\/td><\/tr><tr><td>_ga_KN12GVZDES<\/td><td>2024-06-22T13:26:30.000Z<\/td><\/tr><tr><td>wp-wpml_current_language<\/td><td>2022-07-26T09:46:36.298Z<\/td><\/tr><tr><td>wordpress_test_cookie<\/td><td> Session <\/td><\/tr><\/tbody><\/table><\/figure>\n\n<h2 class=\"wp-block-heading\">Consulter, modifier ou supprimer des donn\u00e9es<\/h2>\n\n<p>Tu as le droit de consulter, corriger ou supprimer tes donn\u00e9es personnelles. Tu peux le faire toi-m\u00eame via les param\u00e8tres personnels de ton compte. Tu as \u00e9galement le droit de retirer ton consentement au traitement des donn\u00e9es ou de t&#8217;opposer au traitement de tes donn\u00e9es personnelles par notre entreprise, et tu as le droit \u00e0 la portabilit\u00e9 des donn\u00e9es. Cela signifie que tu peux nous soumettre une demande pour envoyer les donn\u00e9es personnelles que nous poss\u00e9dons sur toi dans un fichier informatique \u00e0 toi ou \u00e0 une autre organisation que tu as d\u00e9sign\u00e9e. Si tu souhaites exercer ton droit d&#8217;opposition et\/ou ton droit \u00e0 la portabilit\u00e9 des donn\u00e9es, ou si tu as d&#8217;autres questions\/commentaires concernant le traitement des donn\u00e9es, envoie une demande d\u00e9taill\u00e9e \u00e0 support@coersonline.nl. Pour nous assurer que la demande d&#8217;acc\u00e8s est faite par toi, nous te demandons de joindre une copie de ta pi\u00e8ce d&#8217;identit\u00e9 \u00e0 la demande. Dans cette copie, masque ta photo, la MRZ (zone de lecture automatique, la bande avec les num\u00e9ros au bas du passeport), le num\u00e9ro de passeport et le num\u00e9ro de service citoyen (BSN). Ceci pour prot\u00e9ger ta vie priv\u00e9e. Ahlmann r\u00e9pondra \u00e0 ta demande d\u00e8s que possible, mais dans tous les cas dans les quatre semaines. Ahlmann tient \u00e9galement \u00e0 te signaler que tu as la possibilit\u00e9 de d\u00e9poser une plainte aupr\u00e8s de l&#8217;autorit\u00e9 nationale de surveillance, l&#8217;Autorit\u00e9 de Protection des Donn\u00e9es. Tu peux le faire via le lien suivant : https:\/\/autoriteitpersoonsgegevens.nl\/nl\/contact-met-de-autoriteit-persoonsgegevens\/tip-ons          <\/p>\n\n<h2 class=\"wp-block-heading\">Comment nous prot\u00e9geons les donn\u00e9es personnelles<\/h2>\n\n<p>Ahlmann prend la protection de tes donn\u00e9es au s\u00e9rieux et prend des mesures appropri\u00e9es pour pr\u00e9venir l&#8217;abus, la perte, l&#8217;acc\u00e8s non autoris\u00e9, la divulgation non d\u00e9sir\u00e9e et la modification non autoris\u00e9e. Si tu as l&#8217;impression que tes donn\u00e9es ne sont pas correctement s\u00e9curis\u00e9es ou qu&#8217;il y a des indications d&#8217;abus, contacte notre service client ou envoie un e-mail \u00e0 support@coersonline.nl <\/p>\n","protected":false},"excerpt":{"rendered":"<p>Politique de confidentialit\u00e9 Ahlmann, situ\u00e9 \u00e0 Onderwaard 11 5324 JV AMMERZODEN, est responsable du traitement des donn\u00e9es personnelles comme d\u00e9crit dans cette d\u00e9claration de confidentialit\u00e9. Coordonn\u00e9es : Onderwaard 11 5324 JV AMMERZODEN +31 73 599 77 55 Le D\u00e9l\u00e9gu\u00e9 \u00e0 la Protection des Donn\u00e9es d&#8217;Ahlmann peut \u00eatre contact\u00e9 via support@coersonline.nl Donn\u00e9es personnelles que nous traitons [&#8230;]\n","protected":false},"author":1,"featured_media":0,"parent":0,"menu_order":0,"comment_status":"closed","ping_status":"closed","template":"","meta":{"_acf_changed":false,"_monsterinsights_skip_tracking":false,"_monsterinsights_sitenote_active":false,"_monsterinsights_sitenote_note":"","_monsterinsights_sitenote_category":0,"footnotes":""},"class_list":["post-2518","page","type-page","status-publish","hentry"],"acf":[],"_links":{"self":[{"href":"https:\/\/shop.ahlmann.nl\/fr\/wp-json\/wp\/v2\/pages\/2518","targetHints":{"allow":["GET"]}}],"collection":[{"href":"https:\/\/shop.ahlmann.nl\/fr\/wp-json\/wp\/v2\/pages"}],"about":[{"href":"https:\/\/shop.ahlmann.nl\/fr\/wp-json\/wp\/v2\/types\/page"}],"author":[{"embeddable":true,"href":"https:\/\/shop.ahlmann.nl\/fr\/wp-json\/wp\/v2\/users\/1"}],"replies":[{"embeddable":true,"href":"https:\/\/shop.ahlmann.nl\/fr\/wp-json\/wp\/v2\/comments?post=2518"}],"version-history":[{"count":4,"href":"https:\/\/shop.ahlmann.nl\/fr\/wp-json\/wp\/v2\/pages\/2518\/revisions"}],"predecessor-version":[{"id":4931,"href":"https:\/\/shop.ahlmann.nl\/fr\/wp-json\/wp\/v2\/pages\/2518\/revisions\/4931"}],"wp:attachment":[{"href":"https:\/\/shop.ahlmann.nl\/fr\/wp-json\/wp\/v2\/media?parent=2518"}],"curies":[{"name":"wp","href":"https:\/\/api.w.org\/{rel}","templated":true}]}}