{"id":2512,"date":"2020-06-03T12:37:57","date_gmt":"2020-06-03T12:37:57","guid":{"rendered":"https:\/\/shop.ahlmann.nl\/paiement-securise\/"},"modified":"2025-11-06T13:28:38","modified_gmt":"2025-11-06T13:28:38","slug":"veilig-betalen","status":"publish","type":"page","link":"https:\/\/shop.ahlmann.nl\/fr\/veilig-betalen\/","title":{"rendered":"Paiement s\u00e9curis\u00e9"},"content":{"rendered":"\n<h4 class=\"wp-block-heading\">Paiement s\u00e9curis\u00e9 <\/h4>\n\n<p> Les paiements sont trait\u00e9s par MultiSafepay avec iDeal ou carte de cr\u00e9dit.<\/p>\n","protected":false},"excerpt":{"rendered":"<p>Paiement s\u00e9curis\u00e9 Les paiements sont trait\u00e9s par MultiSafepay avec iDeal ou carte de cr\u00e9dit.<\/p>\n","protected":false},"author":2,"featured_media":0,"parent":0,"menu_order":0,"comment_status":"closed","ping_status":"closed","template":"","meta":{"_acf_changed":false,"_monsterinsights_skip_tracking":false,"_monsterinsights_sitenote_active":false,"_monsterinsights_sitenote_note":"","_monsterinsights_sitenote_category":0,"footnotes":""},"class_list":["post-2512","page","type-page","status-publish","hentry"],"acf":[],"_links":{"self":[{"href":"https:\/\/shop.ahlmann.nl\/fr\/wp-json\/wp\/v2\/pages\/2512","targetHints":{"allow":["GET"]}}],"collection":[{"href":"https:\/\/shop.ahlmann.nl\/fr\/wp-json\/wp\/v2\/pages"}],"about":[{"href":"https:\/\/shop.ahlmann.nl\/fr\/wp-json\/wp\/v2\/types\/page"}],"author":[{"embeddable":true,"href":"https:\/\/shop.ahlmann.nl\/fr\/wp-json\/wp\/v2\/users\/2"}],"replies":[{"embeddable":true,"href":"https:\/\/shop.ahlmann.nl\/fr\/wp-json\/wp\/v2\/comments?post=2512"}],"version-history":[{"count":4,"href":"https:\/\/shop.ahlmann.nl\/fr\/wp-json\/wp\/v2\/pages\/2512\/revisions"}],"predecessor-version":[{"id":4932,"href":"https:\/\/shop.ahlmann.nl\/fr\/wp-json\/wp\/v2\/pages\/2512\/revisions\/4932"}],"wp:attachment":[{"href":"https:\/\/shop.ahlmann.nl\/fr\/wp-json\/wp\/v2\/media?parent=2512"}],"curies":[{"name":"wp","href":"https:\/\/api.w.org\/{rel}","templated":true}]}}