{"id":2493,"date":"2020-03-31T12:20:35","date_gmt":"2020-03-31T12:20:35","guid":{"rendered":"https:\/\/shop.ahlmann.nl\/termes-et-conditions\/"},"modified":"2025-11-06T13:28:28","modified_gmt":"2025-11-06T13:28:28","slug":"algemene-voorwaarden","status":"publish","type":"page","link":"https:\/\/shop.ahlmann.nl\/fr\/algemene-voorwaarden\/","title":{"rendered":"Conditions g\u00e9n\u00e9rales de vente"},"content":{"rendered":"\n<h2 class=\"wp-block-heading\">Conditions g\u00e9n\u00e9rales de vente<\/h2>\n\n<ol class=\"wp-block-list\">\n<li>Ces conditions g\u00e9n\u00e9rales s&#8217;appliquent uniquement \u00e0 tous les contrats conclus via l&#8217;AhlmannShop entre Ahlmann Nederland bv et le consommateur. Nos conditions g\u00e9n\u00e9rales de livraison et de paiement s&#8217;appliquent \u00e0 nos autres services et livraisons.  <\/li>\n\n\n\n<li>Les prix que nous indiquons sont des prix bruts, TVA comprise, et sont bas\u00e9s sur une livraison depuis notre entrep\u00f4t\/entreprise, sauf accord \u00e9crit contraire.<\/li>\n\n\n\n<li>Sauf accord \u00e9crit contraire, l&#8217;achat doit toujours \u00eatre pay\u00e9 \u00e0 l&#8217;avance par iDeal ou carte de cr\u00e9dit.<\/li>\n\n\n\n<li>Les prix que nous indiquons sont des prix bruts, TVA comprise, et sont bas\u00e9s sur une livraison depuis notre entrep\u00f4t\/entreprise, sauf accord \u00e9crit contraire.<\/li>\n\n\n\n<li>Tu as le droit d&#8217;annuler ta commande sans donner de raison jusqu&#8217;\u00e0 14 jours apr\u00e8s r\u00e9ception. Apr\u00e8s l&#8217;annulation, tu as encore 14 jours pour renvoyer ton produit. Tu seras alors rembours\u00e9 du montant de la commande, hors frais d&#8217;exp\u00e9dition. Les frais de retour de chez toi \u00e0 la boutique en ligne sont \u00e0 ta charge. Ces frais s&#8217;\u00e9l\u00e8vent \u00e0 environ 6,95 \u20ac par colis, consulte le site web de ton transporteur pour les tarifs exacts. Si tu fais usage de ton droit de r\u00e9tractation, le produit devra \u00eatre retourn\u00e9 \u00e0 Ahlmann Nederland avec tous les accessoires fournis et &#8211; si raisonnablement possible &#8211; dans son \u00e9tat et emballage d&#8217;origine. Pour exercer ce droit, tu peux nous contacter via webshop@ahlmann.nl. Nous te rembourserons ensuite le montant d\u00fb de la commande dans les 14 jours suivant la notification de ton retour, \u00e0 condition que le produit ait d\u00e9j\u00e0 \u00e9t\u00e9 re\u00e7u en bon \u00e9tat.        <\/li>\n<\/ol>\n\n<div class=\"wp-block-buttons is-layout-flex wp-block-buttons-is-layout-flex\">\n<div class=\"wp-block-button\"><a class=\"wp-block-button__link wp-element-button\" href=\"https:\/\/www.ser.nl\/nl\/thema\/consumentenvoorwaarden\/~\/-\/media\/6A9BF2BCF4664C99B107558339825160.ashx\" target=\"_blank\" rel=\"noreferrer noopener\">Conditions g\u00e9n\u00e9rales compl\u00e8tes<\/a><\/div>\n<\/div>\n","protected":false},"excerpt":{"rendered":"<p>Conditions g\u00e9n\u00e9rales de vente<\/p>\n","protected":false},"author":1,"featured_media":758,"parent":0,"menu_order":0,"comment_status":"closed","ping_status":"closed","template":"","meta":{"_acf_changed":false,"_monsterinsights_skip_tracking":false,"_monsterinsights_sitenote_active":false,"_monsterinsights_sitenote_note":"","_monsterinsights_sitenote_category":0,"footnotes":""},"class_list":["post-2493","page","type-page","status-publish","has-post-thumbnail","hentry"],"acf":[],"_links":{"self":[{"href":"https:\/\/shop.ahlmann.nl\/fr\/wp-json\/wp\/v2\/pages\/2493","targetHints":{"allow":["GET"]}}],"collection":[{"href":"https:\/\/shop.ahlmann.nl\/fr\/wp-json\/wp\/v2\/pages"}],"about":[{"href":"https:\/\/shop.ahlmann.nl\/fr\/wp-json\/wp\/v2\/types\/page"}],"author":[{"embeddable":true,"href":"https:\/\/shop.ahlmann.nl\/fr\/wp-json\/wp\/v2\/users\/1"}],"replies":[{"embeddable":true,"href":"https:\/\/shop.ahlmann.nl\/fr\/wp-json\/wp\/v2\/comments?post=2493"}],"version-history":[{"count":5,"href":"https:\/\/shop.ahlmann.nl\/fr\/wp-json\/wp\/v2\/pages\/2493\/revisions"}],"predecessor-version":[{"id":4924,"href":"https:\/\/shop.ahlmann.nl\/fr\/wp-json\/wp\/v2\/pages\/2493\/revisions\/4924"}],"wp:featuredmedia":[{"embeddable":true,"href":"https:\/\/shop.ahlmann.nl\/fr\/wp-json\/wp\/v2\/media\/758"}],"wp:attachment":[{"href":"https:\/\/shop.ahlmann.nl\/fr\/wp-json\/wp\/v2\/media?parent=2493"}],"curies":[{"name":"wp","href":"https:\/\/api.w.org\/{rel}","templated":true}]}}