{"id":2460,"date":"2020-03-31T12:47:33","date_gmt":"2020-03-31T12:47:33","guid":{"rendered":"https:\/\/shop.ahlmann.nl\/avertissement\/"},"modified":"2025-11-06T13:28:44","modified_gmt":"2025-11-06T13:28:44","slug":"disclaimer","status":"publish","type":"page","link":"https:\/\/shop.ahlmann.nl\/fr\/disclaimer\/","title":{"rendered":"Avertissement"},"content":{"rendered":"\n<h2 class=\"wp-block-heading\">Avertissement<\/h2>\n\n<p>L&#8217;AhmannShop a \u00e9t\u00e9 con\u00e7u avec soin. Les informations peuvent \u00eatre modifi\u00e9es ou compl\u00e9t\u00e9es \u00e0 tout moment, suite \u00e0 des d\u00e9veloppements ou \u00e0 des changements de perspective. Ahlmann Nederland ne peut donc accepter aucune responsabilit\u00e9 pour l&#8217;utilisation des informations sur ce site web.<\/p>\n","protected":false},"excerpt":{"rendered":"<p>Avertissement L&#8217;AhmannShop a \u00e9t\u00e9 con\u00e7u avec soin. Les informations peuvent \u00eatre modifi\u00e9es ou compl\u00e9t\u00e9es \u00e0 tout moment, suite \u00e0 des d\u00e9veloppements ou \u00e0 des changements de perspective. Ahlmann Nederland ne peut donc accepter aucune responsabilit\u00e9 pour l&#8217;utilisation des informations sur ce site web.<\/p>\n","protected":false},"author":1,"featured_media":0,"parent":0,"menu_order":0,"comment_status":"closed","ping_status":"closed","template":"","meta":{"_acf_changed":false,"_monsterinsights_skip_tracking":false,"_monsterinsights_sitenote_active":false,"_monsterinsights_sitenote_note":"","_monsterinsights_sitenote_category":0,"footnotes":""},"class_list":["post-2460","page","type-page","status-publish","hentry"],"acf":[],"_links":{"self":[{"href":"https:\/\/shop.ahlmann.nl\/fr\/wp-json\/wp\/v2\/pages\/2460","targetHints":{"allow":["GET"]}}],"collection":[{"href":"https:\/\/shop.ahlmann.nl\/fr\/wp-json\/wp\/v2\/pages"}],"about":[{"href":"https:\/\/shop.ahlmann.nl\/fr\/wp-json\/wp\/v2\/types\/page"}],"author":[{"embeddable":true,"href":"https:\/\/shop.ahlmann.nl\/fr\/wp-json\/wp\/v2\/users\/1"}],"replies":[{"embeddable":true,"href":"https:\/\/shop.ahlmann.nl\/fr\/wp-json\/wp\/v2\/comments?post=2460"}],"version-history":[{"count":6,"href":"https:\/\/shop.ahlmann.nl\/fr\/wp-json\/wp\/v2\/pages\/2460\/revisions"}],"predecessor-version":[{"id":4942,"href":"https:\/\/shop.ahlmann.nl\/fr\/wp-json\/wp\/v2\/pages\/2460\/revisions\/4942"}],"wp:attachment":[{"href":"https:\/\/shop.ahlmann.nl\/fr\/wp-json\/wp\/v2\/media?parent=2460"}],"curies":[{"name":"wp","href":"https:\/\/api.w.org\/{rel}","templated":true}]}}