{"id":4889,"date":"2025-10-02T13:34:11","date_gmt":"2025-10-02T13:34:11","guid":{"rendered":"https:\/\/shop.ahlmann.nl\/product\/zonnebril-mecalac\/"},"modified":"2025-11-06T12:32:22","modified_gmt":"2025-11-06T12:32:22","slug":"zonnebril-mecalac","status":"publish","type":"product","link":"https:\/\/shop.ahlmann.nl\/de\/produkt\/zonnebril-mecalac\/","title":{"rendered":"Sonnenbrille Mecalac"},"content":{"rendered":"<p><img loading=\"lazy\" decoding=\"async\" class=\"alignnone size-medium wp-image-4690\" src=\"https:\/\/shop.ahlmann.nl\/wp-content\/uploads\/2025\/11\/Webshop-Ahlmann-nieuw-3-e1759409711526-300x111.png\" alt=\"\" width=\"300\" height=\"111\" srcset=\"https:\/\/shop.ahlmann.nl\/wp-content\/uploads\/2025\/11\/Webshop-Ahlmann-nieuw-3-e1759409711526-300x111.png 300w, https:\/\/shop.ahlmann.nl\/wp-content\/uploads\/2025\/11\/Webshop-Ahlmann-nieuw-3-e1759409711526-1024x379.png 1024w, https:\/\/shop.ahlmann.nl\/wp-content\/uploads\/2025\/11\/Webshop-Ahlmann-nieuw-3-e1759409711526-768x284.png 768w, https:\/\/shop.ahlmann.nl\/wp-content\/uploads\/2025\/11\/Webshop-Ahlmann-nieuw-3-e1759409711526-1536x569.png 1536w, https:\/\/shop.ahlmann.nl\/wp-content\/uploads\/2025\/11\/Webshop-Ahlmann-nieuw-3-e1759409711526-510x189.png 510w, https:\/\/shop.ahlmann.nl\/wp-content\/uploads\/2025\/11\/Webshop-Ahlmann-nieuw-3-e1759409711526.png 2048w\" sizes=\"auto, (max-width: 300px) 100vw, 300px\" \/><img loading=\"lazy\" decoding=\"async\" class=\"alignnone size-medium wp-image-4694\" src=\"https:\/\/shop.ahlmann.nl\/wp-content\/uploads\/2025\/11\/Webshop-Ahlmann-nieuw-4-300x200.png\" alt=\"\" width=\"300\" height=\"200\" srcset=\"https:\/\/shop.ahlmann.nl\/wp-content\/uploads\/2025\/11\/Webshop-Ahlmann-nieuw-4-300x200.png 300w, https:\/\/shop.ahlmann.nl\/wp-content\/uploads\/2025\/11\/Webshop-Ahlmann-nieuw-4-1024x683.png 1024w, https:\/\/shop.ahlmann.nl\/wp-content\/uploads\/2025\/11\/Webshop-Ahlmann-nieuw-4-768x512.png 768w, https:\/\/shop.ahlmann.nl\/wp-content\/uploads\/2025\/11\/Webshop-Ahlmann-nieuw-4-1536x1024.png 1536w, https:\/\/shop.ahlmann.nl\/wp-content\/uploads\/2025\/11\/Webshop-Ahlmann-nieuw-4-510x340.png 510w, https:\/\/shop.ahlmann.nl\/wp-content\/uploads\/2025\/11\/Webshop-Ahlmann-nieuw-4.png 2048w\" sizes=\"auto, (max-width: 300px) 100vw, 300px\" \/><\/p>\n","protected":false},"excerpt":{"rendered":"<p>Die Sonnenbrille von Mecalac ist eine praktische Brille mit get\u00f6nten Gl\u00e4sern, die Schutz vor grellem Sonnenlicht bietet. Das Gestell ist mit dem Mecalac-Logo versehen. Geeignet f\u00fcr den Einsatz beim Arbeiten mit Maschinen<\/p>\n","protected":false},"featured_media":4581,"template":"","meta":{"_acf_changed":false,"_monsterinsights_skip_tracking":false,"_monsterinsights_sitenote_active":false,"_monsterinsights_sitenote_note":"","_monsterinsights_sitenote_category":0},"product_brand":[],"product_cat":[90,84],"product_tag":[],"class_list":{"0":"post-4889","1":"product","2":"type-product","3":"status-publish","4":"has-post-thumbnail","6":"product_cat-alles-de","7":"product_cat-ubriges","9":"first","10":"instock","11":"taxable","12":"shipping-taxable","13":"purchasable","14":"product-type-simple"},"acf":[],"_links":{"self":[{"href":"https:\/\/shop.ahlmann.nl\/de\/wp-json\/wp\/v2\/product\/4889","targetHints":{"allow":["GET"]}}],"collection":[{"href":"https:\/\/shop.ahlmann.nl\/de\/wp-json\/wp\/v2\/product"}],"about":[{"href":"https:\/\/shop.ahlmann.nl\/de\/wp-json\/wp\/v2\/types\/product"}],"wp:featuredmedia":[{"embeddable":true,"href":"https:\/\/shop.ahlmann.nl\/de\/wp-json\/wp\/v2\/media\/4581"}],"wp:attachment":[{"href":"https:\/\/shop.ahlmann.nl\/de\/wp-json\/wp\/v2\/media?parent=4889"}],"wp:term":[{"taxonomy":"product_brand","embeddable":true,"href":"https:\/\/shop.ahlmann.nl\/de\/wp-json\/wp\/v2\/product_brand?post=4889"},{"taxonomy":"product_cat","embeddable":true,"href":"https:\/\/shop.ahlmann.nl\/de\/wp-json\/wp\/v2\/product_cat?post=4889"},{"taxonomy":"product_tag","embeddable":true,"href":"https:\/\/shop.ahlmann.nl\/de\/wp-json\/wp\/v2\/product_tag?post=4889"}],"curies":[{"name":"wp","href":"https:\/\/api.w.org\/{rel}","templated":true}]}}