{"id":4886,"date":"2025-10-02T13:52:45","date_gmt":"2025-10-02T13:52:45","guid":{"rendered":"https:\/\/shop.ahlmann.nl\/product\/slabbertje\/"},"modified":"2025-11-06T12:31:54","modified_gmt":"2025-11-06T12:31:54","slug":"slabbertje","status":"publish","type":"product","link":"https:\/\/shop.ahlmann.nl\/de\/produkt\/slabbertje\/","title":{"rendered":"L\u00e4tzchen"},"content":{"rendered":"<p><img loading=\"lazy\" decoding=\"async\" class=\"alignnone size-medium wp-image-4818\" src=\"https:\/\/shop.ahlmann.nl\/wp-content\/uploads\/2025\/11\/Slabertje-300x300.png\" alt=\"\" width=\"300\" height=\"300\" srcset=\"https:\/\/shop.ahlmann.nl\/wp-content\/uploads\/2025\/11\/Slabertje-300x300.png 300w, https:\/\/shop.ahlmann.nl\/wp-content\/uploads\/2025\/11\/Slabertje-1024x1024.png 1024w, https:\/\/shop.ahlmann.nl\/wp-content\/uploads\/2025\/11\/Slabertje-150x150.png 150w, https:\/\/shop.ahlmann.nl\/wp-content\/uploads\/2025\/11\/Slabertje-768x768.png 768w, https:\/\/shop.ahlmann.nl\/wp-content\/uploads\/2025\/11\/Slabertje-247x247.png 247w, https:\/\/shop.ahlmann.nl\/wp-content\/uploads\/2025\/11\/Slabertje-510x510.png 510w, https:\/\/shop.ahlmann.nl\/wp-content\/uploads\/2025\/11\/Slabertje-100x100.png 100w, https:\/\/shop.ahlmann.nl\/wp-content\/uploads\/2025\/11\/Slabertje.png 1440w\" sizes=\"auto, (max-width: 300px) 100vw, 300px\" \/><img loading=\"lazy\" decoding=\"async\" class=\"alignnone size-medium wp-image-4573\" src=\"https:\/\/shop.ahlmann.nl\/wp-content\/uploads\/2025\/10\/Webshop-Ahlmann-nieuw-8-300x200.jpg\" alt=\"\" width=\"300\" height=\"200\" srcset=\"https:\/\/shop.ahlmann.nl\/wp-content\/uploads\/2025\/10\/Webshop-Ahlmann-nieuw-8-300x200.jpg 300w, https:\/\/shop.ahlmann.nl\/wp-content\/uploads\/2025\/10\/Webshop-Ahlmann-nieuw-8-1024x683.jpg 1024w, https:\/\/shop.ahlmann.nl\/wp-content\/uploads\/2025\/10\/Webshop-Ahlmann-nieuw-8-768x512.jpg 768w, https:\/\/shop.ahlmann.nl\/wp-content\/uploads\/2025\/10\/Webshop-Ahlmann-nieuw-8-1536x1024.jpg 1536w, https:\/\/shop.ahlmann.nl\/wp-content\/uploads\/2025\/10\/Webshop-Ahlmann-nieuw-8-510x340.jpg 510w, https:\/\/shop.ahlmann.nl\/wp-content\/uploads\/2025\/10\/Webshop-Ahlmann-nieuw-8.jpg 2048w\" sizes=\"auto, (max-width: 300px) 100vw, 300px\" \/><\/p>\n","protected":false},"excerpt":{"rendered":"<p>Weiches graues L\u00e4tzchen mit Aufdruck von Mecalac und Ahlmann. Aus bequemem Material gefertigt und mit einem praktischen Verschluss im Nacken versehen. Leicht zu reinigen und f\u00fcr den t\u00e4glichen Gebrauch geeignet. Ein sch\u00f6nes Produkt f\u00fcr junge Liebhaber von Baumaschinen.<\/p>\n","protected":false},"featured_media":4576,"template":"","meta":{"_acf_changed":false,"_monsterinsights_skip_tracking":false,"_monsterinsights_sitenote_active":false,"_monsterinsights_sitenote_note":"","_monsterinsights_sitenote_category":0},"product_brand":[],"product_cat":[90,78],"product_tag":[],"class_list":{"0":"post-4886","1":"product","2":"type-product","3":"status-publish","4":"has-post-thumbnail","6":"product_cat-alles-de","7":"product_cat-fuer-kinder","9":"first","10":"instock","11":"taxable","12":"shipping-taxable","13":"purchasable","14":"product-type-simple"},"acf":[],"_links":{"self":[{"href":"https:\/\/shop.ahlmann.nl\/de\/wp-json\/wp\/v2\/product\/4886","targetHints":{"allow":["GET"]}}],"collection":[{"href":"https:\/\/shop.ahlmann.nl\/de\/wp-json\/wp\/v2\/product"}],"about":[{"href":"https:\/\/shop.ahlmann.nl\/de\/wp-json\/wp\/v2\/types\/product"}],"wp:featuredmedia":[{"embeddable":true,"href":"https:\/\/shop.ahlmann.nl\/de\/wp-json\/wp\/v2\/media\/4576"}],"wp:attachment":[{"href":"https:\/\/shop.ahlmann.nl\/de\/wp-json\/wp\/v2\/media?parent=4886"}],"wp:term":[{"taxonomy":"product_brand","embeddable":true,"href":"https:\/\/shop.ahlmann.nl\/de\/wp-json\/wp\/v2\/product_brand?post=4886"},{"taxonomy":"product_cat","embeddable":true,"href":"https:\/\/shop.ahlmann.nl\/de\/wp-json\/wp\/v2\/product_cat?post=4886"},{"taxonomy":"product_tag","embeddable":true,"href":"https:\/\/shop.ahlmann.nl\/de\/wp-json\/wp\/v2\/product_tag?post=4886"}],"curies":[{"name":"wp","href":"https:\/\/api.w.org\/{rel}","templated":true}]}}