{"id":3766,"date":"2022-07-27T12:36:32","date_gmt":"2022-07-27T12:36:32","guid":{"rendered":"https:\/\/shop.ahlmann.nl\/product\/vloermat-as-600\/"},"modified":"2025-11-06T12:32:04","modified_gmt":"2025-11-06T12:32:04","slug":"vloermat-ahlmann-as-600-as-750","status":"publish","type":"product","link":"https:\/\/shop.ahlmann.nl\/de\/produkt\/vloermat-ahlmann-as-600-as-750\/","title":{"rendered":"Fu\u00dfmatte Ahlmann AS 600 \/ AS 750"},"content":{"rendered":"<p><img loading=\"lazy\" decoding=\"async\" class=\"alignnone size-medium wp-image-3759\" src=\"https:\/\/shop.ahlmann.nl\/wp-content\/uploads\/2022\/07\/WS_Mat-030060-AS-600-08563-300x300.jpg\" alt=\"\" width=\"300\" height=\"300\" srcset=\"https:\/\/shop.ahlmann.nl\/wp-content\/uploads\/2022\/07\/WS_Mat-030060-AS-600-08563-300x300.jpg 300w, https:\/\/shop.ahlmann.nl\/wp-content\/uploads\/2022\/07\/WS_Mat-030060-AS-600-08563-150x150.jpg 150w, https:\/\/shop.ahlmann.nl\/wp-content\/uploads\/2022\/07\/WS_Mat-030060-AS-600-08563-247x247.jpg 247w, https:\/\/shop.ahlmann.nl\/wp-content\/uploads\/2022\/07\/WS_Mat-030060-AS-600-08563-510x510.jpg 510w, https:\/\/shop.ahlmann.nl\/wp-content\/uploads\/2022\/07\/WS_Mat-030060-AS-600-08563-100x100.jpg 100w, https:\/\/shop.ahlmann.nl\/wp-content\/uploads\/2022\/07\/WS_Mat-030060-AS-600-08563.jpg 600w\" sizes=\"auto, (max-width: 300px) 100vw, 300px\" \/><\/p>\n<p>Die Matte ist aus Nadelfilz gefertigt und mit unserem Logo versehen.<\/p>\n","protected":false},"excerpt":{"rendered":"<p>Die perfekte Fu\u00dfmatte f\u00fcr Ihren Radlader. 100 % Passform, um den Innenraum Ihres AS 600 vor Schmutz und Besch\u00e4digungen zu sch\u00fctzen oder Ihrer Maschine ein sauberes, frisches und neues Aussehen zu verleihen. Der Komfort, die Matte einfach ausklopfen zu k\u00f6nnen, f\u00fcr einen sauberen Kabinenboden.<\/p>\n","protected":false},"featured_media":3758,"template":"","meta":{"_acf_changed":false,"_monsterinsights_skip_tracking":false,"_monsterinsights_sitenote_active":false,"_monsterinsights_sitenote_note":"","_monsterinsights_sitenote_category":0},"product_brand":[],"product_cat":[90,87],"product_tag":[],"class_list":{"0":"post-3766","1":"product","2":"type-product","3":"status-publish","4":"has-post-thumbnail","6":"product_cat-alles-de","7":"product_cat-zubehoer","9":"first","10":"instock","11":"taxable","12":"shipping-taxable","13":"purchasable","14":"product-type-simple"},"acf":[],"_links":{"self":[{"href":"https:\/\/shop.ahlmann.nl\/de\/wp-json\/wp\/v2\/product\/3766","targetHints":{"allow":["GET"]}}],"collection":[{"href":"https:\/\/shop.ahlmann.nl\/de\/wp-json\/wp\/v2\/product"}],"about":[{"href":"https:\/\/shop.ahlmann.nl\/de\/wp-json\/wp\/v2\/types\/product"}],"wp:featuredmedia":[{"embeddable":true,"href":"https:\/\/shop.ahlmann.nl\/de\/wp-json\/wp\/v2\/media\/3758"}],"wp:attachment":[{"href":"https:\/\/shop.ahlmann.nl\/de\/wp-json\/wp\/v2\/media?parent=3766"}],"wp:term":[{"taxonomy":"product_brand","embeddable":true,"href":"https:\/\/shop.ahlmann.nl\/de\/wp-json\/wp\/v2\/product_brand?post=3766"},{"taxonomy":"product_cat","embeddable":true,"href":"https:\/\/shop.ahlmann.nl\/de\/wp-json\/wp\/v2\/product_cat?post=3766"},{"taxonomy":"product_tag","embeddable":true,"href":"https:\/\/shop.ahlmann.nl\/de\/wp-json\/wp\/v2\/product_tag?post=3766"}],"curies":[{"name":"wp","href":"https:\/\/api.w.org\/{rel}","templated":true}]}}