{"id":3712,"date":"2022-05-03T13:07:23","date_gmt":"2022-05-03T13:07:23","guid":{"rendered":"https:\/\/shop.ahlmann.nl\/product\/mat-az-150f-achter\/"},"modified":"2025-11-06T12:32:34","modified_gmt":"2025-11-06T12:32:34","slug":"vloermat-az-150f-as-1600-achter","status":"publish","type":"product","link":"https:\/\/shop.ahlmann.nl\/de\/produkt\/vloermat-az-150f-as-1600-achter\/","title":{"rendered":"Fu\u00dfmatte Ahlmann AZ 150f \/ AS 1600 (hinten)"},"content":{"rendered":"<p><img loading=\"lazy\" decoding=\"async\" class=\"alignnone size-medium wp-image-4753\" src=\"https:\/\/shop.ahlmann.nl\/wp-content\/uploads\/2022\/05\/WS_Mat-0301501-AZ-150f-300x300.png\" alt=\"\" width=\"300\" height=\"300\" srcset=\"https:\/\/shop.ahlmann.nl\/wp-content\/uploads\/2022\/05\/WS_Mat-0301501-AZ-150f-300x300.png 300w, https:\/\/shop.ahlmann.nl\/wp-content\/uploads\/2022\/05\/WS_Mat-0301501-AZ-150f-150x150.png 150w, https:\/\/shop.ahlmann.nl\/wp-content\/uploads\/2022\/05\/WS_Mat-0301501-AZ-150f-247x247.png 247w, https:\/\/shop.ahlmann.nl\/wp-content\/uploads\/2022\/05\/WS_Mat-0301501-AZ-150f-510x510.png 510w, https:\/\/shop.ahlmann.nl\/wp-content\/uploads\/2022\/05\/WS_Mat-0301501-AZ-150f-100x100.png 100w, https:\/\/shop.ahlmann.nl\/wp-content\/uploads\/2022\/05\/WS_Mat-0301501-AZ-150f.png 600w\" sizes=\"auto, (max-width: 300px) 100vw, 300px\" \/><\/p>\n<p>Die Matte ist aus Nadelfilz gefertigt.<\/p>\n","protected":false},"excerpt":{"rendered":"<p>Die perfekte Matte f\u00fcr Ihren Radlader. 100 % Passform, um Ihr Interieur vor Schmutz und Besch\u00e4digungen zu sch\u00fctzen oder Ihrer Maschine ein sauberes, frisches und neues Aussehen zu verleihen. Der Vorteil, dass man f\u00fcr einen sauberen Kabinenboden nur eine Matte ausklopfen muss. Die Matte umgibt den Sitz.<\/p>\n","protected":false},"featured_media":3709,"template":"","meta":{"_acf_changed":false,"_monsterinsights_skip_tracking":false,"_monsterinsights_sitenote_active":false,"_monsterinsights_sitenote_note":"","_monsterinsights_sitenote_category":0},"product_brand":[],"product_cat":[90,87],"product_tag":[],"class_list":{"0":"post-3712","1":"product","2":"type-product","3":"status-publish","4":"has-post-thumbnail","6":"product_cat-alles-de","7":"product_cat-zubehoer","9":"first","10":"instock","11":"taxable","12":"shipping-taxable","13":"purchasable","14":"product-type-simple"},"acf":[],"_links":{"self":[{"href":"https:\/\/shop.ahlmann.nl\/de\/wp-json\/wp\/v2\/product\/3712","targetHints":{"allow":["GET"]}}],"collection":[{"href":"https:\/\/shop.ahlmann.nl\/de\/wp-json\/wp\/v2\/product"}],"about":[{"href":"https:\/\/shop.ahlmann.nl\/de\/wp-json\/wp\/v2\/types\/product"}],"wp:featuredmedia":[{"embeddable":true,"href":"https:\/\/shop.ahlmann.nl\/de\/wp-json\/wp\/v2\/media\/3709"}],"wp:attachment":[{"href":"https:\/\/shop.ahlmann.nl\/de\/wp-json\/wp\/v2\/media?parent=3712"}],"wp:term":[{"taxonomy":"product_brand","embeddable":true,"href":"https:\/\/shop.ahlmann.nl\/de\/wp-json\/wp\/v2\/product_brand?post=3712"},{"taxonomy":"product_cat","embeddable":true,"href":"https:\/\/shop.ahlmann.nl\/de\/wp-json\/wp\/v2\/product_cat?post=3712"},{"taxonomy":"product_tag","embeddable":true,"href":"https:\/\/shop.ahlmann.nl\/de\/wp-json\/wp\/v2\/product_tag?post=3712"}],"curies":[{"name":"wp","href":"https:\/\/api.w.org\/{rel}","templated":true}]}}