{"id":3394,"date":"2021-03-15T08:14:46","date_gmt":"2021-03-15T08:14:46","guid":{"rendered":"https:\/\/shop.ahlmann.nl\/product\/strandtuch\/"},"modified":"2025-11-06T13:26:00","modified_gmt":"2025-11-06T13:26:00","slug":"strandlaken","status":"publish","type":"product","link":"https:\/\/shop.ahlmann.nl\/de\/produkt\/strandlaken\/","title":{"rendered":"Strandtuch"},"content":{"rendered":"<p>Zudem ist es dank seiner gro\u00dfz\u00fcgigen Abmessungen von ca. 100&#215;170 cm herrlich bequem zum Liegen oder Sitzen.<br \/>\nVersehen mit einem gestickten Ahlmann\/Mecalac Logo.<\/p>\n","protected":false},"excerpt":{"rendered":"<p>Ein sch\u00f6nes Exemplar, das Sie mit in den Urlaub nehmen k\u00f6nnen. Durch die dunkelgraue Farbe erh\u00e4lt das Strandtuch eine schicke, stilvolle Ausstrahlung.<br \/>\nDas sch\u00f6ne Strandtuch besteht aus 100 % Baumwolle. <\/p>\n<p><img loading=\"lazy\" decoding=\"async\" class=\"alignnone size-medium wp-image-4843\" src=\"https:\/\/shop.ahlmann.nl\/wp-content\/uploads\/2025\/11\/Handdoek-300x300.jpg\" alt=\"\" width=\"300\" height=\"300\" srcset=\"https:\/\/shop.ahlmann.nl\/wp-content\/uploads\/2025\/11\/Handdoek-300x300.jpg 300w, https:\/\/shop.ahlmann.nl\/wp-content\/uploads\/2025\/11\/Handdoek-1024x1024.jpg 1024w, https:\/\/shop.ahlmann.nl\/wp-content\/uploads\/2025\/11\/Handdoek-150x150.jpg 150w, https:\/\/shop.ahlmann.nl\/wp-content\/uploads\/2025\/11\/Handdoek-768x768.jpg 768w, https:\/\/shop.ahlmann.nl\/wp-content\/uploads\/2025\/11\/Handdoek-247x247.jpg 247w, https:\/\/shop.ahlmann.nl\/wp-content\/uploads\/2025\/11\/Handdoek-510x510.jpg 510w, https:\/\/shop.ahlmann.nl\/wp-content\/uploads\/2025\/11\/Handdoek-100x100.jpg 100w, https:\/\/shop.ahlmann.nl\/wp-content\/uploads\/2025\/11\/Handdoek.jpg 1440w\" sizes=\"auto, (max-width: 300px) 100vw, 300px\" \/><\/p>\n","protected":false},"featured_media":3390,"template":"","meta":{"_acf_changed":false,"_monsterinsights_skip_tracking":false,"_monsterinsights_sitenote_active":false,"_monsterinsights_sitenote_note":"","_monsterinsights_sitenote_category":0},"product_brand":[],"product_cat":[90,84],"product_tag":[],"class_list":{"0":"post-3394","1":"product","2":"type-product","3":"status-publish","4":"has-post-thumbnail","6":"product_cat-alles-de","7":"product_cat-ubriges","9":"first","10":"instock","11":"taxable","12":"shipping-taxable","13":"purchasable","14":"product-type-simple"},"acf":[],"_links":{"self":[{"href":"https:\/\/shop.ahlmann.nl\/de\/wp-json\/wp\/v2\/product\/3394","targetHints":{"allow":["GET"]}}],"collection":[{"href":"https:\/\/shop.ahlmann.nl\/de\/wp-json\/wp\/v2\/product"}],"about":[{"href":"https:\/\/shop.ahlmann.nl\/de\/wp-json\/wp\/v2\/types\/product"}],"wp:featuredmedia":[{"embeddable":true,"href":"https:\/\/shop.ahlmann.nl\/de\/wp-json\/wp\/v2\/media\/3390"}],"wp:attachment":[{"href":"https:\/\/shop.ahlmann.nl\/de\/wp-json\/wp\/v2\/media?parent=3394"}],"wp:term":[{"taxonomy":"product_brand","embeddable":true,"href":"https:\/\/shop.ahlmann.nl\/de\/wp-json\/wp\/v2\/product_brand?post=3394"},{"taxonomy":"product_cat","embeddable":true,"href":"https:\/\/shop.ahlmann.nl\/de\/wp-json\/wp\/v2\/product_cat?post=3394"},{"taxonomy":"product_tag","embeddable":true,"href":"https:\/\/shop.ahlmann.nl\/de\/wp-json\/wp\/v2\/product_tag?post=3394"}],"curies":[{"name":"wp","href":"https:\/\/api.w.org\/{rel}","templated":true}]}}