{"id":2655,"date":"2020-02-05T07:57:13","date_gmt":"2020-02-05T07:57:13","guid":{"rendered":"https:\/\/shop.ahlmann.nl\/product\/cap-donkerblauw\/"},"modified":"2025-11-06T13:27:07","modified_gmt":"2025-11-06T13:27:07","slug":"cap","status":"publish","type":"product","link":"https:\/\/shop.ahlmann.nl\/de\/produkt\/cap\/","title":{"rendered":"M\u00fctze"},"content":{"rendered":"<p>Ausgestattet mit dem neuen Logo, 3D-bestickt in der gleichen dunkelblauen Farbe wie die Cap. Mit verstellbarem Verschluss auf der R\u00fcckseite. Cap bestehend aus sechs Panelen, mit Bel\u00fcftungsl\u00f6chern.  <\/p>\n<p><img loading=\"lazy\" decoding=\"async\" class=\"alignnone size-medium wp-image-4726\" src=\"https:\/\/shop.ahlmann.nl\/wp-content\/uploads\/2025\/11\/CAT-KLEDING-Cap-1-300x300.png\" alt=\"\" width=\"300\" height=\"300\" srcset=\"https:\/\/shop.ahlmann.nl\/wp-content\/uploads\/2025\/11\/CAT-KLEDING-Cap-1-300x300.png 300w, https:\/\/shop.ahlmann.nl\/wp-content\/uploads\/2025\/11\/CAT-KLEDING-Cap-1-1024x1024.png 1024w, https:\/\/shop.ahlmann.nl\/wp-content\/uploads\/2025\/11\/CAT-KLEDING-Cap-1-150x150.png 150w, https:\/\/shop.ahlmann.nl\/wp-content\/uploads\/2025\/11\/CAT-KLEDING-Cap-1-768x768.png 768w, https:\/\/shop.ahlmann.nl\/wp-content\/uploads\/2025\/11\/CAT-KLEDING-Cap-1-1536x1536.png 1536w, https:\/\/shop.ahlmann.nl\/wp-content\/uploads\/2025\/11\/CAT-KLEDING-Cap-1-247x247.png 247w, https:\/\/shop.ahlmann.nl\/wp-content\/uploads\/2025\/11\/CAT-KLEDING-Cap-1-510x510.png 510w, https:\/\/shop.ahlmann.nl\/wp-content\/uploads\/2025\/11\/CAT-KLEDING-Cap-1-100x100.png 100w, https:\/\/shop.ahlmann.nl\/wp-content\/uploads\/2025\/11\/CAT-KLEDING-Cap-1.png 2048w\" sizes=\"auto, (max-width: 300px) 100vw, 300px\" \/> <img loading=\"lazy\" decoding=\"async\" class=\"alignnone size-medium wp-image-4113\" src=\"https:\/\/shop.ahlmann.nl\/wp-content\/uploads\/2020\/02\/CAT-KLEDING-CAP-2-300x200.jpg\" alt=\"\" width=\"300\" height=\"200\" srcset=\"https:\/\/shop.ahlmann.nl\/wp-content\/uploads\/2020\/02\/CAT-KLEDING-CAP-2-300x200.jpg 300w, https:\/\/shop.ahlmann.nl\/wp-content\/uploads\/2020\/02\/CAT-KLEDING-CAP-2-1024x683.jpg 1024w, https:\/\/shop.ahlmann.nl\/wp-content\/uploads\/2020\/02\/CAT-KLEDING-CAP-2-768x512.jpg 768w, https:\/\/shop.ahlmann.nl\/wp-content\/uploads\/2020\/02\/CAT-KLEDING-CAP-2-1536x1024.jpg 1536w, https:\/\/shop.ahlmann.nl\/wp-content\/uploads\/2020\/02\/CAT-KLEDING-CAP-2-510x340.jpg 510w, https:\/\/shop.ahlmann.nl\/wp-content\/uploads\/2020\/02\/CAT-KLEDING-CAP-2.jpg 2048w\" sizes=\"auto, (max-width: 300px) 100vw, 300px\" \/> <img loading=\"lazy\" decoding=\"async\" class=\"alignnone size-medium wp-image-4134\" src=\"https:\/\/shop.ahlmann.nl\/wp-content\/uploads\/2020\/02\/AHL02653-3-300x200.jpg\" alt=\"\" width=\"300\" height=\"200\"><\/p>\n<p>&nbsp;<\/p>\n","protected":false},"excerpt":{"rendered":"<p>Ahlmann Cap mit 3D-Stickerei in Dunkelblau.<\/p>\n","protected":false},"featured_media":4120,"template":"","meta":{"_acf_changed":false,"_monsterinsights_skip_tracking":false,"_monsterinsights_sitenote_active":false,"_monsterinsights_sitenote_note":"","_monsterinsights_sitenote_category":0},"product_brand":[],"product_cat":[90,80],"product_tag":[],"class_list":{"0":"post-2655","1":"product","2":"type-product","3":"status-publish","4":"has-post-thumbnail","6":"product_cat-alles-de","7":"product_cat-textilien","9":"first","10":"instock","11":"taxable","12":"shipping-taxable","13":"purchasable","14":"product-type-simple"},"acf":[],"_links":{"self":[{"href":"https:\/\/shop.ahlmann.nl\/de\/wp-json\/wp\/v2\/product\/2655","targetHints":{"allow":["GET"]}}],"collection":[{"href":"https:\/\/shop.ahlmann.nl\/de\/wp-json\/wp\/v2\/product"}],"about":[{"href":"https:\/\/shop.ahlmann.nl\/de\/wp-json\/wp\/v2\/types\/product"}],"wp:featuredmedia":[{"embeddable":true,"href":"https:\/\/shop.ahlmann.nl\/de\/wp-json\/wp\/v2\/media\/4120"}],"wp:attachment":[{"href":"https:\/\/shop.ahlmann.nl\/de\/wp-json\/wp\/v2\/media?parent=2655"}],"wp:term":[{"taxonomy":"product_brand","embeddable":true,"href":"https:\/\/shop.ahlmann.nl\/de\/wp-json\/wp\/v2\/product_brand?post=2655"},{"taxonomy":"product_cat","embeddable":true,"href":"https:\/\/shop.ahlmann.nl\/de\/wp-json\/wp\/v2\/product_cat?post=2655"},{"taxonomy":"product_tag","embeddable":true,"href":"https:\/\/shop.ahlmann.nl\/de\/wp-json\/wp\/v2\/product_tag?post=2655"}],"curies":[{"name":"wp","href":"https:\/\/api.w.org\/{rel}","templated":true}]}}