{"id":2285,"date":"2020-02-05T07:52:23","date_gmt":"2020-02-05T07:52:23","guid":{"rendered":"https:\/\/shop.ahlmann.nl\/product\/sicherheitsweste\/"},"modified":"2025-11-06T13:27:28","modified_gmt":"2025-11-06T13:27:28","slug":"veiligheidsvest-geel","status":"publish","type":"product","link":"https:\/\/shop.ahlmann.nl\/de\/produkt\/veiligheidsvest-geel\/","title":{"rendered":"Sicherheitsweste mit Rei\u00dfverschluss"},"content":{"rendered":"<p>Ausgestattet mit gesteppten Streifen und Rei\u00dfverschluss. Ausf\u00fchrung gem\u00e4\u00df den Richtlinien der Rijkswaterstaat. Hohe Sichtbarkeit.  <\/p>\n<p><img loading=\"lazy\" decoding=\"async\" class=\"size-medium wp-image-969\" src=\"https:\/\/shop.ahlmann.nl\/wp-content\/uploads\/2020\/02\/WS_PROMOTIE-ARTIKELEN-Veiligheidsvest-A-DSC04020-295x300.jpg\" alt=\"\" width=\"295\" height=\"300\" srcset=\"https:\/\/shop.ahlmann.nl\/wp-content\/uploads\/2020\/02\/WS_PROMOTIE-ARTIKELEN-Veiligheidsvest-A-DSC04020-295x300.jpg 295w, https:\/\/shop.ahlmann.nl\/wp-content\/uploads\/2020\/02\/WS_PROMOTIE-ARTIKELEN-Veiligheidsvest-A-DSC04020-510x519.jpg 510w, https:\/\/shop.ahlmann.nl\/wp-content\/uploads\/2020\/02\/WS_PROMOTIE-ARTIKELEN-Veiligheidsvest-A-DSC04020-768x781.jpg 768w, https:\/\/shop.ahlmann.nl\/wp-content\/uploads\/2020\/02\/WS_PROMOTIE-ARTIKELEN-Veiligheidsvest-A-DSC04020.jpg 864w\" sizes=\"auto, (max-width: 295px) 100vw, 295px\" \/><img loading=\"lazy\" decoding=\"async\" class=\"size-medium wp-image-973\" src=\"https:\/\/shop.ahlmann.nl\/wp-content\/uploads\/2020\/02\/WS_PROMOTIE-ARTIKELEN-Veiligheidsvest-D-DSC04018-300x300.jpg\" alt=\"\" width=\"300\" height=\"300\" srcset=\"https:\/\/shop.ahlmann.nl\/wp-content\/uploads\/2020\/02\/WS_PROMOTIE-ARTIKELEN-Veiligheidsvest-D-DSC04018-300x300.jpg 300w, https:\/\/shop.ahlmann.nl\/wp-content\/uploads\/2020\/02\/WS_PROMOTIE-ARTIKELEN-Veiligheidsvest-D-DSC04018-247x247.jpg 247w, https:\/\/shop.ahlmann.nl\/wp-content\/uploads\/2020\/02\/WS_PROMOTIE-ARTIKELEN-Veiligheidsvest-D-DSC04018-100x100.jpg 100w, https:\/\/shop.ahlmann.nl\/wp-content\/uploads\/2020\/02\/WS_PROMOTIE-ARTIKELEN-Veiligheidsvest-D-DSC04018-510x510.jpg 510w, https:\/\/shop.ahlmann.nl\/wp-content\/uploads\/2020\/02\/WS_PROMOTIE-ARTIKELEN-Veiligheidsvest-D-DSC04018-150x150.jpg 150w, https:\/\/shop.ahlmann.nl\/wp-content\/uploads\/2020\/02\/WS_PROMOTIE-ARTIKELEN-Veiligheidsvest-D-DSC04018.jpg 600w\" sizes=\"auto, (max-width: 300px) 100vw, 300px\" \/><\/p>\n<p>&nbsp;<\/p>\n","protected":false},"excerpt":{"rendered":"<p>Sicherheitsweste aus 100 % fluoreszierendem, geschmeidigem Polyester.<\/p>\n<p><img loading=\"lazy\" decoding=\"async\" class=\"size-medium wp-image-977\" src=\"https:\/\/shop.ahlmann.nl\/wp-content\/uploads\/2020\/02\/WS_PROMOTIE-ARTIKELEN-Veiligheidsvest-DSC04017-300x300.jpg\" alt=\"\" width=\"300\" height=\"300\" srcset=\"https:\/\/shop.ahlmann.nl\/wp-content\/uploads\/2020\/02\/WS_PROMOTIE-ARTIKELEN-Veiligheidsvest-DSC04017-300x300.jpg 300w, https:\/\/shop.ahlmann.nl\/wp-content\/uploads\/2020\/02\/WS_PROMOTIE-ARTIKELEN-Veiligheidsvest-DSC04017-247x247.jpg 247w, https:\/\/shop.ahlmann.nl\/wp-content\/uploads\/2020\/02\/WS_PROMOTIE-ARTIKELEN-Veiligheidsvest-DSC04017-100x100.jpg 100w, https:\/\/shop.ahlmann.nl\/wp-content\/uploads\/2020\/02\/WS_PROMOTIE-ARTIKELEN-Veiligheidsvest-DSC04017-510x510.jpg 510w, https:\/\/shop.ahlmann.nl\/wp-content\/uploads\/2020\/02\/WS_PROMOTIE-ARTIKELEN-Veiligheidsvest-DSC04017-150x150.jpg 150w, https:\/\/shop.ahlmann.nl\/wp-content\/uploads\/2020\/02\/WS_PROMOTIE-ARTIKELEN-Veiligheidsvest-DSC04017.jpg 600w\" sizes=\"auto, (max-width: 300px) 100vw, 300px\" \/><\/p>\n","protected":false},"featured_media":928,"template":"","meta":{"_acf_changed":false,"_monsterinsights_skip_tracking":false,"_monsterinsights_sitenote_active":false,"_monsterinsights_sitenote_note":"","_monsterinsights_sitenote_category":0},"product_brand":[],"product_cat":[90,84],"product_tag":[],"class_list":{"0":"post-2285","1":"product","2":"type-product","3":"status-publish","4":"has-post-thumbnail","6":"product_cat-alles-de","7":"product_cat-ubriges","9":"first","10":"instock","11":"taxable","12":"shipping-taxable","13":"purchasable","14":"product-type-variable"},"acf":[],"_links":{"self":[{"href":"https:\/\/shop.ahlmann.nl\/de\/wp-json\/wp\/v2\/product\/2285","targetHints":{"allow":["GET"]}}],"collection":[{"href":"https:\/\/shop.ahlmann.nl\/de\/wp-json\/wp\/v2\/product"}],"about":[{"href":"https:\/\/shop.ahlmann.nl\/de\/wp-json\/wp\/v2\/types\/product"}],"wp:featuredmedia":[{"embeddable":true,"href":"https:\/\/shop.ahlmann.nl\/de\/wp-json\/wp\/v2\/media\/928"}],"wp:attachment":[{"href":"https:\/\/shop.ahlmann.nl\/de\/wp-json\/wp\/v2\/media?parent=2285"}],"wp:term":[{"taxonomy":"product_brand","embeddable":true,"href":"https:\/\/shop.ahlmann.nl\/de\/wp-json\/wp\/v2\/product_brand?post=2285"},{"taxonomy":"product_cat","embeddable":true,"href":"https:\/\/shop.ahlmann.nl\/de\/wp-json\/wp\/v2\/product_cat?post=2285"},{"taxonomy":"product_tag","embeddable":true,"href":"https:\/\/shop.ahlmann.nl\/de\/wp-json\/wp\/v2\/product_tag?post=2285"}],"curies":[{"name":"wp","href":"https:\/\/api.w.org\/{rel}","templated":true}]}}