{"id":2236,"date":"2020-02-05T08:01:12","date_gmt":"2020-02-05T08:01:12","guid":{"rendered":"https:\/\/shop.ahlmann.nl\/product\/sporttasche\/"},"modified":"2025-11-06T13:28:08","modified_gmt":"2025-11-06T13:28:08","slug":"sporttas","status":"publish","type":"product","link":"https:\/\/shop.ahlmann.nl\/de\/produkt\/sporttas\/","title":{"rendered":"Sporttasche"},"content":{"rendered":"<p><img loading=\"lazy\" decoding=\"async\" class=\"size-medium wp-image-989\" src=\"https:\/\/shop.ahlmann.nl\/wp-content\/uploads\/2020\/02\/WS_PROMOTIE-Sporttas-02066-300x300.jpg\" alt=\"\" width=\"300\" height=\"300\" srcset=\"https:\/\/shop.ahlmann.nl\/wp-content\/uploads\/2020\/02\/WS_PROMOTIE-Sporttas-02066-300x300.jpg 300w, https:\/\/shop.ahlmann.nl\/wp-content\/uploads\/2020\/02\/WS_PROMOTIE-Sporttas-02066-247x247.jpg 247w, https:\/\/shop.ahlmann.nl\/wp-content\/uploads\/2020\/02\/WS_PROMOTIE-Sporttas-02066-100x100.jpg 100w, https:\/\/shop.ahlmann.nl\/wp-content\/uploads\/2020\/02\/WS_PROMOTIE-Sporttas-02066-510x510.jpg 510w, https:\/\/shop.ahlmann.nl\/wp-content\/uploads\/2020\/02\/WS_PROMOTIE-Sporttas-02066-150x150.jpg 150w, https:\/\/shop.ahlmann.nl\/wp-content\/uploads\/2020\/02\/WS_PROMOTIE-Sporttas-02066.jpg 600w\" sizes=\"auto, (max-width: 300px) 100vw, 300px\" \/><\/p>\n<p>Gro\u00dfes Rei\u00dfverschluss-R\u00fcckfach. Ein offenes Seitenfach und ein Seitenfach mit Rei\u00dfverschluss. Ein Tragegriff. Diverse Rei\u00dfverschlussanh\u00e4nger mit Logo. Bodenschutznoppen aus Gummi.    <\/p>\n","protected":false},"excerpt":{"rendered":"<p>Sporttasche im eigenen, trendigen Design. Ger\u00e4umiges Hauptfach. Verstellbarer, abnehmbarer Schultergurt.  <\/p>\n<p><img loading=\"lazy\" decoding=\"async\" class=\"alignnone size-medium wp-image-4698\" src=\"https:\/\/shop.ahlmann.nl\/wp-content\/uploads\/2025\/11\/WS_PROMOTIE-Sporttas-02082-300x300.png\" alt=\"\" width=\"300\" height=\"300\" srcset=\"https:\/\/shop.ahlmann.nl\/wp-content\/uploads\/2025\/11\/WS_PROMOTIE-Sporttas-02082-300x300.png 300w, https:\/\/shop.ahlmann.nl\/wp-content\/uploads\/2025\/11\/WS_PROMOTIE-Sporttas-02082-150x150.png 150w, https:\/\/shop.ahlmann.nl\/wp-content\/uploads\/2025\/11\/WS_PROMOTIE-Sporttas-02082-247x247.png 247w, https:\/\/shop.ahlmann.nl\/wp-content\/uploads\/2025\/11\/WS_PROMOTIE-Sporttas-02082-510x510.png 510w, https:\/\/shop.ahlmann.nl\/wp-content\/uploads\/2025\/11\/WS_PROMOTIE-Sporttas-02082-100x100.png 100w, https:\/\/shop.ahlmann.nl\/wp-content\/uploads\/2025\/11\/WS_PROMOTIE-Sporttas-02082.png 600w\" sizes=\"auto, (max-width: 300px) 100vw, 300px\" \/><\/p>\n","protected":false},"featured_media":940,"template":"","meta":{"_acf_changed":false,"_monsterinsights_skip_tracking":false,"_monsterinsights_sitenote_active":false,"_monsterinsights_sitenote_note":"","_monsterinsights_sitenote_category":0},"product_brand":[],"product_cat":[90,84],"product_tag":[],"class_list":{"0":"post-2236","1":"product","2":"type-product","3":"status-publish","4":"has-post-thumbnail","6":"product_cat-alles-de","7":"product_cat-ubriges","9":"first","10":"instock","11":"taxable","12":"shipping-taxable","13":"purchasable","14":"product-type-simple"},"acf":[],"_links":{"self":[{"href":"https:\/\/shop.ahlmann.nl\/de\/wp-json\/wp\/v2\/product\/2236","targetHints":{"allow":["GET"]}}],"collection":[{"href":"https:\/\/shop.ahlmann.nl\/de\/wp-json\/wp\/v2\/product"}],"about":[{"href":"https:\/\/shop.ahlmann.nl\/de\/wp-json\/wp\/v2\/types\/product"}],"wp:featuredmedia":[{"embeddable":true,"href":"https:\/\/shop.ahlmann.nl\/de\/wp-json\/wp\/v2\/media\/940"}],"wp:attachment":[{"href":"https:\/\/shop.ahlmann.nl\/de\/wp-json\/wp\/v2\/media?parent=2236"}],"wp:term":[{"taxonomy":"product_brand","embeddable":true,"href":"https:\/\/shop.ahlmann.nl\/de\/wp-json\/wp\/v2\/product_brand?post=2236"},{"taxonomy":"product_cat","embeddable":true,"href":"https:\/\/shop.ahlmann.nl\/de\/wp-json\/wp\/v2\/product_cat?post=2236"},{"taxonomy":"product_tag","embeddable":true,"href":"https:\/\/shop.ahlmann.nl\/de\/wp-json\/wp\/v2\/product_tag?post=2236"}],"curies":[{"name":"wp","href":"https:\/\/api.w.org\/{rel}","templated":true}]}}