{"id":2213,"date":"2020-02-05T08:13:59","date_gmt":"2020-02-05T08:13:59","guid":{"rendered":"https:\/\/shop.ahlmann.nl\/product\/schluesselanhaenger-ahlmann\/"},"modified":"2025-11-06T13:26:43","modified_gmt":"2025-11-06T13:26:43","slug":"sleutelhanger-ahlmann","status":"publish","type":"product","link":"https:\/\/shop.ahlmann.nl\/de\/produkt\/sleutelhanger-ahlmann\/","title":{"rendered":"Schl\u00fcsselanh\u00e4nger Ahlmann \/ Mecalac \/ Greenjob"},"content":{"rendered":"<p>Abmessungen ca. 11&#215;2,5 cm<\/p>\n","protected":false},"excerpt":{"rendered":"<p>Metallschl\u00fcsselanh\u00e4nger. Beidseitig mit einem Doming-Aufkleber versehen. Das braune PU-Band (Schlaufe) ist ebenfalls mit einer Blindpr\u00e4gung versehen.  <\/p>\n<p><img loading=\"lazy\" decoding=\"async\" class=\"alignnone size-medium wp-image-4718\" src=\"https:\/\/shop.ahlmann.nl\/wp-content\/uploads\/2025\/11\/Webshop-Ahlmann-nieuw-2-300x200.png\" alt=\"\" width=\"300\" height=\"200\" srcset=\"https:\/\/shop.ahlmann.nl\/wp-content\/uploads\/2025\/11\/Webshop-Ahlmann-nieuw-2-300x200.png 300w, https:\/\/shop.ahlmann.nl\/wp-content\/uploads\/2025\/11\/Webshop-Ahlmann-nieuw-2-1024x683.png 1024w, https:\/\/shop.ahlmann.nl\/wp-content\/uploads\/2025\/11\/Webshop-Ahlmann-nieuw-2-768x512.png 768w, https:\/\/shop.ahlmann.nl\/wp-content\/uploads\/2025\/11\/Webshop-Ahlmann-nieuw-2-1536x1024.png 1536w, https:\/\/shop.ahlmann.nl\/wp-content\/uploads\/2025\/11\/Webshop-Ahlmann-nieuw-2-510x340.png 510w, https:\/\/shop.ahlmann.nl\/wp-content\/uploads\/2025\/11\/Webshop-Ahlmann-nieuw-2.png 2048w\" sizes=\"auto, (max-width: 300px) 100vw, 300px\" \/> <img loading=\"lazy\" decoding=\"async\" class=\"alignnone size-medium wp-image-4714\" src=\"https:\/\/shop.ahlmann.nl\/wp-content\/uploads\/2025\/11\/Webshop-Ahlmann-nieuw-1-300x200.png\" alt=\"\" width=\"300\" height=\"200\" srcset=\"https:\/\/shop.ahlmann.nl\/wp-content\/uploads\/2025\/11\/Webshop-Ahlmann-nieuw-1-300x200.png 300w, https:\/\/shop.ahlmann.nl\/wp-content\/uploads\/2025\/11\/Webshop-Ahlmann-nieuw-1-1024x683.png 1024w, https:\/\/shop.ahlmann.nl\/wp-content\/uploads\/2025\/11\/Webshop-Ahlmann-nieuw-1-768x512.png 768w, https:\/\/shop.ahlmann.nl\/wp-content\/uploads\/2025\/11\/Webshop-Ahlmann-nieuw-1-1536x1024.png 1536w, https:\/\/shop.ahlmann.nl\/wp-content\/uploads\/2025\/11\/Webshop-Ahlmann-nieuw-1-510x340.png 510w, https:\/\/shop.ahlmann.nl\/wp-content\/uploads\/2025\/11\/Webshop-Ahlmann-nieuw-1.png 2048w\" sizes=\"auto, (max-width: 300px) 100vw, 300px\" \/><\/p>\n<p>&nbsp;<\/p>\n","protected":false},"featured_media":4721,"template":"","meta":{"_acf_changed":false,"_monsterinsights_skip_tracking":false,"_monsterinsights_sitenote_active":false,"_monsterinsights_sitenote_note":"","_monsterinsights_sitenote_category":0},"product_brand":[],"product_cat":[90,84],"product_tag":[],"class_list":{"0":"post-2213","1":"product","2":"type-product","3":"status-publish","4":"has-post-thumbnail","6":"product_cat-alles-de","7":"product_cat-ubriges","9":"first","10":"instock","11":"taxable","12":"shipping-taxable","13":"purchasable","14":"product-type-variable"},"acf":[],"_links":{"self":[{"href":"https:\/\/shop.ahlmann.nl\/de\/wp-json\/wp\/v2\/product\/2213","targetHints":{"allow":["GET"]}}],"collection":[{"href":"https:\/\/shop.ahlmann.nl\/de\/wp-json\/wp\/v2\/product"}],"about":[{"href":"https:\/\/shop.ahlmann.nl\/de\/wp-json\/wp\/v2\/types\/product"}],"wp:featuredmedia":[{"embeddable":true,"href":"https:\/\/shop.ahlmann.nl\/de\/wp-json\/wp\/v2\/media\/4721"}],"wp:attachment":[{"href":"https:\/\/shop.ahlmann.nl\/de\/wp-json\/wp\/v2\/media?parent=2213"}],"wp:term":[{"taxonomy":"product_brand","embeddable":true,"href":"https:\/\/shop.ahlmann.nl\/de\/wp-json\/wp\/v2\/product_brand?post=2213"},{"taxonomy":"product_cat","embeddable":true,"href":"https:\/\/shop.ahlmann.nl\/de\/wp-json\/wp\/v2\/product_cat?post=2213"},{"taxonomy":"product_tag","embeddable":true,"href":"https:\/\/shop.ahlmann.nl\/de\/wp-json\/wp\/v2\/product_tag?post=2213"}],"curies":[{"name":"wp","href":"https:\/\/api.w.org\/{rel}","templated":true}]}}