{"id":2168,"date":"2020-02-06T07:56:09","date_gmt":"2020-02-06T07:56:09","guid":{"rendered":"https:\/\/shop.ahlmann.nl\/product\/bodenrmatte-mecalac-12mtx-ng\/"},"modified":"2025-11-06T13:28:15","modified_gmt":"2025-11-06T13:28:15","slug":"vloermat-mecalac-12mtx-ng","status":"publish","type":"product","link":"https:\/\/shop.ahlmann.nl\/de\/produkt\/vloermat-mecalac-12mtx-ng\/","title":{"rendered":"Fu\u00dfmatte Mecalac 12MTX-NG"},"content":{"rendered":"<p><img loading=\"lazy\" decoding=\"async\" class=\"alignnone size-medium wp-image-4761\" src=\"https:\/\/shop.ahlmann.nl\/wp-content\/uploads\/2020\/02\/WS_Mat-031200-12MTX-NG-NL-300x300.png\" alt=\"\" width=\"300\" height=\"300\" srcset=\"https:\/\/shop.ahlmann.nl\/wp-content\/uploads\/2020\/02\/WS_Mat-031200-12MTX-NG-NL-300x300.png 300w, https:\/\/shop.ahlmann.nl\/wp-content\/uploads\/2020\/02\/WS_Mat-031200-12MTX-NG-NL-150x150.png 150w, https:\/\/shop.ahlmann.nl\/wp-content\/uploads\/2020\/02\/WS_Mat-031200-12MTX-NG-NL-247x247.png 247w, https:\/\/shop.ahlmann.nl\/wp-content\/uploads\/2020\/02\/WS_Mat-031200-12MTX-NG-NL-510x510.png 510w, https:\/\/shop.ahlmann.nl\/wp-content\/uploads\/2020\/02\/WS_Mat-031200-12MTX-NG-NL-100x100.png 100w, https:\/\/shop.ahlmann.nl\/wp-content\/uploads\/2020\/02\/WS_Mat-031200-12MTX-NG-NL.png 600w\" sizes=\"auto, (max-width: 300px) 100vw, 300px\" \/><img loading=\"lazy\" decoding=\"async\" class=\"alignnone size-medium wp-image-4757\" src=\"https:\/\/shop.ahlmann.nl\/wp-content\/uploads\/2020\/02\/WS_Mat-031200-12MTX-NG-NL-detail-300x300.png\" alt=\"\" width=\"300\" height=\"300\" srcset=\"https:\/\/shop.ahlmann.nl\/wp-content\/uploads\/2020\/02\/WS_Mat-031200-12MTX-NG-NL-detail-300x300.png 300w, https:\/\/shop.ahlmann.nl\/wp-content\/uploads\/2020\/02\/WS_Mat-031200-12MTX-NG-NL-detail-150x150.png 150w, https:\/\/shop.ahlmann.nl\/wp-content\/uploads\/2020\/02\/WS_Mat-031200-12MTX-NG-NL-detail-247x247.png 247w, https:\/\/shop.ahlmann.nl\/wp-content\/uploads\/2020\/02\/WS_Mat-031200-12MTX-NG-NL-detail-510x510.png 510w, https:\/\/shop.ahlmann.nl\/wp-content\/uploads\/2020\/02\/WS_Mat-031200-12MTX-NG-NL-detail-100x100.png 100w, https:\/\/shop.ahlmann.nl\/wp-content\/uploads\/2020\/02\/WS_Mat-031200-12MTX-NG-NL-detail.png 600w\" sizes=\"auto, (max-width: 300px) 100vw, 300px\" \/><br \/>\nDie Matte ist aus Nadelfilz gefertigt und mit unserem Logo versehen.<br \/>\nAb VIN (Fahrgestellnummer) 45000.<\/p>\n","protected":false},"excerpt":{"rendered":"<p>Die perfekte Fu\u00dfmatte f\u00fcr Ihren Bagger. 100 % Passform, um Ihr Interieur vor Schmutz und Besch\u00e4digungen zu sch\u00fctzen oder Ihrer Maschine ein sauberes, frisches und neues Aussehen zu verleihen. Der Komfort, nur eine Matte ausklopfen zu m\u00fcssen, f\u00fcr einen sauberen Kabinenboden.  <\/p>\n","protected":false},"featured_media":2620,"template":"","meta":{"_acf_changed":false,"_monsterinsights_skip_tracking":false,"_monsterinsights_sitenote_active":false,"_monsterinsights_sitenote_note":"","_monsterinsights_sitenote_category":0},"product_brand":[],"product_cat":[90,87],"product_tag":[],"class_list":{"0":"post-2168","1":"product","2":"type-product","3":"status-publish","4":"has-post-thumbnail","6":"product_cat-alles-de","7":"product_cat-zubehoer","9":"first","10":"instock","11":"taxable","12":"shipping-taxable","13":"purchasable","14":"product-type-simple"},"acf":[],"_links":{"self":[{"href":"https:\/\/shop.ahlmann.nl\/de\/wp-json\/wp\/v2\/product\/2168","targetHints":{"allow":["GET"]}}],"collection":[{"href":"https:\/\/shop.ahlmann.nl\/de\/wp-json\/wp\/v2\/product"}],"about":[{"href":"https:\/\/shop.ahlmann.nl\/de\/wp-json\/wp\/v2\/types\/product"}],"wp:featuredmedia":[{"embeddable":true,"href":"https:\/\/shop.ahlmann.nl\/de\/wp-json\/wp\/v2\/media\/2620"}],"wp:attachment":[{"href":"https:\/\/shop.ahlmann.nl\/de\/wp-json\/wp\/v2\/media?parent=2168"}],"wp:term":[{"taxonomy":"product_brand","embeddable":true,"href":"https:\/\/shop.ahlmann.nl\/de\/wp-json\/wp\/v2\/product_brand?post=2168"},{"taxonomy":"product_cat","embeddable":true,"href":"https:\/\/shop.ahlmann.nl\/de\/wp-json\/wp\/v2\/product_cat?post=2168"},{"taxonomy":"product_tag","embeddable":true,"href":"https:\/\/shop.ahlmann.nl\/de\/wp-json\/wp\/v2\/product_tag?post=2168"}],"curies":[{"name":"wp","href":"https:\/\/api.w.org\/{rel}","templated":true}]}}