{"id":2165,"date":"2020-02-06T07:55:41","date_gmt":"2020-02-06T07:55:41","guid":{"rendered":"https:\/\/shop.ahlmann.nl\/product\/bodenmatte-mecalac-7-9-11mwr\/"},"modified":"2025-11-06T13:28:13","modified_gmt":"2025-11-06T13:28:13","slug":"vloermat-mecalac-7-9-11mwr","status":"publish","type":"product","link":"https:\/\/shop.ahlmann.nl\/de\/produkt\/vloermat-mecalac-7-9-11mwr\/","title":{"rendered":"Fu\u00dfmatte Mecalac 7\/9\/11MWR"},"content":{"rendered":"<p><img loading=\"lazy\" decoding=\"async\" class=\"alignnone size-medium wp-image-4770\" src=\"https:\/\/shop.ahlmann.nl\/wp-content\/uploads\/2020\/02\/WS_Mat-030900-7-9-11MWR-NL-300x300.png\" alt=\"\" width=\"300\" height=\"300\" srcset=\"https:\/\/shop.ahlmann.nl\/wp-content\/uploads\/2020\/02\/WS_Mat-030900-7-9-11MWR-NL-300x300.png 300w, https:\/\/shop.ahlmann.nl\/wp-content\/uploads\/2020\/02\/WS_Mat-030900-7-9-11MWR-NL-1024x1024.png 1024w, https:\/\/shop.ahlmann.nl\/wp-content\/uploads\/2020\/02\/WS_Mat-030900-7-9-11MWR-NL-150x150.png 150w, https:\/\/shop.ahlmann.nl\/wp-content\/uploads\/2020\/02\/WS_Mat-030900-7-9-11MWR-NL-768x768.png 768w, https:\/\/shop.ahlmann.nl\/wp-content\/uploads\/2020\/02\/WS_Mat-030900-7-9-11MWR-NL-1536x1536.png 1536w\" sizes=\"auto, (max-width: 300px) 100vw, 300px\" \/><img loading=\"lazy\" decoding=\"async\" class=\"alignnone size-medium wp-image-4766\" src=\"https:\/\/shop.ahlmann.nl\/wp-content\/uploads\/2020\/02\/WS_Mat-030900-7-9-11MWR-NL-detail-300x300.png\" alt=\"\" width=\"300\" height=\"300\" srcset=\"https:\/\/shop.ahlmann.nl\/wp-content\/uploads\/2020\/02\/WS_Mat-030900-7-9-11MWR-NL-detail-300x300.png 300w, https:\/\/shop.ahlmann.nl\/wp-content\/uploads\/2020\/02\/WS_Mat-030900-7-9-11MWR-NL-detail-150x150.png 150w, https:\/\/shop.ahlmann.nl\/wp-content\/uploads\/2020\/02\/WS_Mat-030900-7-9-11MWR-NL-detail-247x247.png 247w, https:\/\/shop.ahlmann.nl\/wp-content\/uploads\/2020\/02\/WS_Mat-030900-7-9-11MWR-NL-detail-510x510.png 510w, https:\/\/shop.ahlmann.nl\/wp-content\/uploads\/2020\/02\/WS_Mat-030900-7-9-11MWR-NL-detail-100x100.png 100w, https:\/\/shop.ahlmann.nl\/wp-content\/uploads\/2020\/02\/WS_Mat-030900-7-9-11MWR-NL-detail.png 600w\" sizes=\"auto, (max-width: 300px) 100vw, 300px\" \/><br \/>\nDie Matte ist aus Nadelfilz gefertigt und mit unserem Logo versehen.<\/p>\n","protected":false},"excerpt":{"rendered":"<p>Die perfekte Fu\u00dfmatte f\u00fcr Ihren Bagger. 100 % Passform, um Ihr Interieur vor Schmutz und Besch\u00e4digungen zu sch\u00fctzen oder Ihrer Maschine ein sauberes, frisches und neues Aussehen zu verleihen. Der Komfort, einfach eine Matte auszuklopfen, um einen sauberen Kabinenboden zu erhalten.  <\/p>\n","protected":false},"featured_media":2620,"template":"","meta":{"_acf_changed":false,"_monsterinsights_skip_tracking":false,"_monsterinsights_sitenote_active":false,"_monsterinsights_sitenote_note":"","_monsterinsights_sitenote_category":0},"product_brand":[],"product_cat":[90,87],"product_tag":[],"class_list":{"0":"post-2165","1":"product","2":"type-product","3":"status-publish","4":"has-post-thumbnail","6":"product_cat-alles-de","7":"product_cat-zubehoer","9":"first","10":"instock","11":"taxable","12":"shipping-taxable","13":"purchasable","14":"product-type-simple"},"acf":[],"_links":{"self":[{"href":"https:\/\/shop.ahlmann.nl\/de\/wp-json\/wp\/v2\/product\/2165","targetHints":{"allow":["GET"]}}],"collection":[{"href":"https:\/\/shop.ahlmann.nl\/de\/wp-json\/wp\/v2\/product"}],"about":[{"href":"https:\/\/shop.ahlmann.nl\/de\/wp-json\/wp\/v2\/types\/product"}],"wp:featuredmedia":[{"embeddable":true,"href":"https:\/\/shop.ahlmann.nl\/de\/wp-json\/wp\/v2\/media\/2620"}],"wp:attachment":[{"href":"https:\/\/shop.ahlmann.nl\/de\/wp-json\/wp\/v2\/media?parent=2165"}],"wp:term":[{"taxonomy":"product_brand","embeddable":true,"href":"https:\/\/shop.ahlmann.nl\/de\/wp-json\/wp\/v2\/product_brand?post=2165"},{"taxonomy":"product_cat","embeddable":true,"href":"https:\/\/shop.ahlmann.nl\/de\/wp-json\/wp\/v2\/product_cat?post=2165"},{"taxonomy":"product_tag","embeddable":true,"href":"https:\/\/shop.ahlmann.nl\/de\/wp-json\/wp\/v2\/product_tag?post=2165"}],"curies":[{"name":"wp","href":"https:\/\/api.w.org\/{rel}","templated":true}]}}