{"id":2125,"date":"2020-05-01T08:21:33","date_gmt":"2020-05-01T08:21:33","guid":{"rendered":"https:\/\/shop.ahlmann.nl\/product\/softshell-jacke\/"},"modified":"2026-01-28T12:27:53","modified_gmt":"2026-01-28T12:27:53","slug":"softshell-jas","status":"publish","type":"product","link":"https:\/\/shop.ahlmann.nl\/de\/produkt\/softshell-jas\/","title":{"rendered":"Softshell Jacke"},"content":{"rendered":"<p><img loading=\"lazy\" decoding=\"async\" class=\"alignnone size-medium wp-image-3190\" src=\"https:\/\/shop.ahlmann.nl\/wp-content\/uploads\/2020\/05\/CAT-KLEDING-Softshell-1-300x300.jpg\" alt=\"\" width=\"300\" height=\"300\" srcset=\"https:\/\/shop.ahlmann.nl\/wp-content\/uploads\/2020\/05\/CAT-KLEDING-Softshell-1-300x300.jpg 300w, https:\/\/shop.ahlmann.nl\/wp-content\/uploads\/2020\/05\/CAT-KLEDING-Softshell-1-247x247.jpg 247w, https:\/\/shop.ahlmann.nl\/wp-content\/uploads\/2020\/05\/CAT-KLEDING-Softshell-1-100x100.jpg 100w, https:\/\/shop.ahlmann.nl\/wp-content\/uploads\/2020\/05\/CAT-KLEDING-Softshell-1-510x510.jpg 510w, https:\/\/shop.ahlmann.nl\/wp-content\/uploads\/2020\/05\/CAT-KLEDING-Softshell-1-1024x1024.jpg 1024w, https:\/\/shop.ahlmann.nl\/wp-content\/uploads\/2020\/05\/CAT-KLEDING-Softshell-1-150x150.jpg 150w, https:\/\/shop.ahlmann.nl\/wp-content\/uploads\/2020\/05\/CAT-KLEDING-Softshell-1-768x768.jpg 768w, https:\/\/shop.ahlmann.nl\/wp-content\/uploads\/2020\/05\/CAT-KLEDING-Softshell-1.jpg 1440w\" sizes=\"auto, (max-width: 300px) 100vw, 300px\" \/> <img loading=\"lazy\" decoding=\"async\" class=\"alignnone size-medium wp-image-3194\" src=\"https:\/\/shop.ahlmann.nl\/wp-content\/uploads\/2020\/05\/CAT-KLEDING-Softshell-2-300x300.jpg\" alt=\"\" width=\"300\" height=\"300\" srcset=\"https:\/\/shop.ahlmann.nl\/wp-content\/uploads\/2020\/05\/CAT-KLEDING-Softshell-2-300x300.jpg 300w, https:\/\/shop.ahlmann.nl\/wp-content\/uploads\/2020\/05\/CAT-KLEDING-Softshell-2-247x247.jpg 247w, https:\/\/shop.ahlmann.nl\/wp-content\/uploads\/2020\/05\/CAT-KLEDING-Softshell-2-100x100.jpg 100w, https:\/\/shop.ahlmann.nl\/wp-content\/uploads\/2020\/05\/CAT-KLEDING-Softshell-2-510x510.jpg 510w, https:\/\/shop.ahlmann.nl\/wp-content\/uploads\/2020\/05\/CAT-KLEDING-Softshell-2-1024x1024.jpg 1024w, https:\/\/shop.ahlmann.nl\/wp-content\/uploads\/2020\/05\/CAT-KLEDING-Softshell-2-150x150.jpg 150w, https:\/\/shop.ahlmann.nl\/wp-content\/uploads\/2020\/05\/CAT-KLEDING-Softshell-2-768x768.jpg 768w, https:\/\/shop.ahlmann.nl\/wp-content\/uploads\/2020\/05\/CAT-KLEDING-Softshell-2.jpg 1440w\" sizes=\"auto, (max-width: 300px) 100vw, 300px\" \/> <img loading=\"lazy\" decoding=\"async\" class=\"alignnone size-medium wp-image-3198\" src=\"https:\/\/shop.ahlmann.nl\/wp-content\/uploads\/2020\/05\/CAT-KLEDING-Softshell-3-300x300.jpg\" alt=\"\" width=\"300\" height=\"300\" srcset=\"https:\/\/shop.ahlmann.nl\/wp-content\/uploads\/2020\/05\/CAT-KLEDING-Softshell-3-300x300.jpg 300w, https:\/\/shop.ahlmann.nl\/wp-content\/uploads\/2020\/05\/CAT-KLEDING-Softshell-3-247x247.jpg 247w, https:\/\/shop.ahlmann.nl\/wp-content\/uploads\/2020\/05\/CAT-KLEDING-Softshell-3-100x100.jpg 100w, https:\/\/shop.ahlmann.nl\/wp-content\/uploads\/2020\/05\/CAT-KLEDING-Softshell-3-510x510.jpg 510w, https:\/\/shop.ahlmann.nl\/wp-content\/uploads\/2020\/05\/CAT-KLEDING-Softshell-3-1024x1024.jpg 1024w, https:\/\/shop.ahlmann.nl\/wp-content\/uploads\/2020\/05\/CAT-KLEDING-Softshell-3-150x150.jpg 150w, https:\/\/shop.ahlmann.nl\/wp-content\/uploads\/2020\/05\/CAT-KLEDING-Softshell-3-768x768.jpg 768w, https:\/\/shop.ahlmann.nl\/wp-content\/uploads\/2020\/05\/CAT-KLEDING-Softshell-3.jpg 1440w\" sizes=\"auto, (max-width: 300px) 100vw, 300px\" \/><\/p>\n<p>Ausgestattet mit einem gewebten Abzeichen und Etikett. Der Rei\u00dfverschluss ist zweifarbig. Alle Rei\u00dfverschl\u00fcsse haben einen Ahlmann-Rei\u00dfverschlussanh\u00e4nger. Unter anderem mit Stickerei und Siebdruck bearbeitet.<br \/>\nFarbe: Graumeliert \/ Marineblau \/ Gelb.<br \/>\nDie Jacke wird in Fernost hergestellt.   <\/p>\n<p>Welche Gr\u00f6\u00dfe habe ich?<br \/>\nFinden Sie die beste <a href=\"https:\/\/shop.ahlmann.nl\/wp-content\/uploads\/2020\/05\/Productblad-NL-softshell-jack.pdf\" target=\"_blank\" rel=\"noopener noreferrer\"><strong>Gr\u00f6\u00dfe<\/strong><\/a> f\u00fcr Sie.<\/p>\n","protected":false},"excerpt":{"rendered":"<p><strong>F\u00e4llt kleiner aus. Empfehlung: Eine Nummer gr\u00f6\u00dfer bestellen <\/strong><\/p>\n<p>Softshelljacke, 94 % Polyester \/ 6 % Elasthan, 310 g\/m\u00b2, 3-lagige Softshell, moderne Passform mit Stehkragen, \u00c4rmel mit Klettband verstellbaren Manschetten, Stifttasche auf dem linken \u00c4rmel. Zwei Einschubtaschen und Brusttasche mit Rei\u00dfverschluss, winddicht, atmungsaktiv, wasserabweisend und an der Unterseite durch Kordel\/Stopper verstellbar. <\/p>\n","protected":false},"featured_media":3205,"template":"","meta":{"_acf_changed":false,"_monsterinsights_skip_tracking":false,"_monsterinsights_sitenote_active":false,"_monsterinsights_sitenote_note":"","_monsterinsights_sitenote_category":0},"product_brand":[],"product_cat":[90,80],"product_tag":[],"class_list":{"0":"post-2125","1":"product","2":"type-product","3":"status-publish","4":"has-post-thumbnail","6":"product_cat-alles-de","7":"product_cat-textilien","9":"first","10":"instock","11":"taxable","12":"shipping-taxable","13":"purchasable","14":"product-type-variable"},"acf":[],"_links":{"self":[{"href":"https:\/\/shop.ahlmann.nl\/de\/wp-json\/wp\/v2\/product\/2125","targetHints":{"allow":["GET"]}}],"collection":[{"href":"https:\/\/shop.ahlmann.nl\/de\/wp-json\/wp\/v2\/product"}],"about":[{"href":"https:\/\/shop.ahlmann.nl\/de\/wp-json\/wp\/v2\/types\/product"}],"wp:featuredmedia":[{"embeddable":true,"href":"https:\/\/shop.ahlmann.nl\/de\/wp-json\/wp\/v2\/media\/3205"}],"wp:attachment":[{"href":"https:\/\/shop.ahlmann.nl\/de\/wp-json\/wp\/v2\/media?parent=2125"}],"wp:term":[{"taxonomy":"product_brand","embeddable":true,"href":"https:\/\/shop.ahlmann.nl\/de\/wp-json\/wp\/v2\/product_brand?post=2125"},{"taxonomy":"product_cat","embeddable":true,"href":"https:\/\/shop.ahlmann.nl\/de\/wp-json\/wp\/v2\/product_cat?post=2125"},{"taxonomy":"product_tag","embeddable":true,"href":"https:\/\/shop.ahlmann.nl\/de\/wp-json\/wp\/v2\/product_tag?post=2125"}],"curies":[{"name":"wp","href":"https:\/\/api.w.org\/{rel}","templated":true}]}}