{"id":2107,"date":"2020-04-30T12:03:35","date_gmt":"2020-04-30T12:03:35","guid":{"rendered":"https:\/\/shop.ahlmann.nl\/product\/kapuzenjacke\/"},"modified":"2025-11-06T13:28:14","modified_gmt":"2025-11-06T13:28:14","slug":"vest-met-capuchon","status":"publish","type":"product","link":"https:\/\/shop.ahlmann.nl\/de\/produkt\/vest-met-capuchon\/","title":{"rendered":"Kapuzenpullover"},"content":{"rendered":"<p><img loading=\"lazy\" decoding=\"async\" class=\"alignnone size-medium wp-image-3170\" src=\"https:\/\/shop.ahlmann.nl\/wp-content\/uploads\/2020\/04\/CAT-KLEDING-Hooded-Vest-1voor-300x300.jpg\" alt=\"\" width=\"300\" height=\"300\" srcset=\"https:\/\/shop.ahlmann.nl\/wp-content\/uploads\/2020\/04\/CAT-KLEDING-Hooded-Vest-1voor-300x300.jpg 300w, https:\/\/shop.ahlmann.nl\/wp-content\/uploads\/2020\/04\/CAT-KLEDING-Hooded-Vest-1voor-247x247.jpg 247w, https:\/\/shop.ahlmann.nl\/wp-content\/uploads\/2020\/04\/CAT-KLEDING-Hooded-Vest-1voor-100x100.jpg 100w, https:\/\/shop.ahlmann.nl\/wp-content\/uploads\/2020\/04\/CAT-KLEDING-Hooded-Vest-1voor-510x510.jpg 510w, https:\/\/shop.ahlmann.nl\/wp-content\/uploads\/2020\/04\/CAT-KLEDING-Hooded-Vest-1voor-1024x1024.jpg 1024w, https:\/\/shop.ahlmann.nl\/wp-content\/uploads\/2020\/04\/CAT-KLEDING-Hooded-Vest-1voor-150x150.jpg 150w, https:\/\/shop.ahlmann.nl\/wp-content\/uploads\/2020\/04\/CAT-KLEDING-Hooded-Vest-1voor-768x768.jpg 768w, https:\/\/shop.ahlmann.nl\/wp-content\/uploads\/2020\/04\/CAT-KLEDING-Hooded-Vest-1voor.jpg 1440w\" sizes=\"auto, (max-width: 300px) 100vw, 300px\" \/> <img loading=\"lazy\" decoding=\"async\" class=\"alignnone size-medium wp-image-3174\" src=\"https:\/\/shop.ahlmann.nl\/wp-content\/uploads\/2020\/04\/CAT-KLEDING-Hooded-Vest-2voor-300x300.jpg\" alt=\"\" width=\"300\" height=\"300\" srcset=\"https:\/\/shop.ahlmann.nl\/wp-content\/uploads\/2020\/04\/CAT-KLEDING-Hooded-Vest-2voor-300x300.jpg 300w, https:\/\/shop.ahlmann.nl\/wp-content\/uploads\/2020\/04\/CAT-KLEDING-Hooded-Vest-2voor-247x247.jpg 247w, https:\/\/shop.ahlmann.nl\/wp-content\/uploads\/2020\/04\/CAT-KLEDING-Hooded-Vest-2voor-100x100.jpg 100w, https:\/\/shop.ahlmann.nl\/wp-content\/uploads\/2020\/04\/CAT-KLEDING-Hooded-Vest-2voor-510x510.jpg 510w, https:\/\/shop.ahlmann.nl\/wp-content\/uploads\/2020\/04\/CAT-KLEDING-Hooded-Vest-2voor-1024x1024.jpg 1024w, https:\/\/shop.ahlmann.nl\/wp-content\/uploads\/2020\/04\/CAT-KLEDING-Hooded-Vest-2voor-150x150.jpg 150w, https:\/\/shop.ahlmann.nl\/wp-content\/uploads\/2020\/04\/CAT-KLEDING-Hooded-Vest-2voor-768x768.jpg 768w, https:\/\/shop.ahlmann.nl\/wp-content\/uploads\/2020\/04\/CAT-KLEDING-Hooded-Vest-2voor.jpg 1440w\" sizes=\"auto, (max-width: 300px) 100vw, 300px\" \/> <img loading=\"lazy\" decoding=\"async\" class=\"alignnone size-medium wp-image-3178\" src=\"https:\/\/shop.ahlmann.nl\/wp-content\/uploads\/2020\/04\/CAT-KLEDING-Hooded-Vest-3achter-300x300.jpg\" alt=\"\" width=\"300\" height=\"300\" srcset=\"https:\/\/shop.ahlmann.nl\/wp-content\/uploads\/2020\/04\/CAT-KLEDING-Hooded-Vest-3achter-300x300.jpg 300w, https:\/\/shop.ahlmann.nl\/wp-content\/uploads\/2020\/04\/CAT-KLEDING-Hooded-Vest-3achter-247x247.jpg 247w, https:\/\/shop.ahlmann.nl\/wp-content\/uploads\/2020\/04\/CAT-KLEDING-Hooded-Vest-3achter-100x100.jpg 100w, https:\/\/shop.ahlmann.nl\/wp-content\/uploads\/2020\/04\/CAT-KLEDING-Hooded-Vest-3achter-510x510.jpg 510w, https:\/\/shop.ahlmann.nl\/wp-content\/uploads\/2020\/04\/CAT-KLEDING-Hooded-Vest-3achter-1024x1024.jpg 1024w, https:\/\/shop.ahlmann.nl\/wp-content\/uploads\/2020\/04\/CAT-KLEDING-Hooded-Vest-3achter-150x150.jpg 150w, https:\/\/shop.ahlmann.nl\/wp-content\/uploads\/2020\/04\/CAT-KLEDING-Hooded-Vest-3achter-768x768.jpg 768w, https:\/\/shop.ahlmann.nl\/wp-content\/uploads\/2020\/04\/CAT-KLEDING-Hooded-Vest-3achter.jpg 1440w\" sizes=\"auto, (max-width: 300px) 100vw, 300px\" \/> <img loading=\"lazy\" decoding=\"async\" class=\"alignnone size-medium wp-image-3182\" src=\"https:\/\/shop.ahlmann.nl\/wp-content\/uploads\/2020\/04\/CAT-KLEDING-Hooded-Vest-4detail-300x300.jpg\" alt=\"\" width=\"300\" height=\"300\" srcset=\"https:\/\/shop.ahlmann.nl\/wp-content\/uploads\/2020\/04\/CAT-KLEDING-Hooded-Vest-4detail-300x300.jpg 300w, https:\/\/shop.ahlmann.nl\/wp-content\/uploads\/2020\/04\/CAT-KLEDING-Hooded-Vest-4detail-247x247.jpg 247w, https:\/\/shop.ahlmann.nl\/wp-content\/uploads\/2020\/04\/CAT-KLEDING-Hooded-Vest-4detail-100x100.jpg 100w, https:\/\/shop.ahlmann.nl\/wp-content\/uploads\/2020\/04\/CAT-KLEDING-Hooded-Vest-4detail-510x510.jpg 510w, https:\/\/shop.ahlmann.nl\/wp-content\/uploads\/2020\/04\/CAT-KLEDING-Hooded-Vest-4detail-1024x1024.jpg 1024w, https:\/\/shop.ahlmann.nl\/wp-content\/uploads\/2020\/04\/CAT-KLEDING-Hooded-Vest-4detail-150x150.jpg 150w, https:\/\/shop.ahlmann.nl\/wp-content\/uploads\/2020\/04\/CAT-KLEDING-Hooded-Vest-4detail-768x768.jpg 768w, https:\/\/shop.ahlmann.nl\/wp-content\/uploads\/2020\/04\/CAT-KLEDING-Hooded-Vest-4detail.jpg 1440w\" sizes=\"auto, (max-width: 300px) 100vw, 300px\" \/><\/p>\n<p>Ausgestattet mit einem gewebten Abzeichen und Etikett. Durchgehender Rei\u00dfverschluss mit zweifarbigem Rei\u00dfverschluss. Alle Rei\u00dfverschl\u00fcsse haben einen Ahlmann-Rei\u00dfverschlussanh\u00e4nger. Unter anderem mit Stickerei und Siebdruck bearbeitet.<br \/>\nFarbe: Graumeliert \/ Marineblau \/ Gelb.<br \/>\nDie Weste wird in Portugal oder der T\u00fcrkei hergestellt.   <\/p>\n<p>Welche Gr\u00f6\u00dfe habe ich?<br \/>\nFinden Sie die beste <a href=\"https:\/\/shop.ahlmann.nl\/wp-content\/uploads\/2020\/04\/Productblad-NL-vest-met-capuchon.pdf\" target=\"_blank\" rel=\"noopener noreferrer\"><strong>Gr\u00f6\u00dfe<\/strong><\/a> f\u00fcr Sie.<\/p>\n","protected":false},"excerpt":{"rendered":"<p>Weste mit doppellagiger Kapuze mit Kordelzug und \u00c4rmeln mit Rippb\u00fcndchen, Innenseite angeraut. Zwei Einschubtaschen mit Rei\u00dfverschluss. Stifttasche auf dem linken \u00c4rmel. Hergestellt aus 50 % Baumwolle \/ 50 % Polyester, 320 g\/m\u00b2.   <\/p>\n","protected":false},"featured_media":3189,"template":"","meta":{"_acf_changed":false,"_monsterinsights_skip_tracking":false,"_monsterinsights_sitenote_active":false,"_monsterinsights_sitenote_note":"","_monsterinsights_sitenote_category":0},"product_brand":[],"product_cat":[90,80],"product_tag":[],"class_list":{"0":"post-2107","1":"product","2":"type-product","3":"status-publish","4":"has-post-thumbnail","6":"product_cat-alles-de","7":"product_cat-textilien","9":"first","10":"instock","11":"taxable","12":"shipping-taxable","13":"purchasable","14":"product-type-variable"},"acf":[],"_links":{"self":[{"href":"https:\/\/shop.ahlmann.nl\/de\/wp-json\/wp\/v2\/product\/2107","targetHints":{"allow":["GET"]}}],"collection":[{"href":"https:\/\/shop.ahlmann.nl\/de\/wp-json\/wp\/v2\/product"}],"about":[{"href":"https:\/\/shop.ahlmann.nl\/de\/wp-json\/wp\/v2\/types\/product"}],"wp:featuredmedia":[{"embeddable":true,"href":"https:\/\/shop.ahlmann.nl\/de\/wp-json\/wp\/v2\/media\/3189"}],"wp:attachment":[{"href":"https:\/\/shop.ahlmann.nl\/de\/wp-json\/wp\/v2\/media?parent=2107"}],"wp:term":[{"taxonomy":"product_brand","embeddable":true,"href":"https:\/\/shop.ahlmann.nl\/de\/wp-json\/wp\/v2\/product_brand?post=2107"},{"taxonomy":"product_cat","embeddable":true,"href":"https:\/\/shop.ahlmann.nl\/de\/wp-json\/wp\/v2\/product_cat?post=2107"},{"taxonomy":"product_tag","embeddable":true,"href":"https:\/\/shop.ahlmann.nl\/de\/wp-json\/wp\/v2\/product_tag?post=2107"}],"curies":[{"name":"wp","href":"https:\/\/api.w.org\/{rel}","templated":true}]}}