{"id":2034,"date":"2020-05-01T08:16:44","date_gmt":"2020-05-01T08:16:44","guid":{"rendered":"https:\/\/shop.ahlmann.nl\/product\/polo-shirt\/"},"modified":"2025-11-06T13:27:41","modified_gmt":"2025-11-06T13:27:41","slug":"poloshirt","status":"publish","type":"product","link":"https:\/\/shop.ahlmann.nl\/de\/produkt\/poloshirt\/","title":{"rendered":"Poloshirt"},"content":{"rendered":"<p><img loading=\"lazy\" decoding=\"async\" class=\"alignnone size-medium wp-image-3087\" src=\"https:\/\/shop.ahlmann.nl\/wp-content\/uploads\/2020\/05\/CAT-KLEDING-Polo-1KM-300x300.jpg\" alt=\"\" width=\"300\" height=\"300\" srcset=\"https:\/\/shop.ahlmann.nl\/wp-content\/uploads\/2020\/05\/CAT-KLEDING-Polo-1KM-300x300.jpg 300w, https:\/\/shop.ahlmann.nl\/wp-content\/uploads\/2020\/05\/CAT-KLEDING-Polo-1KM-247x247.jpg 247w, https:\/\/shop.ahlmann.nl\/wp-content\/uploads\/2020\/05\/CAT-KLEDING-Polo-1KM-100x100.jpg 100w, https:\/\/shop.ahlmann.nl\/wp-content\/uploads\/2020\/05\/CAT-KLEDING-Polo-1KM-510x510.jpg 510w, https:\/\/shop.ahlmann.nl\/wp-content\/uploads\/2020\/05\/CAT-KLEDING-Polo-1KM-1024x1024.jpg 1024w, https:\/\/shop.ahlmann.nl\/wp-content\/uploads\/2020\/05\/CAT-KLEDING-Polo-1KM-150x150.jpg 150w, https:\/\/shop.ahlmann.nl\/wp-content\/uploads\/2020\/05\/CAT-KLEDING-Polo-1KM-768x768.jpg 768w, https:\/\/shop.ahlmann.nl\/wp-content\/uploads\/2020\/05\/CAT-KLEDING-Polo-1KM.jpg 1440w\" sizes=\"auto, (max-width: 300px) 100vw, 300px\" \/> <img loading=\"lazy\" decoding=\"async\" class=\"alignnone size-medium wp-image-3091\" src=\"https:\/\/shop.ahlmann.nl\/wp-content\/uploads\/2020\/05\/CAT-KLEDING-Polo-2KM-300x300.jpg\" alt=\"\" width=\"300\" height=\"300\" srcset=\"https:\/\/shop.ahlmann.nl\/wp-content\/uploads\/2020\/05\/CAT-KLEDING-Polo-2KM-300x300.jpg 300w, https:\/\/shop.ahlmann.nl\/wp-content\/uploads\/2020\/05\/CAT-KLEDING-Polo-2KM-247x247.jpg 247w, https:\/\/shop.ahlmann.nl\/wp-content\/uploads\/2020\/05\/CAT-KLEDING-Polo-2KM-100x100.jpg 100w, https:\/\/shop.ahlmann.nl\/wp-content\/uploads\/2020\/05\/CAT-KLEDING-Polo-2KM-510x510.jpg 510w, https:\/\/shop.ahlmann.nl\/wp-content\/uploads\/2020\/05\/CAT-KLEDING-Polo-2KM-1024x1024.jpg 1024w, https:\/\/shop.ahlmann.nl\/wp-content\/uploads\/2020\/05\/CAT-KLEDING-Polo-2KM-150x150.jpg 150w, https:\/\/shop.ahlmann.nl\/wp-content\/uploads\/2020\/05\/CAT-KLEDING-Polo-2KM-768x768.jpg 768w, https:\/\/shop.ahlmann.nl\/wp-content\/uploads\/2020\/05\/CAT-KLEDING-Polo-2KM.jpg 1440w\" sizes=\"auto, (max-width: 300px) 100vw, 300px\" \/> <img loading=\"lazy\" decoding=\"async\" class=\"alignnone size-medium wp-image-3095\" src=\"https:\/\/shop.ahlmann.nl\/wp-content\/uploads\/2020\/05\/CAT-KLEDING-Polo-3KM-300x300.jpg\" alt=\"\" width=\"300\" height=\"300\" srcset=\"https:\/\/shop.ahlmann.nl\/wp-content\/uploads\/2020\/05\/CAT-KLEDING-Polo-3KM-300x300.jpg 300w, https:\/\/shop.ahlmann.nl\/wp-content\/uploads\/2020\/05\/CAT-KLEDING-Polo-3KM-247x247.jpg 247w, https:\/\/shop.ahlmann.nl\/wp-content\/uploads\/2020\/05\/CAT-KLEDING-Polo-3KM-100x100.jpg 100w, https:\/\/shop.ahlmann.nl\/wp-content\/uploads\/2020\/05\/CAT-KLEDING-Polo-3KM-510x510.jpg 510w, https:\/\/shop.ahlmann.nl\/wp-content\/uploads\/2020\/05\/CAT-KLEDING-Polo-3KM-1024x1024.jpg 1024w, https:\/\/shop.ahlmann.nl\/wp-content\/uploads\/2020\/05\/CAT-KLEDING-Polo-3KM-150x150.jpg 150w, https:\/\/shop.ahlmann.nl\/wp-content\/uploads\/2020\/05\/CAT-KLEDING-Polo-3KM-768x768.jpg 768w, https:\/\/shop.ahlmann.nl\/wp-content\/uploads\/2020\/05\/CAT-KLEDING-Polo-3KM.jpg 1440w\" sizes=\"auto, (max-width: 300px) 100vw, 300px\" \/> <img loading=\"lazy\" decoding=\"async\" class=\"alignnone size-medium wp-image-3099\" src=\"https:\/\/shop.ahlmann.nl\/wp-content\/uploads\/2020\/05\/CAT-KLEDING-Polo-4KM-300x300.jpg\" alt=\"\" width=\"300\" height=\"300\" srcset=\"https:\/\/shop.ahlmann.nl\/wp-content\/uploads\/2020\/05\/CAT-KLEDING-Polo-4KM-300x300.jpg 300w, https:\/\/shop.ahlmann.nl\/wp-content\/uploads\/2020\/05\/CAT-KLEDING-Polo-4KM-247x247.jpg 247w, https:\/\/shop.ahlmann.nl\/wp-content\/uploads\/2020\/05\/CAT-KLEDING-Polo-4KM-100x100.jpg 100w, https:\/\/shop.ahlmann.nl\/wp-content\/uploads\/2020\/05\/CAT-KLEDING-Polo-4KM-510x510.jpg 510w, https:\/\/shop.ahlmann.nl\/wp-content\/uploads\/2020\/05\/CAT-KLEDING-Polo-4KM-1024x1024.jpg 1024w, https:\/\/shop.ahlmann.nl\/wp-content\/uploads\/2020\/05\/CAT-KLEDING-Polo-4KM-150x150.jpg 150w, https:\/\/shop.ahlmann.nl\/wp-content\/uploads\/2020\/05\/CAT-KLEDING-Polo-4KM-768x768.jpg 768w, https:\/\/shop.ahlmann.nl\/wp-content\/uploads\/2020\/05\/CAT-KLEDING-Polo-4KM.jpg 1440w\" sizes=\"auto, (max-width: 300px) 100vw, 300px\" \/> <img loading=\"lazy\" decoding=\"async\" class=\"alignnone size-medium wp-image-3103\" src=\"https:\/\/shop.ahlmann.nl\/wp-content\/uploads\/2020\/05\/CAT-KLEDING-Polo-5KM-300x300.jpg\" alt=\"\" width=\"300\" height=\"300\" srcset=\"https:\/\/shop.ahlmann.nl\/wp-content\/uploads\/2020\/05\/CAT-KLEDING-Polo-5KM-300x300.jpg 300w, https:\/\/shop.ahlmann.nl\/wp-content\/uploads\/2020\/05\/CAT-KLEDING-Polo-5KM-247x247.jpg 247w, https:\/\/shop.ahlmann.nl\/wp-content\/uploads\/2020\/05\/CAT-KLEDING-Polo-5KM-100x100.jpg 100w, https:\/\/shop.ahlmann.nl\/wp-content\/uploads\/2020\/05\/CAT-KLEDING-Polo-5KM-510x510.jpg 510w, https:\/\/shop.ahlmann.nl\/wp-content\/uploads\/2020\/05\/CAT-KLEDING-Polo-5KM-1024x1024.jpg 1024w, https:\/\/shop.ahlmann.nl\/wp-content\/uploads\/2020\/05\/CAT-KLEDING-Polo-5KM-150x150.jpg 150w, https:\/\/shop.ahlmann.nl\/wp-content\/uploads\/2020\/05\/CAT-KLEDING-Polo-5KM-768x768.jpg 768w, https:\/\/shop.ahlmann.nl\/wp-content\/uploads\/2020\/05\/CAT-KLEDING-Polo-5KM.jpg 1440w\" sizes=\"auto, (max-width: 300px) 100vw, 300px\" \/><\/p>\n<p>Ausgestattet mit einem gewebten Abzeichen, Etikett und Ahlmann-Kn\u00f6pfen in 2 Farben. Verarbeitet u.a. mit Siebdruck.<br \/>\nFarbe: Grau meliert \/ Marine \/ Gelb.<br \/>\nDas Polo wird in Portugal oder der T\u00fcrkei hergestellt. <\/p>\n<p>Welche Gr\u00f6\u00dfe habe ich?<br \/>\nFinden Sie die beste <a href=\"https:\/\/shop.ahlmann.nl\/wp-content\/uploads\/2020\/05\/Productblad-NL-poloshirt-km.pdf\" target=\"_blank\" rel=\"noopener noreferrer\"><strong>Gr\u00f6\u00dfe<\/strong><\/a> f\u00fcr Sie.<\/p>\n","protected":false},"excerpt":{"rendered":"<p>Kurzarm-Poloshirt mit Rippb\u00fcndchen und schwerem Ripp-Polokragen. Hergestellt aus 50 % Baumwolle \/ 50 % Polyester, 210 g\/m\u00b2 Piqu\u00e9 f\u00fcr mehr Tragekomfort und Formbest\u00e4ndigkeit. <\/p>\n","protected":false},"featured_media":3110,"template":"","meta":{"_acf_changed":false,"_monsterinsights_skip_tracking":false,"_monsterinsights_sitenote_active":false,"_monsterinsights_sitenote_note":"","_monsterinsights_sitenote_category":0},"product_brand":[],"product_cat":[90,80],"product_tag":[],"class_list":{"0":"post-2034","1":"product","2":"type-product","3":"status-publish","4":"has-post-thumbnail","6":"product_cat-alles-de","7":"product_cat-textilien","9":"first","10":"instock","11":"taxable","12":"shipping-taxable","13":"purchasable","14":"product-type-variable"},"acf":[],"_links":{"self":[{"href":"https:\/\/shop.ahlmann.nl\/de\/wp-json\/wp\/v2\/product\/2034","targetHints":{"allow":["GET"]}}],"collection":[{"href":"https:\/\/shop.ahlmann.nl\/de\/wp-json\/wp\/v2\/product"}],"about":[{"href":"https:\/\/shop.ahlmann.nl\/de\/wp-json\/wp\/v2\/types\/product"}],"wp:featuredmedia":[{"embeddable":true,"href":"https:\/\/shop.ahlmann.nl\/de\/wp-json\/wp\/v2\/media\/3110"}],"wp:attachment":[{"href":"https:\/\/shop.ahlmann.nl\/de\/wp-json\/wp\/v2\/media?parent=2034"}],"wp:term":[{"taxonomy":"product_brand","embeddable":true,"href":"https:\/\/shop.ahlmann.nl\/de\/wp-json\/wp\/v2\/product_brand?post=2034"},{"taxonomy":"product_cat","embeddable":true,"href":"https:\/\/shop.ahlmann.nl\/de\/wp-json\/wp\/v2\/product_cat?post=2034"},{"taxonomy":"product_tag","embeddable":true,"href":"https:\/\/shop.ahlmann.nl\/de\/wp-json\/wp\/v2\/product_tag?post=2034"}],"curies":[{"name":"wp","href":"https:\/\/api.w.org\/{rel}","templated":true}]}}