{"id":4305,"date":"2024-09-05T09:19:19","date_gmt":"2024-09-05T09:19:19","guid":{"rendered":"https:\/\/shop.ahlmann.nl\/cookie-richtlinie\/"},"modified":"2025-11-06T13:28:54","modified_gmt":"2025-11-06T13:28:54","slug":"cookie-richtlinie","status":"publish","type":"page","link":"https:\/\/shop.ahlmann.nl\/de\/cookie-richtlinie\/","title":{"rendered":"Cookie-Richtlinie"},"content":{"rendered":"\n<h2>Einleitung<\/h2>\n    <p>\n Willkommen auf der Website von Ahlmann Niederlande. Um Ihren Besuch auf unserer Website so angenehm wie m\u00f6glich zu gestalten, verwenden wir Cookies. In dieser Cookie-Richtlinie erl\u00e4utern wir, was Cookies sind, welche Cookies wir verwenden und warum wir sie einsetzen.  \n    <\/p>\n\n    <h2>Was sind Cookies?<\/h2>\n    <p>\n Cookies sind kleine Textdateien, die auf Ihrem Ger\u00e4t gespeichert werden, wenn Sie eine Website besuchen. Diese Cookies helfen uns, Ihr Nutzererlebnis zu verbessern, die Funktionalit\u00e4t der Website zu gew\u00e4hrleisten und Informationen \u00fcber die Nutzung unserer Website zu sammeln. \n    <\/p>\n\n    <h2>Welche Cookies verwenden wir<\/h2>\n    <p>\n        <strong>1. Funktionale Cookies: <\/strong>Diese Cookies sind essenziell f\u00fcr das ordnungsgem\u00e4\u00dfe Funktionieren unserer Website. Sie erm\u00f6glichen Ihnen, durch die Website zu navigieren und deren Funktionen zu nutzen, wie z. B. den Zugriff auf gesch\u00fctzte Bereiche der Website. Funktionale Cookies, die wir verwenden, sind  \n    <\/p>\n\n    <div class=\"cookie-beleid-table\">\n    <table>\n        <tr class=\"table-head\">\n            <td>Cookie-Name<\/td>\n            <td>Beschreibung<\/td>\n            <td>Speicherdauer<\/td>\n        <\/tr>\n        <tr>\n            <td>wpml_browser redirect_test<\/td>\n            <td>Dieser Cookie wird vom WPML WordPress-Plugin gesetzt und dient dazu, zu testen, ob Cookies in Ihrem Browser aktiviert sind.<\/td>\n            <td>W\u00e4hrend der Sitzung<\/td>\n        <\/tr>\n        <tr>\n            <td>_icl_visitor_lang_js<\/td>\n            <td>WPML setzt diesen Cookie, um Sie zur korrekten \u00dcbersetzung weiterzuleiten.<\/td>\n            <td>1 Tag<\/td>\n        <\/tr>\n    <\/table>\n    <\/div>\n\n    <p>\n        <strong>2. Analytische Cookies: <\/strong>Mit diesen Cookies sammeln wir Informationen dar\u00fcber, wie Besucher unsere Website nutzen. Diese Daten helfen uns, die Website zu verbessern und das Nutzererlebnis zu optimieren. Die von uns gesammelten Informationen sind anonym und enthalten keine pers\u00f6nlichen Daten.  \n    <\/p>\n\n    <p>\n        <strong>3. Social-Media-Cookies: <\/strong>Auf unserer Website k\u00f6nnen Schaltfl\u00e4chen zum Bewerben oder Teilen von Seiten \u00fcber soziale Netzwerke wie Facebook und Twitter enthalten sein. Diese Schaltfl\u00e4chen funktionieren mittels Code, der von diesen sozialen Netzwerken stammt. Dieser Code platziert Cookies.  \n    <\/p>\n\n    <p>\n        <strong>4. Notwendige Cookies: <\/strong>Notwendige Cookies sind entscheidend f\u00fcr die Grundfunktionen der Website, und ohne sie funktioniert die Website nicht wie vorgesehen. Diese Cookies speichern keine pers\u00f6nlich identifizierbaren Daten. Notwendige Cookies, die wir verwenden, sind \n    <\/p>\n    \n    <div class=\"cookie-beleid-table\">\n    <table>\n        <tr class=\"table-head\">\n            <td>Cookie-Name<\/td>\n            <td>Beschreibung<\/td>\n            <td>Speicherdauer<\/td>\n        <\/tr>\n        <tr>\n            <td>cookielawinfo checkbox necessary<\/td>\n            <td>Dieser Cookie wird vom GDPR Cookie Consent Plugin gesetzt und speichert die Cookie-Zustimmung der Nutzer im Bereich \u201eNotwendige Cookies\u201c.<\/td>\n            <td>1 Jahr<\/td>\n        <\/tr>\n        <tr>\n            <td>cookielawinfo checkbox functional<\/td>\n            <td>Dieser Cookie wird vom GDPR Cookie Consent Plugin gesetzt und speichert die Cookie-Zustimmung der Nutzer im Bereich \u201eFunktionale Cookies\u201c.<\/td>\n            <td>1 Jahr<\/td>\n        <\/tr>\n        <tr>\n            <td>cookielawinfo-checkbox performance<\/td>\n            <td>Dieser Cookie wird vom GDPR Cookie Consent Plugin gesetzt und speichert die Cookie-Zustimmung der Nutzer im Bereich \u201ePerformance-Cookies\u201c.<\/td>\n            <td>1 Jahr<\/td>\n        <\/tr>\n        <tr>\n            <td>cookielawinfo-checkbox analytics<\/td>\n            <td>Dieser Cookie wird vom GDPR Cookie Consent Plugin gesetzt und speichert die Cookie-Zustimmung der Nutzer im Bereich \u201eAnalytische Cookies\u201c.<\/td>\n            <td>1 Jahr<\/td>\n        <\/tr>\n        <tr>\n            <td>cookielawinfo-checkbox advertisement<\/td>\n            <td>Dieser Cookie wird vom GDPR Cookie Consent Plugin gesetzt und speichert die Cookie-Zustimmung der Nutzer im Bereich \u201eSocial-Media-Cookies\u201c.<\/td>\n            <td>1 Jahr<\/td>\n        <\/tr>\n        <tr>\n            <td>cookielawinfo checkbox-others<\/td>\n            <td>Dieser Cookie wird vom GDPR Cookie Consent Plugin gesetzt und speichert die Cookie-Zustimmung der Nutzer im Bereich \u201eAndere\u201c.<\/td>\n            <td>1 Jahr<\/td>\n        <\/tr>\n    <\/table>\n    <\/div>\n\n    <p>\n        <strong>5. Andere Cookies: <\/strong>\n    <\/p>\n    <div class=\"cookie-beleid-table\">\n    <table>\n        <tr class=\"table-head\">\n            <td>Cookie-Name<\/td>\n            <td>Beschreibung<\/td>\n            <td>Speicherdauer<\/td>\n        <\/tr>\n        <tr>\n            <td>wc_cart hash_9f388692e 0c447befe436 269f8533853-en<\/td>\n            <td>x<\/td>\n            <td>Wird nicht gespeichert<\/td>\n        <\/tr>\n        <tr>\n            <td>wc_cart hash_9f388692e 0c447befe436 269f8533853-nl<\/td>\n            <td>x<\/td>\n            <td>Wird nicht gespeichert<\/td>\n        <\/tr>\n        <tr>\n            <td>wc_fragments 9f388692e 0c447befe436 269f8533853<\/td>\n            <td>x<\/td>\n            <td>W\u00e4hrend der Sitzung<\/td>\n        <\/tr>\n    <\/table>\n    <\/div>\n    \n    <h2>Wie Sie Cookies verwalten oder l\u00f6schen k\u00f6nnen<\/h2>\n    <p>\n Sie k\u00f6nnen Cookies jederzeit \u00fcber die Einstellungen Ihres Webbrowsers verwalten oder l\u00f6schen. Bitte beachten Sie, dass das Deaktivieren von Cookies dazu f\u00fchren kann, dass einige Funktionen unserer Website nicht ordnungsgem\u00e4\u00df funktionieren. \n    <\/p>\n\n    <h2>\u00c4nderungen an unserer Cookie-Richtlinie<\/h2>\n    <p>\n Wir behalten uns das Recht vor, diese Cookie-Richtlinie jederzeit zu \u00e4ndern. Eventuelle \u00c4nderungen werden auf dieser Seite ver\u00f6ffentlicht. Wir empfehlen Ihnen, diese Seite regelm\u00e4\u00dfig zu konsultieren, um die aktuellsten Informationen zu unserer Cookie-Richtlinie zu erhalten.  \n    <\/p>\n\n    <h2>Kontakt<\/h2>\n    <p>\n Haben Sie Fragen zu unserer Cookie-Richtlinie? Kontaktieren Sie uns unter <a href=\"mailto:info@ahlmann.nl\">info@ahlmann.nl<\/a> \n    <\/p>\n","protected":false},"excerpt":{"rendered":"<p>Einleitung Willkommen auf der Website von Ahlmann Niederlande. Um Ihren Besuch auf unserer Website so angenehm wie m\u00f6glich zu gestalten, verwenden wir Cookies. In dieser Cookie-Richtlinie erl\u00e4utern wir, was Cookies sind, welche Cookies wir verwenden und warum wir sie einsetzen. Was sind Cookies? Cookies sind kleine Textdateien, die auf Ihrem Ger\u00e4t gespeichert werden, wenn Sie [&#8230;]\n","protected":false},"author":1,"featured_media":759,"parent":0,"menu_order":0,"comment_status":"closed","ping_status":"closed","template":"","meta":{"_acf_changed":false,"_monsterinsights_skip_tracking":false,"_monsterinsights_sitenote_active":false,"_monsterinsights_sitenote_note":"","_monsterinsights_sitenote_category":0,"footnotes":""},"class_list":["post-4305","page","type-page","status-publish","has-post-thumbnail","hentry"],"acf":[],"_links":{"self":[{"href":"https:\/\/shop.ahlmann.nl\/de\/wp-json\/wp\/v2\/pages\/4305","targetHints":{"allow":["GET"]}}],"collection":[{"href":"https:\/\/shop.ahlmann.nl\/de\/wp-json\/wp\/v2\/pages"}],"about":[{"href":"https:\/\/shop.ahlmann.nl\/de\/wp-json\/wp\/v2\/types\/page"}],"author":[{"embeddable":true,"href":"https:\/\/shop.ahlmann.nl\/de\/wp-json\/wp\/v2\/users\/1"}],"replies":[{"embeddable":true,"href":"https:\/\/shop.ahlmann.nl\/de\/wp-json\/wp\/v2\/comments?post=4305"}],"version-history":[{"count":4,"href":"https:\/\/shop.ahlmann.nl\/de\/wp-json\/wp\/v2\/pages\/4305\/revisions"}],"predecessor-version":[{"id":4944,"href":"https:\/\/shop.ahlmann.nl\/de\/wp-json\/wp\/v2\/pages\/4305\/revisions\/4944"}],"wp:featuredmedia":[{"embeddable":true,"href":"https:\/\/shop.ahlmann.nl\/de\/wp-json\/wp\/v2\/media\/759"}],"wp:attachment":[{"href":"https:\/\/shop.ahlmann.nl\/de\/wp-json\/wp\/v2\/media?parent=4305"}],"curies":[{"name":"wp","href":"https:\/\/api.w.org\/{rel}","templated":true}]}}