{"id":2520,"date":"2020-03-31T12:42:23","date_gmt":"2020-03-31T12:42:23","guid":{"rendered":"https:\/\/shop.ahlmann.nl\/privatsphaere\/"},"modified":"2025-11-06T13:28:28","modified_gmt":"2025-11-06T13:28:28","slug":"privacybeleid","status":"publish","type":"page","link":"https:\/\/shop.ahlmann.nl\/de\/privacybeleid\/","title":{"rendered":"Datenschutzerkl\u00e4rung"},"content":{"rendered":"\n<h2 class=\"wp-block-heading\">Datenschutzerkl\u00e4rung<\/h2>\n\n<p>Ahlmann, mit Sitz in Onderwaard 11, 5324 JV AMMERZODEN, ist verantwortlich f\u00fcr die Verarbeitung personenbezogener Daten, wie in dieser Datenschutzerkl\u00e4rung dargelegt.<\/p>\n\n<p>Kontaktdaten:<\/p>\n\n<p>Onderwaard 11, 5324 JV AMMERZODEN<\/p>\n\n<p>+31 73 599 77 55<\/p>\n\n<p>Der Datenschutzbeauftragte von Ahlmann ist \u00fcber support@coersonline.nl zu erreichen.<\/p>\n\n<h2 class=\"wp-block-heading\">Personenbezogene Daten, die wir verarbeiten<\/h2>\n\n<p>Ahlmann verarbeitet Ihre personenbezogenen Daten, weil Sie unsere Dienste nutzen und\/oder weil Sie uns diese selbst zur Verf\u00fcgung stellen. Nachfolgend finden Sie eine \u00dcbersicht der von uns verarbeiteten personenbezogenen Daten:- Vor- und Nachname- Adressdaten- Telefonnummer- E-Mail-Adresse- IP-Adresse- Sonstige personenbezogene Daten, die Sie aktiv bereitstellen, z. B. durch die Erstellung eines Profils auf dieser Website, in Korrespondenz und telefonisch- Daten \u00fcber Ihr Surfverhalten auf verschiedenen Websites (z. B. weil dieses Unternehmen Teil eines Werbenetzwerks ist)- Internetbrowser und Ger\u00e4tetyp- Bankkontonummer <\/p>\n\n<h2 class=\"wp-block-heading\">Besondere und\/oder sensible personenbezogene Daten, die wir verarbeiten<\/h2>\n\n<p>Unsere Website und\/oder unser Dienst beabsichtigt nicht, Daten von Website-Besuchern unter 16 Jahren zu sammeln. Es sei denn, sie haben die Zustimmung der Eltern oder Erziehungsberechtigten. Wir k\u00f6nnen jedoch nicht \u00fcberpr\u00fcfen, ob ein Besucher \u00e4lter als 16 Jahre ist. Wir empfehlen Eltern daher, sich an den Online-Aktivit\u00e4ten ihrer Kinder zu beteiligen, um zu verhindern, dass Daten \u00fcber Kinder ohne elterliche Zustimmung gesammelt werden. Wenn Sie davon \u00fcberzeugt sind, dass wir ohne diese Zustimmung personenbezogene Daten \u00fcber einen Minderj\u00e4hrigen gesammelt haben, kontaktieren Sie uns bitte unter support@coersonline.nl, dann werden wir diese Informationen entfernen.    <\/p>\n\n<h2 class=\"wp-block-heading\">Zu welchem Zweck und auf welcher Rechtsgrundlage wir personenbezogene Daten verarbeiten<\/h2>\n\n<p>Ahlmann verarbeitet Ihre personenbezogenen Daten zu folgenden Zwecken:- Abwicklung Ihrer Zahlung- Versand unseres Newsletters und\/oder Werbeprospekts- Um Sie anrufen oder per E-Mail kontaktieren zu k\u00f6nnen, falls dies zur Erbringung unserer Dienstleistungen erforderlich ist- Um Ihnen die M\u00f6glichkeit zu bieten, ein Konto zu erstellen- Zur Lieferung von Waren und Dienstleistungen an Sie- Ahlmann analysiert Ihr Verhalten auf der Website, um die Website zu verbessern und das Angebot an Produkten und Dienstleistungen auf Ihre Pr\u00e4ferenzen abzustimmen.- Ahlmann verfolgt Ihr Surfverhalten auf verschiedenen Websites, um unsere Produkte und Dienstleistungen an Ihre Bed\u00fcrfnisse anzupassen.- Ahlmann verarbeitet auch personenbezogene Daten, wenn wir gesetzlich dazu verpflichtet sind, wie z. B. Daten, die wir f\u00fcr unsere Steuererkl\u00e4rung ben\u00f6tigen.<\/p>\n\n<h2 class=\"wp-block-heading\">Automatisierte Entscheidungsfindung<\/h2>\n\n<p>Ahlmann trifft #responsibility Entscheidungen auf der Grundlage automatisierter Verarbeitungen \u00fcber Angelegenheiten, die (erhebliche) Auswirkungen auf Personen haben k\u00f6nnen. Dabei handelt es sich um Entscheidungen, die von Computerprogrammen oder -systemen getroffen werden, ohne dass ein Mensch (z. B. ein Mitarbeiter von Ahlmann) daran beteiligt ist. Ahlmann verwendet die folgenden Computerprogramme oder -systeme: #use_explanation  <\/p>\n\n<h2 class=\"wp-block-heading\">Wie lange wir personenbezogene Daten speichern<\/h2>\n\n<p>Ahlmann speichert Ihre personenbezogenen Daten nicht l\u00e4nger als unbedingt erforderlich, um die Zwecke zu erf\u00fcllen, f\u00fcr die Ihre Daten erhoben werden. Wir verwenden die folgenden Aufbewahrungsfristen f\u00fcr die folgenden (Kategorien von) personenbezogenen Daten: #retention_periodAhlmann verkauft Ihre Daten nicht an Dritte und gibt diese nur weiter, wenn dies zur Erf\u00fcllung unseres Vertrages mit Ihnen oder zur Einhaltung einer gesetzlichen Verpflichtung erforderlich ist. Mit Unternehmen, die Ihre Daten in unserem Auftrag verarbeiten, schlie\u00dfen wir einen Auftragsverarbeitungsvertrag ab, um das gleiche Niveau an Sicherheit und Vertraulichkeit Ihrer Daten zu gew\u00e4hrleisten. Ahlmann bleibt f\u00fcr diese Verarbeitungen verantwortlich.   <\/p>\n\n<h2 class=\"wp-block-heading\">Weitergabe personenbezogener Daten an Dritte<\/h2>\n\n<p>Ahlmann gibt Ihre personenbezogenen Daten an verschiedene Dritte weiter, wenn dies zur Erf\u00fcllung des Vertrages und zur Einhaltung einer etwaigen gesetzlichen Verpflichtung erforderlich ist. Mit Unternehmen, die Ihre Daten in unserem Auftrag verarbeiten, schlie\u00dfen wir einen Auftragsverarbeitungsvertrag ab, um das gleiche Niveau an Sicherheit und Vertraulichkeit Ihrer Daten zu gew\u00e4hrleisten. Ahlmann bleibt f\u00fcr diese Verarbeitungen verantwortlich. Dar\u00fcber hinaus gibt Ahlmann Ihre personenbezogenen Daten an weitere Dritte weiter. Dies geschieht nur mit Ihrer ausdr\u00fccklichen Zustimmung.    <\/p>\n\n<h2 class=\"wp-block-heading\">Cookies oder \u00e4hnliche Technologien, die wir verwenden<\/h2>\n\n<p>Ahlmann verwendet funktionale, analytische und Tracking-Cookies. Ein Cookie ist eine kleine Textdatei, die beim ersten Besuch dieser Website im Browser Ihres Computers, Tablets oder Smartphones gespeichert wird. Ahlmann verwendet Cookies mit rein technischer Funktionalit\u00e4t. Diese sorgen daf\u00fcr, dass die Website ordnungsgem\u00e4\u00df funktioniert und beispielsweise Ihre bevorzugten Einstellungen gespeichert werden. Diese Cookies werden auch verwendet, um die Website gut funktionieren zu lassen und sie optimieren zu k\u00f6nnen. Dar\u00fcber hinaus setzen wir Cookies ein, die Ihr Surfverhalten verfolgen, damit wir ma\u00dfgeschneiderte Inhalte und Anzeigen anbieten k\u00f6nnen. Bei Ihrem ersten Besuch auf unserer Website haben wir Sie bereits \u00fcber diese Cookies informiert und um Ihre Zustimmung zur Platzierung gebeten. Sie k\u00f6nnen Cookies ablehnen, indem Sie Ihren Internetbrowser so einstellen, dass er keine Cookies mehr speichert. Dar\u00fcber hinaus k\u00f6nnen Sie auch alle zuvor gespeicherten Informationen \u00fcber die Einstellungen Ihres Browsers l\u00f6schen. Eine Erl\u00e4uterung finden Sie unter: https:\/\/veiliginternetten.nl\/themes\/situatie\/cookies-wat-zijn-het-en-wat-doe-ik-ermee\/Auf dieser Website werden auch Cookies von Dritten platziert. Dies sind beispielsweise Werbetreibende und\/oder Social-Media-Unternehmen.           <\/p>\n\n<figure class=\"wp-block-table\"><table><tbody><tr><td>Name<\/td><td>Ablaufdatum (basierend auf Sitzung vom 25.07.2022)<\/td><\/tr><tr><td>vchideactivationmsg_vc11<\/td><td>2022-08-20T07:21:40.000Z<\/td><\/tr><tr><td>wordpress_sec_a96082ac9f8cbe8d6f4030e318be889a<\/td><td>Sitzung<\/td><\/tr><tr><td>wpml_browser_redirect_test<\/td><td>Sitzung<\/td><\/tr><tr><td>_ga_736LGP1LSR<\/td><td>2024-07-24T09:51:12.000Z<\/td><\/tr><tr><td>woocommerce_items_in_cart<\/td><td> Sitzung <\/td><\/tr><tr><td>wordpress_logged_in_a96082ac9f8cbe8d6f4030e318be889a<\/td><td> Sitzung <\/td><\/tr><tr><td>_gid<\/td><td>2022-07-26T09:44:02.000Z<\/td><\/tr><tr><td>woocommerce_cart_hash<\/td><td> Sitzung <\/td><\/tr><tr><td>wp-wpml_current_admin_language_d41d8cd98f00b204e9800998ecf8427e<\/td><td>2022-07-26T09:44:42.102Z<\/td><\/tr><tr><td>wp_woocommerce_session_a96082ac9f8cbe8d6f4030e318be889a<\/td><td>2022-07-27T09:44:47.573Z<\/td><\/tr><tr><td>_icl_visitor_lang_js<\/td><td>2022-07-26T09:43:14.000Z<\/td><\/tr><tr><td>_ga<\/td><td>2024-07-24T09:51:12.000Z<\/td><\/tr><tr><td>cookie_notice_accepted<\/td><td>2022-08-20T07:21:23.000Z<\/td><\/tr><tr><td>tk_ai<\/td><td> Sitzung <\/td><\/tr><tr><td>wp-settings-time-1<\/td><td>2023-06-23T13:27:52.120Z<\/td><\/tr><tr><td>wordpress_sec_a96082ac9f8cbe8d6f4030e318be889a<\/td><td> Sitzung <\/td><\/tr><tr><td>wp-settings-1<\/td><td>2023-06-23T13:27:52.120Z<\/td><\/tr><tr><td>_ga_KN12GVZDES<\/td><td>2024-06-22T13:26:30.000Z<\/td><\/tr><tr><td>wp-wpml_current_language<\/td><td>2022-07-26T09:46:36.298Z<\/td><\/tr><tr><td>wordpress_test_cookie<\/td><td> Sitzung <\/td><\/tr><\/tbody><\/table><\/figure>\n\n<h2 class=\"wp-block-heading\">Daten einsehen, anpassen oder l\u00f6schen<\/h2>\n\n<p>Sie haben das Recht, Ihre personenbezogenen Daten einzusehen, zu korrigieren oder zu l\u00f6schen. Dies k\u00f6nnen Sie selbst \u00fcber die pers\u00f6nlichen Einstellungen Ihres Kontos tun. Dar\u00fcber hinaus haben Sie das Recht, Ihre eventuelle Einwilligung zur Datenverarbeitung zu widerrufen oder Widerspruch gegen die Verarbeitung Ihrer personenbezogenen Daten durch unser Unternehmen einzulegen, und Sie haben das Recht auf Daten\u00fcbertragbarkeit. Das bedeutet, dass Sie bei uns einen Antrag stellen k\u00f6nnen, die personenbezogenen Daten, die wir \u00fcber Sie gespeichert haben, in einer Computerdatei an Sie oder eine andere von Ihnen benannte Organisation zu senden. Wenn Sie von Ihrem Widerspruchsrecht und\/oder Ihrem Recht auf Daten\u00fcbertragbarkeit Gebrauch machen m\u00f6chten oder andere Fragen\/Anmerkungen zur Datenverarbeitung haben, senden Sie bitte eine detaillierte Anfrage an support@coersonline.nl. Um sicherzustellen, dass der Antrag auf Einsichtnahme von Ihnen gestellt wurde, bitten wir Sie, eine Kopie Ihres Ausweises mit dem Antrag einzusenden. Schw\u00e4rzen Sie auf dieser Kopie Ihr Passfoto, die MRZ (Machine Readable Zone, der Nummernstreifen am unteren Rand des Reisepasses), die Passnummer und die B\u00fcrgerservicenummer (BSN). Dies dient dem Schutz Ihrer Privatsph\u00e4re. Ahlmann wird so schnell wie m\u00f6glich, jedoch sp\u00e4testens innerhalb von vier Wochen, auf Ihre Anfrage reagieren. Ahlmann m\u00f6chte Sie auch darauf hinweisen, dass Sie die M\u00f6glichkeit haben, eine Beschwerde bei der nationalen Aufsichtsbeh\u00f6rde, der Autoriteit Persoonsgegevens, einzureichen. Dies kann \u00fcber den folgenden Link erfolgen: https:\/\/autoriteitpersoonsgegevens.nl\/nl\/contact-met-de-autoriteit-persoonsgegevens\/tip-ons          <\/p>\n\n<h2 class=\"wp-block-heading\">Wie wir personenbezogene Daten sichern<\/h2>\n\n<p>Ahlmann nimmt den Schutz Ihrer Daten ernst und ergreift geeignete Ma\u00dfnahmen, um Missbrauch, Verlust, unbefugten Zugriff, unerw\u00fcnschte Offenlegung und unbefugte \u00c4nderung zu verhindern. Wenn Sie den Eindruck haben, dass Ihre Daten nicht ausreichend gesichert sind oder es Anzeichen f\u00fcr Missbrauch gibt, wenden Sie sich bitte an unseren Kundenservice oder an support@coersonline.nl <\/p>\n","protected":false},"excerpt":{"rendered":"<p>Datenschutzerkl\u00e4rung Ahlmann, mit Sitz in Onderwaard 11, 5324 JV AMMERZODEN, ist verantwortlich f\u00fcr die Verarbeitung personenbezogener Daten, wie in dieser Datenschutzerkl\u00e4rung dargelegt. Kontaktdaten: Onderwaard 11, 5324 JV AMMERZODEN +31 73 599 77 55 Der Datenschutzbeauftragte von Ahlmann ist \u00fcber support@coersonline.nl zu erreichen. Personenbezogene Daten, die wir verarbeiten Ahlmann verarbeitet Ihre personenbezogenen Daten, weil Sie unsere [&#8230;]\n","protected":false},"author":1,"featured_media":0,"parent":0,"menu_order":0,"comment_status":"closed","ping_status":"closed","template":"","meta":{"_acf_changed":false,"_monsterinsights_skip_tracking":false,"_monsterinsights_sitenote_active":false,"_monsterinsights_sitenote_note":"","_monsterinsights_sitenote_category":0,"footnotes":""},"class_list":["post-2520","page","type-page","status-publish","hentry"],"acf":[],"_links":{"self":[{"href":"https:\/\/shop.ahlmann.nl\/de\/wp-json\/wp\/v2\/pages\/2520","targetHints":{"allow":["GET"]}}],"collection":[{"href":"https:\/\/shop.ahlmann.nl\/de\/wp-json\/wp\/v2\/pages"}],"about":[{"href":"https:\/\/shop.ahlmann.nl\/de\/wp-json\/wp\/v2\/types\/page"}],"author":[{"embeddable":true,"href":"https:\/\/shop.ahlmann.nl\/de\/wp-json\/wp\/v2\/users\/1"}],"replies":[{"embeddable":true,"href":"https:\/\/shop.ahlmann.nl\/de\/wp-json\/wp\/v2\/comments?post=2520"}],"version-history":[{"count":4,"href":"https:\/\/shop.ahlmann.nl\/de\/wp-json\/wp\/v2\/pages\/2520\/revisions"}],"predecessor-version":[{"id":4926,"href":"https:\/\/shop.ahlmann.nl\/de\/wp-json\/wp\/v2\/pages\/2520\/revisions\/4926"}],"wp:attachment":[{"href":"https:\/\/shop.ahlmann.nl\/de\/wp-json\/wp\/v2\/media?parent=2520"}],"curies":[{"name":"wp","href":"https:\/\/api.w.org\/{rel}","templated":true}]}}