{"id":2495,"date":"2020-03-31T12:20:35","date_gmt":"2020-03-31T12:20:35","guid":{"rendered":"https:\/\/shop.ahlmann.nl\/geschaeftsbedingungen\/"},"modified":"2025-11-06T13:27:44","modified_gmt":"2025-11-06T13:27:44","slug":"algemene-voorwaarden","status":"publish","type":"page","link":"https:\/\/shop.ahlmann.nl\/de\/algemene-voorwaarden\/","title":{"rendered":"Allgemeine Gesch\u00e4ftsbedingungen"},"content":{"rendered":"\n<h2 class=\"wp-block-heading\">Allgemeine Gesch\u00e4ftsbedingungen<\/h2>\n\n<ol class=\"wp-block-list\">\n<li>Diese Allgemeinen Gesch\u00e4ftsbedingungen gelten ausschlie\u00dflich f\u00fcr alle \u00fcber den AhlmannShop zustande gekommenen Vertr\u00e4ge zwischen Ahlmann Nederland B.V. und dem Verbraucher. F\u00fcr unsere \u00fcbrigen Dienstleistungen und Lieferungen gelten unsere Allgemeinen Liefer- und Zahlungsbedingungen.  <\/li>\n\n\n\n<li>Die von uns angegebenen Preise sind Bruttopreise, inklusive Umsatzsteuer und basieren auf der Lieferung ab unserem Lager\/Betrieb, sofern nicht schriftlich anders vereinbart.<\/li>\n\n\n\n<li>Sofern nicht schriftlich anders vereinbart, ist der Kauf immer im Voraus mittels iDeal oder Kreditkarte zu bezahlen.<\/li>\n\n\n\n<li>Die von uns angegebenen Preise sind Bruttopreise, inklusive Umsatzsteuer und basieren auf der Lieferung ab unserem Lager\/Betrieb, sofern nicht schriftlich anders vereinbart.<\/li>\n\n\n\n<li>Sie haben das Recht, Ihre Bestellung bis zu 14 Tage nach Erhalt ohne Angabe von Gr\u00fcnden zu stornieren. Nach der Stornierung haben Sie weitere 14 Tage Zeit, Ihr Produkt zur\u00fcckzusenden. Der Bestellbetrag abz\u00fcglich der Versandkosten wird Ihnen dann gutgeschrieben. Die Kosten f\u00fcr die R\u00fccksendung von Ihnen nach Hause an den Webshop gehen zu Ihren Lasten. Diese Kosten belaufen sich auf ca. 6,95 \u20ac pro Paket; die genauen Tarife entnehmen Sie bitte der Website Ihres Spediteurs. Wenn Sie von Ihrem Widerrufsrecht Gebrauch machen, ist das Produkt mit allem gelieferten Zubeh\u00f6r und \u2013 sofern zumutbar \u2013 im Originalzustand und in der Originalverpackung an Ahlmann Nederland zur\u00fcckzusenden. Um dieses Recht auszu\u00fcben, k\u00f6nnen Sie uns \u00fcber webshop@ahlmann.nl kontaktieren. Wir werden Ihnen den geschuldeten Bestellbetrag innerhalb von 14 Tagen nach Anmeldung Ihrer R\u00fccksendung zur\u00fcckerstatten, vorausgesetzt, das Produkt wurde bereits in einwandfreiem Zustand zur\u00fcckerhalten.        <\/li>\n<\/ol>\n\n<div class=\"wp-block-buttons is-layout-flex wp-block-buttons-is-layout-flex\">\n<div class=\"wp-block-button\"><a class=\"wp-block-button__link wp-element-button\" href=\"https:\/\/www.ser.nl\/nl\/thema\/consumentenvoorwaarden\/~\/-\/media\/6A9BF2BCF4664C99B107558339825160.ashx\" target=\"_blank\" rel=\"noreferrer noopener\">Vollst\u00e4ndige Allgemeine Gesch\u00e4ftsbedingungen<\/a><\/div>\n<\/div>\n","protected":false},"excerpt":{"rendered":"<p>Allgemeine Gesch\u00e4ftsbedingungen<\/p>\n","protected":false},"author":1,"featured_media":759,"parent":0,"menu_order":0,"comment_status":"closed","ping_status":"closed","template":"","meta":{"_acf_changed":false,"_monsterinsights_skip_tracking":false,"_monsterinsights_sitenote_active":false,"_monsterinsights_sitenote_note":"","_monsterinsights_sitenote_category":0,"footnotes":""},"class_list":["post-2495","page","type-page","status-publish","has-post-thumbnail","hentry"],"acf":[],"_links":{"self":[{"href":"https:\/\/shop.ahlmann.nl\/de\/wp-json\/wp\/v2\/pages\/2495","targetHints":{"allow":["GET"]}}],"collection":[{"href":"https:\/\/shop.ahlmann.nl\/de\/wp-json\/wp\/v2\/pages"}],"about":[{"href":"https:\/\/shop.ahlmann.nl\/de\/wp-json\/wp\/v2\/types\/page"}],"author":[{"embeddable":true,"href":"https:\/\/shop.ahlmann.nl\/de\/wp-json\/wp\/v2\/users\/1"}],"replies":[{"embeddable":true,"href":"https:\/\/shop.ahlmann.nl\/de\/wp-json\/wp\/v2\/comments?post=2495"}],"version-history":[{"count":5,"href":"https:\/\/shop.ahlmann.nl\/de\/wp-json\/wp\/v2\/pages\/2495\/revisions"}],"predecessor-version":[{"id":4909,"href":"https:\/\/shop.ahlmann.nl\/de\/wp-json\/wp\/v2\/pages\/2495\/revisions\/4909"}],"wp:featuredmedia":[{"embeddable":true,"href":"https:\/\/shop.ahlmann.nl\/de\/wp-json\/wp\/v2\/media\/759"}],"wp:attachment":[{"href":"https:\/\/shop.ahlmann.nl\/de\/wp-json\/wp\/v2\/media?parent=2495"}],"curies":[{"name":"wp","href":"https:\/\/api.w.org\/{rel}","templated":true}]}}