{"id":2462,"date":"2020-03-31T12:47:33","date_gmt":"2020-03-31T12:47:33","guid":{"rendered":"https:\/\/shop.ahlmann.nl\/haftungsausschluss\/"},"modified":"2025-11-06T13:28:43","modified_gmt":"2025-11-06T13:28:43","slug":"disclaimer","status":"publish","type":"page","link":"https:\/\/shop.ahlmann.nl\/de\/disclaimer\/","title":{"rendered":"Haftungsausschluss"},"content":{"rendered":"\n<h2 class=\"wp-block-heading\">Haftungsausschluss<\/h2>\n\n<p>Der Ahlmann Shop wurde mit Sorgfalt zusammengestellt. Die Informationen k\u00f6nnen jederzeit aufgrund von Entwicklungen oder ge\u00e4nderten Erkenntnissen ge\u00e4ndert oder erg\u00e4nzt werden. Ahlmann Niederlande kann daher keine Verantwortung und Haftung f\u00fcr die Nutzung der Informationen auf dieser Website \u00fcbernehmen.<\/p>\n","protected":false},"excerpt":{"rendered":"<p>Haftungsausschluss Der Ahlmann Shop wurde mit Sorgfalt zusammengestellt. Die Informationen k\u00f6nnen jederzeit aufgrund von Entwicklungen oder ge\u00e4nderten Erkenntnissen ge\u00e4ndert oder erg\u00e4nzt werden. Ahlmann Niederlande kann daher keine Verantwortung und Haftung f\u00fcr die Nutzung der Informationen auf dieser Website \u00fcbernehmen.<\/p>\n","protected":false},"author":1,"featured_media":0,"parent":0,"menu_order":0,"comment_status":"closed","ping_status":"closed","template":"","meta":{"_acf_changed":false,"_monsterinsights_skip_tracking":false,"_monsterinsights_sitenote_active":false,"_monsterinsights_sitenote_note":"","_monsterinsights_sitenote_category":0,"footnotes":""},"class_list":["post-2462","page","type-page","status-publish","hentry"],"acf":[],"_links":{"self":[{"href":"https:\/\/shop.ahlmann.nl\/de\/wp-json\/wp\/v2\/pages\/2462","targetHints":{"allow":["GET"]}}],"collection":[{"href":"https:\/\/shop.ahlmann.nl\/de\/wp-json\/wp\/v2\/pages"}],"about":[{"href":"https:\/\/shop.ahlmann.nl\/de\/wp-json\/wp\/v2\/types\/page"}],"author":[{"embeddable":true,"href":"https:\/\/shop.ahlmann.nl\/de\/wp-json\/wp\/v2\/users\/1"}],"replies":[{"embeddable":true,"href":"https:\/\/shop.ahlmann.nl\/de\/wp-json\/wp\/v2\/comments?post=2462"}],"version-history":[{"count":6,"href":"https:\/\/shop.ahlmann.nl\/de\/wp-json\/wp\/v2\/pages\/2462\/revisions"}],"predecessor-version":[{"id":4940,"href":"https:\/\/shop.ahlmann.nl\/de\/wp-json\/wp\/v2\/pages\/2462\/revisions\/4940"}],"wp:attachment":[{"href":"https:\/\/shop.ahlmann.nl\/de\/wp-json\/wp\/v2\/media?parent=2462"}],"curies":[{"name":"wp","href":"https:\/\/api.w.org\/{rel}","templated":true}]}}